{"id":11796,"date":"2020-09-18T11:53:57","date_gmt":"2020-09-18T14:53:57","guid":{"rendered":"https:\/\/lmprodutosnaturais.com.br\/loja\/?post_type=product&#038;p=11796"},"modified":"2026-04-01T15:42:13","modified_gmt":"2026-04-01T18:42:13","slug":"cloreto-de-magnesio-60-caps-plant-ervas-lm","status":"publish","type":"product","link":"https:\/\/lmprodutosnaturais.com.br\/loja\/produto\/cloreto-de-magnesio-60-caps-plant-ervas-lm\/","title":{"rendered":"CLORETO DE MAGNESIO 60 CAPS PLANT ERVAS LM"},"content":{"rendered":"<p>Suplemento Mineral \u00e0 base de Cloreto de magn\u00e9sio PA, de absor\u00e7\u00e3o r\u00e1pida e eficaz. Auxilia no bom funcionamento do organismo, tem papel importante na fixa\u00e7\u00e3o do c\u00e1lcio nos ossos.<\/p>\n<h3 class=\"wp-block-heading\">Recomenda\u00e7\u00e3o de uso:<\/h3>\n<p>Ingerir 02 c\u00e1psulas ao dia, preferencialmente antes das refei\u00e7\u00f5es. N\u00e3o consumir mais que 02 c\u00e1psulas ao dia.<\/p>\n<h3 class=\"wp-block-heading\">Informa\u00e7\u00e3o nutricional:<\/h3>\n<p>Magn\u00e9sio 260 mg (62% VD*)<br \/>\n* Percentual de valores di\u00e1rios fornecidos pela por\u00e7\u00e3o<\/p>\n<h3 class=\"wp-block-heading\">Ingredientes:<\/h3>\n<p>Cloreto de Magn\u00e9sio, Silicato de Magn\u00e9sio (INS 553i), Di\u00f3xido de Sil\u00edcio (INS 551).<\/p>\n<h3 class=\"wp-block-heading\">Composi\u00e7\u00e3o da c\u00e1psula:<\/h3>\n<p>Gelatina.<\/p>\n","protected":false},"excerpt":{"rendered":"<p>Suplemento Mineral \u00e0 base de Cloreto de magn\u00e9sio PA, de absor\u00e7\u00e3o r\u00e1pida e eficaz. Auxilia no bom funcionamento do organismo, tem papel importante na fixa\u00e7\u00e3o do c\u00e1lcio nos ossos. Recomenda\u00e7\u00e3o de uso: Ingerir 02 c\u00e1psulas ao dia, preferencialmente antes das &hellip; <a href=\"https:\/\/lmprodutosnaturais.com.br\/loja\/produto\/cloreto-de-magnesio-60-caps-plant-ervas-lm\/\">Readmore<\/a><\/p>\n","protected":false},"featured_media":17754,"template":"","meta":{"_bbp_topic_count":0,"_bbp_reply_count":0,"_bbp_total_topic_count":0,"_bbp_total_reply_count":0,"_bbp_voice_count":0,"_bbp_anonymous_reply_count":0,"_bbp_topic_count_hidden":0,"_bbp_reply_count_hidden":0,"_bbp_forum_subforum_count":0},"product_brand":[],"product_cat":[377,429],"product_tag":[527],"class_list":{"0":"post-11796","1":"product","2":"type-product","3":"status-publish","4":"has-post-thumbnail","6":"product_cat-plant-ervas","7":"product_cat-promocoes","8":"product_tag-cloreto-de-magnesio","10":"first","11":"instock","12":"sale","13":"shipping-taxable","14":"purchasable","15":"product-type-simple"},"_links":{"self":[{"href":"https:\/\/lmprodutosnaturais.com.br\/loja\/wp-json\/wp\/v2\/product\/11796","targetHints":{"allow":["GET"]}}],"collection":[{"href":"https:\/\/lmprodutosnaturais.com.br\/loja\/wp-json\/wp\/v2\/product"}],"about":[{"href":"https:\/\/lmprodutosnaturais.com.br\/loja\/wp-json\/wp\/v2\/types\/product"}],"wp:featuredmedia":[{"embeddable":true,"href":"https:\/\/lmprodutosnaturais.com.br\/loja\/wp-json\/wp\/v2\/media\/17754"}],"wp:attachment":[{"href":"https:\/\/lmprodutosnaturais.com.br\/loja\/wp-json\/wp\/v2\/media?parent=11796"}],"wp:term":[{"taxonomy":"product_brand","embeddable":true,"href":"https:\/\/lmprodutosnaturais.com.br\/loja\/wp-json\/wp\/v2\/product_brand?post=11796"},{"taxonomy":"product_cat","embeddable":true,"href":"https:\/\/lmprodutosnaturais.com.br\/loja\/wp-json\/wp\/v2\/product_cat?post=11796"},{"taxonomy":"product_tag","embeddable":true,"href":"https:\/\/lmprodutosnaturais.com.br\/loja\/wp-json\/wp\/v2\/product_tag?post=11796"}],"curies":[{"name":"wp","href":"https:\/\/api.w.org\/{rel}","templated":true}]}}