{"id":12590,"date":"2020-10-07T14:17:24","date_gmt":"2020-10-07T17:17:24","guid":{"rendered":"https:\/\/lmprodutosnaturais.com.br\/loja\/?post_type=product&#038;p=12590"},"modified":"2026-04-02T11:34:16","modified_gmt":"2026-04-02T14:34:16","slug":"sabonete-int-a-do-br-aroeira-200ml-bio-instinto","status":"publish","type":"product","link":"https:\/\/lmprodutosnaturais.com.br\/loja\/produto\/sabonete-int-a-do-br-aroeira-200ml-bio-instinto\/","title":{"rendered":"SABONETE INT. A. DO BR. AROEIRA 200ML BIO INSTINTO"},"content":{"rendered":"<section class=\"elementor-section elementor-top-section elementor-element elementor-element-d114a0a elementor-section-boxed elementor-section-height-default elementor-section-height-default wd-section-disabled\" data-id=\"d114a0a\" data-element_type=\"section\" data-settings=\"{&quot;enabled_visibility&quot;:&quot;yes&quot;,&quot;_ha_eqh_enable&quot;:false}\">\n<div class=\"elementor-container elementor-column-gap-default\">\n<div class=\"elementor-column elementor-col-50 elementor-top-column elementor-element elementor-element-9064f0b\" data-id=\"9064f0b\" data-element_type=\"column\">\n<div class=\"elementor-widget-wrap elementor-element-populated\">\n<div class=\"elementor-element elementor-element-085b18c elementor-widget elementor-widget-heading\" data-id=\"085b18c\" data-element_type=\"widget\" data-widget_type=\"heading.default\">\n<div class=\"elementor-widget-container\">\n<h2 class=\"elementor-heading-title elementor-size-default\">INDICA\u00c7\u00d5ES<\/h2>\n<\/div>\n<\/div>\n<\/div>\n<\/div>\n<div class=\"elementor-column elementor-col-50 elementor-top-column elementor-element elementor-element-4e94b39\" data-id=\"4e94b39\" data-element_type=\"column\">\n<div class=\"elementor-widget-wrap elementor-element-populated\">\n<div class=\"elementor-element elementor-element-f8ae9c5 color-scheme-inherit text-left elementor-widget elementor-widget-text-editor\" data-id=\"f8ae9c5\" data-element_type=\"widget\" data-widget_type=\"text-editor.default\">\n<div class=\"elementor-widget-container\">Ideal para o uso di\u00e1rio, durante o per\u00edodo menstrual e ap\u00f3s depila\u00e7\u00f5es.<\/div>\n<\/div>\n<\/div>\n<\/div>\n<\/div>\n<\/section>\n<section class=\"elementor-section elementor-top-section elementor-element elementor-element-eb2dfab elementor-section-boxed elementor-section-height-default elementor-section-height-default wd-section-disabled\" data-id=\"eb2dfab\" data-element_type=\"section\" data-settings=\"{&quot;enabled_visibility&quot;:&quot;yes&quot;,&quot;_ha_eqh_enable&quot;:false}\">\n<div class=\"elementor-container elementor-column-gap-default\">\n<div class=\"elementor-column elementor-col-50 elementor-top-column elementor-element elementor-element-bb3fb75\" data-id=\"bb3fb75\" data-element_type=\"column\">\n<div class=\"elementor-widget-wrap elementor-element-populated\">\n<div class=\"elementor-element elementor-element-d89ee91 elementor-widget elementor-widget-heading\" data-id=\"d89ee91\" data-element_type=\"widget\" data-widget_type=\"heading.default\">\n<div class=\"elementor-widget-container\">\n<h2 class=\"elementor-heading-title elementor-size-default\">INFORMA\u00c7\u00d5ES<\/h2>\n<\/div>\n<\/div>\n<\/div>\n<\/div>\n<div class=\"elementor-column elementor-col-50 elementor-top-column elementor-element elementor-element-acb8559\" data-id=\"acb8559\" data-element_type=\"column\">\n<div class=\"elementor-widget-wrap elementor-element-populated\">\n<div class=\"elementor-element elementor-element-ed44d73 color-scheme-inherit text-left elementor-widget elementor-widget-text-editor\" data-id=\"ed44d73\" data-element_type=\"widget\" data-widget_type=\"text-editor.default\">\n<div class=\"elementor-widget-container\">Este produto possui f\u00f3rmula ginecologicamente testada e aprovada; Restrito ao uso por gestantes; Aplique somente na regi\u00e3o externa do \u00f3rg\u00e3o genital; N\u00e3o aplique pr\u00f3ximo aos olhos; N\u00e3o aplicar em locais onde a pele estiver lesionada, irritada; O excesso do produto pode ser fonte de irrita\u00e7\u00e3o genital; Em caso de irrita\u00e7\u00e3o, suspender o uso e procurar a orienta\u00e7\u00e3o m\u00e9dica.<\/div>\n<\/div>\n<\/div>\n<\/div>\n<\/div>\n<\/section>\n<section class=\"elementor-section elementor-top-section elementor-element elementor-element-8198039 elementor-section-boxed elementor-section-height-default elementor-section-height-default wd-section-disabled\" data-id=\"8198039\" data-element_type=\"section\" data-settings=\"{&quot;enabled_visibility&quot;:&quot;yes&quot;,&quot;_ha_eqh_enable&quot;:false}\">\n<div class=\"elementor-container elementor-column-gap-default\">\n<div class=\"elementor-column elementor-col-50 elementor-top-column elementor-element elementor-element-580c195\" data-id=\"580c195\" data-element_type=\"column\">\n<div class=\"elementor-widget-wrap elementor-element-populated\">\n<div class=\"elementor-element elementor-element-bbb57ec elementor-widget elementor-widget-heading\" data-id=\"bbb57ec\" data-element_type=\"widget\" data-widget_type=\"heading.default\">\n<div class=\"elementor-widget-container\">\n<h2 class=\"elementor-heading-title elementor-size-default\">MODO DE USO<\/h2>\n<\/div>\n<\/div>\n<\/div>\n<\/div>\n<div class=\"elementor-column elementor-col-50 elementor-top-column elementor-element elementor-element-9a9dcaf\" data-id=\"9a9dcaf\" data-element_type=\"column\">\n<div class=\"elementor-widget-wrap elementor-element-populated\">\n<div class=\"elementor-element elementor-element-7190a8a color-scheme-inherit text-left elementor-widget elementor-widget-text-editor\" data-id=\"7190a8a\" data-element_type=\"widget\" data-widget_type=\"text-editor.default\">\n<div class=\"elementor-widget-container\">Aplique o sabonete \u00edntimo Aromas do Brasil na regi\u00e3o genital externa, com movimentos suaves, at\u00e9 obter espuma. Enx\u00e1gue em seguida.<\/div>\n<\/div>\n<\/div>\n<\/div>\n<\/div>\n<\/section>\n<section class=\"elementor-section elementor-top-section elementor-element elementor-element-83c9aaa elementor-section-boxed elementor-section-height-default elementor-section-height-default wd-section-disabled\" data-id=\"83c9aaa\" data-element_type=\"section\" data-settings=\"{&quot;enabled_visibility&quot;:&quot;yes&quot;,&quot;_ha_eqh_enable&quot;:false}\">\n<div class=\"elementor-container elementor-column-gap-default\">\n<div class=\"elementor-column elementor-col-50 elementor-top-column elementor-element elementor-element-e239865\" data-id=\"e239865\" data-element_type=\"column\">\n<div class=\"elementor-widget-wrap elementor-element-populated\">\n<div class=\"elementor-element elementor-element-aab5e39 elementor-widget elementor-widget-heading\" data-id=\"aab5e39\" data-element_type=\"widget\" data-widget_type=\"heading.default\">\n<div class=\"elementor-widget-container\">\n<h2 class=\"elementor-heading-title elementor-size-default\">FINALIDADE<\/h2>\n<\/div>\n<\/div>\n<\/div>\n<\/div>\n<div class=\"elementor-column elementor-col-50 elementor-top-column elementor-element elementor-element-9ac9d3a\" data-id=\"9ac9d3a\" data-element_type=\"column\">\n<div class=\"elementor-widget-wrap elementor-element-populated\">\n<div class=\"elementor-element elementor-element-9b87b55 color-scheme-inherit text-left elementor-widget elementor-widget-text-editor\" data-id=\"9b87b55\" data-element_type=\"widget\" data-widget_type=\"text-editor.default\">\n<div class=\"elementor-widget-container\"><\/div>\n<\/div>\n<\/div>\n<\/div>\n<\/div>\n<\/section>\n<section class=\"elementor-section elementor-top-section elementor-element elementor-element-1557e2d elementor-section-boxed elementor-section-height-default elementor-section-height-default wd-section-disabled\" data-id=\"1557e2d\" data-element_type=\"section\" data-settings=\"{&quot;enabled_visibility&quot;:&quot;yes&quot;,&quot;_ha_eqh_enable&quot;:false}\">\n<div class=\"elementor-container elementor-column-gap-default\">\n<div class=\"elementor-column elementor-col-50 elementor-top-column elementor-element elementor-element-e3cc3e2\" data-id=\"e3cc3e2\" data-element_type=\"column\">\n<div class=\"elementor-widget-wrap elementor-element-populated\">\n<div class=\"elementor-element elementor-element-147e53c elementor-widget elementor-widget-heading\" data-id=\"147e53c\" data-element_type=\"widget\" data-widget_type=\"heading.default\">\n<div class=\"elementor-widget-container\">\n<h2 class=\"elementor-heading-title elementor-size-default\">ADVERT\u00caNCIAS E RESTRI\u00c7\u00d5ES<\/h2>\n<\/div>\n<\/div>\n<\/div>\n<\/div>\n<div class=\"elementor-column elementor-col-50 elementor-top-column elementor-element elementor-element-4316b36\" data-id=\"4316b36\" data-element_type=\"column\">\n<div class=\"elementor-widget-wrap elementor-element-populated\">\n<div class=\"elementor-element elementor-element-69b64e7 color-scheme-inherit text-left elementor-widget elementor-widget-text-editor\" data-id=\"69b64e7\" data-element_type=\"widget\" data-widget_type=\"text-editor.default\">\n<div class=\"elementor-widget-container\"><\/div>\n<\/div>\n<\/div>\n<\/div>\n<\/div>\n<\/section>\n<section class=\"elementor-section elementor-top-section elementor-element elementor-element-f52f11e elementor-section-boxed elementor-section-height-default elementor-section-height-default wd-section-disabled\" data-id=\"f52f11e\" data-element_type=\"section\" data-settings=\"{&quot;enabled_visibility&quot;:&quot;yes&quot;,&quot;_ha_eqh_enable&quot;:false}\">\n<div class=\"elementor-container elementor-column-gap-default\">\n<div class=\"elementor-column elementor-col-50 elementor-top-column elementor-element elementor-element-5d236ab\" data-id=\"5d236ab\" data-element_type=\"column\">\n<div class=\"elementor-widget-wrap elementor-element-populated\">\n<div class=\"elementor-element elementor-element-4ff07fc elementor-widget elementor-widget-heading\" data-id=\"4ff07fc\" data-element_type=\"widget\" data-widget_type=\"heading.default\">\n<div class=\"elementor-widget-container\">\n<h2 class=\"elementor-heading-title elementor-size-default\">N\u00b0 DE PROCESSO &#8211; ANVISA<\/h2>\n<\/div>\n<\/div>\n<\/div>\n<\/div>\n<div class=\"elementor-column elementor-col-50 elementor-top-column elementor-element elementor-element-9026b50\" data-id=\"9026b50\" data-element_type=\"column\">\n<div class=\"elementor-widget-wrap elementor-element-populated\">\n<div class=\"elementor-element elementor-element-634c8b7 color-scheme-inherit text-left elementor-widget elementor-widget-text-editor\" data-id=\"634c8b7\" data-element_type=\"widget\" data-widget_type=\"text-editor.default\">\n<div class=\"elementor-widget-container\"><\/div>\n<\/div>\n<\/div>\n<\/div>\n<\/div>\n<\/section>\n<section class=\"elementor-section elementor-top-section elementor-element elementor-element-cd6a3fe elementor-section-boxed elementor-section-height-default elementor-section-height-default wd-section-disabled\" data-id=\"cd6a3fe\" data-element_type=\"section\" data-settings=\"{&quot;enabled_visibility&quot;:&quot;yes&quot;,&quot;_ha_eqh_enable&quot;:false}\">\n<div class=\"elementor-container elementor-column-gap-default\">\n<div class=\"elementor-column elementor-col-50 elementor-top-column elementor-element elementor-element-d4ff884\" data-id=\"d4ff884\" data-element_type=\"column\">\n<div class=\"elementor-widget-wrap elementor-element-populated\">\n<div class=\"elementor-element elementor-element-5505f29 elementor-widget elementor-widget-heading\" data-id=\"5505f29\" data-element_type=\"widget\" data-widget_type=\"heading.default\">\n<div class=\"elementor-widget-container\">\n<h2 class=\"elementor-heading-title elementor-size-default\">COMPOSI\u00c7\u00c3O<\/h2>\n<\/div>\n<\/div>\n<\/div>\n<\/div>\n<div class=\"elementor-column elementor-col-50 elementor-top-column elementor-element elementor-element-9270482\" data-id=\"9270482\" data-element_type=\"column\">\n<div class=\"elementor-widget-wrap elementor-element-populated\">\n<div class=\"elementor-element elementor-element-33b463e color-scheme-inherit text-left elementor-widget elementor-widget-text-editor\" data-id=\"33b463e\" data-element_type=\"widget\" data-widget_type=\"text-editor.default\">\n<div class=\"elementor-widget-container\">Sodium Laureth Sulfate, Cocoamidopropyl Betaine, Cocamide DEA, PEG 150 Distearate, Menthol, Disodium EDTA, Phenoxyethanol, Methylparaben, Ethylparaben, Propylparaben, Butylparaben, Citric Acid, Stryphnodendrom adstringens Bark Extract, Schinus Teribinthifolius seed extract , Anise Alcohol, Butylphenyl Methyl Propional, Alpha Isomethyl Ionone, Benzyl Salicylate, Benzyl Benzoate, Citral, Citronellol, d-Limonene, Geraniol, Eugenol, Coumarin, Hydroxycitronellal, Hexyl Cinnamal, Linalool, aqua, CI 16255, CI 42090, CI 19140.<\/div>\n<\/div>\n<\/div>\n<\/div>\n<\/div>\n<\/section>\n","protected":false},"excerpt":{"rendered":"<p>INDICA\u00c7\u00d5ES Ideal para o uso di\u00e1rio, durante o per\u00edodo menstrual e ap\u00f3s depila\u00e7\u00f5es. INFORMA\u00c7\u00d5ES Este produto possui f\u00f3rmula ginecologicamente testada e aprovada; Restrito ao uso por gestantes; Aplique somente na regi\u00e3o externa do \u00f3rg\u00e3o genital; N\u00e3o aplique pr\u00f3ximo aos olhos; &hellip; <a href=\"https:\/\/lmprodutosnaturais.com.br\/loja\/produto\/sabonete-int-a-do-br-aroeira-200ml-bio-instinto\/\">Readmore<\/a><\/p>\n","protected":false},"featured_media":11840,"template":"","meta":{"_bbp_topic_count":0,"_bbp_reply_count":0,"_bbp_total_topic_count":0,"_bbp_total_reply_count":0,"_bbp_voice_count":0,"_bbp_anonymous_reply_count":0,"_bbp_topic_count_hidden":0,"_bbp_reply_count_hidden":0,"_bbp_forum_subforum_count":0},"product_brand":[],"product_cat":[389],"product_tag":[],"class_list":{"0":"post-12590","1":"product","2":"type-product","3":"status-publish","4":"has-post-thumbnail","6":"product_cat-bio-instinto","8":"first","9":"instock","10":"shipping-taxable","11":"purchasable","12":"product-type-simple"},"_links":{"self":[{"href":"https:\/\/lmprodutosnaturais.com.br\/loja\/wp-json\/wp\/v2\/product\/12590","targetHints":{"allow":["GET"]}}],"collection":[{"href":"https:\/\/lmprodutosnaturais.com.br\/loja\/wp-json\/wp\/v2\/product"}],"about":[{"href":"https:\/\/lmprodutosnaturais.com.br\/loja\/wp-json\/wp\/v2\/types\/product"}],"wp:featuredmedia":[{"embeddable":true,"href":"https:\/\/lmprodutosnaturais.com.br\/loja\/wp-json\/wp\/v2\/media\/11840"}],"wp:attachment":[{"href":"https:\/\/lmprodutosnaturais.com.br\/loja\/wp-json\/wp\/v2\/media?parent=12590"}],"wp:term":[{"taxonomy":"product_brand","embeddable":true,"href":"https:\/\/lmprodutosnaturais.com.br\/loja\/wp-json\/wp\/v2\/product_brand?post=12590"},{"taxonomy":"product_cat","embeddable":true,"href":"https:\/\/lmprodutosnaturais.com.br\/loja\/wp-json\/wp\/v2\/product_cat?post=12590"},{"taxonomy":"product_tag","embeddable":true,"href":"https:\/\/lmprodutosnaturais.com.br\/loja\/wp-json\/wp\/v2\/product_tag?post=12590"}],"curies":[{"name":"wp","href":"https:\/\/api.w.org\/{rel}","templated":true}]}}