{"id":12639,"date":"2020-10-09T08:16:25","date_gmt":"2020-10-09T11:16:25","guid":{"rendered":"https:\/\/lmprodutosnaturais.com.br\/loja\/?post_type=product&#038;p=12639"},"modified":"2026-03-31T09:51:59","modified_gmt":"2026-03-31T12:51:59","slug":"cranberry-500mg-com-60-capsulas-muwiz","status":"publish","type":"product","link":"https:\/\/lmprodutosnaturais.com.br\/loja\/produto\/cranberry-500mg-com-60-capsulas-muwiz\/","title":{"rendered":"CRANBERRY 500MG COM 60 CAPSULAS MUWIZ"},"content":{"rendered":"<div class=\"elementor-element elementor-element-2cfadc8 elementor-widget elementor-widget-woocommerce-product-title elementor-page-title elementor-widget-heading\" data-id=\"2cfadc8\" data-element_type=\"widget\" data-widget_type=\"woocommerce-product-title.default\">\n<div class=\"elementor-widget-container\">\n<h1 class=\"product_title entry-title elementor-heading-title elementor-size-default\">CRANBERRY<\/h1>\n<\/div>\n<\/div>\n<div class=\"elementor-element elementor-element-d4eede4 elementor-widget elementor-widget-woocommerce-product-short-description\" data-id=\"d4eede4\" data-element_type=\"widget\" data-widget_type=\"woocommerce-product-short-description.default\">\n<div class=\"elementor-widget-container\">\n<div class=\"woocommerce-product-details__short-description\">\n<p><strong>Apresenta\u00e7\u00e3o: 500mg c\/ 60 c\u00e1psulas<\/strong><\/p>\n<p>Cranberry Muwiz \u00e9 um suplemento alimentar em c\u00e1psulas que auxilia no bom funcionamento do sistema urin\u00e1rio, contribuindo com o fluxo urin\u00e1rio. Estudos apontam sua efic\u00e1cia na preven\u00e7\u00e3o de infec\u00e7\u00f5es urin\u00e1rias.<\/p>\n<p><strong>Ingredientes:<\/strong>\u00a0Cranberry em p\u00f3 (Vaccinium macrocarpon). Composi\u00e7\u00e3o c\u00e1psula: Gelatina. N\u00c3O CONT\u00c9M GL\u00daTEN.<\/p>\n<p>Conservar ao abrigo da luz, calor e umidade.<br \/>\nAp\u00f3s aberto consumir em at\u00e9 60 dias.<\/p>\n<p>Produto indicado para o grupo populacional acima de 19 anos.<br \/>\nEste produto n\u00e3o \u00e9 um medicamento.<br \/>\nN\u00e3o exceder a recomenda\u00e7\u00e3o di\u00e1ria de consumo indicada na embalagem. Mantenha fora do alcance de crian\u00e7as.<br \/>\nEste produto n\u00e3o deve ser consumido por gestantes, lactantes e crian\u00e7as.<\/p>\n<p><strong>RECOMENDA\u00c7\u00c3O DE USO:<\/strong>\u00a0Consumir 01 c\u00e1psula ao dia.<\/p>\n<p>Produto dispensado de registro conforme RDC 240\/2018.<\/p>\n<p><img loading=\"lazy\" decoding=\"async\" class=\"alignnone size-medium wp-image-18938\" src=\"https:\/\/lmprodutosnaturais.com.br\/loja\/wp-content\/uploads\/2020\/10\/cranb-300x300.jpg\" alt=\"LM Distribuidora - Produtos Naturais\" width=\"300\" height=\"300\" title=\"LM Distribuidora - Produtos Naturais\" srcset=\"https:\/\/lmprodutosnaturais.com.br\/loja\/wp-content\/uploads\/2020\/10\/cranb-300x300.jpg 300w, https:\/\/lmprodutosnaturais.com.br\/loja\/wp-content\/uploads\/2020\/10\/cranb-150x150.jpg 150w, https:\/\/lmprodutosnaturais.com.br\/loja\/wp-content\/uploads\/2020\/10\/cranb-768x768.jpg 768w, https:\/\/lmprodutosnaturais.com.br\/loja\/wp-content\/uploads\/2020\/10\/cranb-1024x1024.jpg 1024w, https:\/\/lmprodutosnaturais.com.br\/loja\/wp-content\/uploads\/2020\/10\/cranb-600x600.jpg 600w, https:\/\/lmprodutosnaturais.com.br\/loja\/wp-content\/uploads\/2020\/10\/cranb-100x100.jpg 100w, https:\/\/lmprodutosnaturais.com.br\/loja\/wp-content\/uploads\/2020\/10\/cranb.jpg 1080w\" sizes=\"auto, (max-width: 300px) 100vw, 300px\" \/><\/p>\n<\/div>\n<\/div>\n<\/div>\n","protected":false},"excerpt":{"rendered":"<p>CRANBERRY Apresenta\u00e7\u00e3o: 500mg c\/ 60 c\u00e1psulas Cranberry Muwiz \u00e9 um suplemento alimentar em c\u00e1psulas que auxilia no bom funcionamento do sistema urin\u00e1rio, contribuindo com o fluxo urin\u00e1rio. Estudos apontam sua efic\u00e1cia na preven\u00e7\u00e3o de infec\u00e7\u00f5es urin\u00e1rias. Ingredientes:\u00a0Cranberry em p\u00f3 (Vaccinium &hellip; <a href=\"https:\/\/lmprodutosnaturais.com.br\/loja\/produto\/cranberry-500mg-com-60-capsulas-muwiz\/\">Readmore<\/a><\/p>\n","protected":false},"featured_media":11872,"template":"","meta":{"_bbp_topic_count":0,"_bbp_reply_count":0,"_bbp_total_topic_count":0,"_bbp_total_reply_count":0,"_bbp_voice_count":0,"_bbp_anonymous_reply_count":0,"_bbp_topic_count_hidden":0,"_bbp_reply_count_hidden":0,"_bbp_forum_subforum_count":0},"product_brand":[],"product_cat":[382,429],"product_tag":[],"class_list":{"0":"post-12639","1":"product","2":"type-product","3":"status-publish","4":"has-post-thumbnail","6":"product_cat-capsulas-muwiz","7":"product_cat-promocoes","9":"first","10":"instock","11":"sale","12":"shipping-taxable","13":"purchasable","14":"product-type-simple"},"_links":{"self":[{"href":"https:\/\/lmprodutosnaturais.com.br\/loja\/wp-json\/wp\/v2\/product\/12639","targetHints":{"allow":["GET"]}}],"collection":[{"href":"https:\/\/lmprodutosnaturais.com.br\/loja\/wp-json\/wp\/v2\/product"}],"about":[{"href":"https:\/\/lmprodutosnaturais.com.br\/loja\/wp-json\/wp\/v2\/types\/product"}],"wp:featuredmedia":[{"embeddable":true,"href":"https:\/\/lmprodutosnaturais.com.br\/loja\/wp-json\/wp\/v2\/media\/11872"}],"wp:attachment":[{"href":"https:\/\/lmprodutosnaturais.com.br\/loja\/wp-json\/wp\/v2\/media?parent=12639"}],"wp:term":[{"taxonomy":"product_brand","embeddable":true,"href":"https:\/\/lmprodutosnaturais.com.br\/loja\/wp-json\/wp\/v2\/product_brand?post=12639"},{"taxonomy":"product_cat","embeddable":true,"href":"https:\/\/lmprodutosnaturais.com.br\/loja\/wp-json\/wp\/v2\/product_cat?post=12639"},{"taxonomy":"product_tag","embeddable":true,"href":"https:\/\/lmprodutosnaturais.com.br\/loja\/wp-json\/wp\/v2\/product_tag?post=12639"}],"curies":[{"name":"wp","href":"https:\/\/api.w.org\/{rel}","templated":true}]}}