{"id":12823,"date":"2020-10-13T10:30:21","date_gmt":"2020-10-13T13:30:21","guid":{"rendered":"https:\/\/lmprodutosnaturais.com.br\/loja\/?post_type=product&#038;p=12823"},"modified":"2026-04-02T17:50:57","modified_gmt":"2026-04-02T20:50:57","slug":"magnesio-dimalato-500mg-60-capsulas-fn","status":"publish","type":"product","link":"https:\/\/lmprodutosnaturais.com.br\/loja\/produto\/magnesio-dimalato-500mg-60-capsulas-fn\/","title":{"rendered":"MAGN\u00c9SIO DIMALATO 500MG 60 CAPSULAS FN"},"content":{"rendered":"<p>O magn\u00e9sio tem fun\u00e7\u00e3o primordial no metabolismo do nosso corpo. Ele est\u00e1 envolvido em mais de 300 rea\u00e7\u00f5es enzim\u00e1ticas essenciais a vida, tendo a\u00e7\u00e3o direta na produ\u00e7\u00e3o de energia (ATP), no funcionamento do m\u00fasculo card\u00edaco, na forma\u00e7\u00e3o dos ossos, fun\u00e7\u00e3o intestinal, relaxamento de vasos sangu\u00edneos e em v\u00e1rios outros \u00f3rg\u00e3os e tecidos.<\/p>\n<h3 class=\"wp-block-heading\">Recomenda\u00e7\u00e3o de uso:<\/h3>\n<p>Ingerir 02 c\u00e1psulas ao dia, com um copo de \u00e1gua, preferencialmente antes das refei\u00e7\u00f5es, ou conforme orienta\u00e7\u00e3o profissional.<\/p>\n<h3 class=\"wp-block-heading\">Informa\u00e7\u00e3o nutricional:<\/h3>\n<p>Magn\u00e9sio 260mg* (62% VD**)<br \/>\n* Equivalente a 910 mg de Magn\u00e9sio Dimalato.<br \/>\n** Percentual de valores di\u00e1rios fornecidos pela por\u00e7\u00e3o<\/p>\n<h3 class=\"wp-block-heading\">Ingredientes:<\/h3>\n<p>Dimagn\u00e9sio Malato, Estearato de Magn\u00e9sio (INS 553i), Di\u00f3xido de Sil\u00edcio (INS 551).<\/p>\n<h3 class=\"wp-block-heading\">Composi\u00e7\u00e3o da c\u00e1psula:<\/h3>\n<p>Gelatina.<\/p>\n","protected":false},"excerpt":{"rendered":"<p>O magn\u00e9sio tem fun\u00e7\u00e3o primordial no metabolismo do nosso corpo. Ele est\u00e1 envolvido em mais de 300 rea\u00e7\u00f5es enzim\u00e1ticas essenciais a vida, tendo a\u00e7\u00e3o direta na produ\u00e7\u00e3o de energia (ATP), no funcionamento do m\u00fasculo card\u00edaco, na forma\u00e7\u00e3o dos ossos, fun\u00e7\u00e3o &hellip; <a href=\"https:\/\/lmprodutosnaturais.com.br\/loja\/produto\/magnesio-dimalato-500mg-60-capsulas-fn\/\">Readmore<\/a><\/p>\n","protected":false},"featured_media":16191,"template":"","meta":{"_bbp_topic_count":0,"_bbp_reply_count":0,"_bbp_total_topic_count":0,"_bbp_total_reply_count":0,"_bbp_voice_count":0,"_bbp_anonymous_reply_count":0,"_bbp_topic_count_hidden":0,"_bbp_reply_count_hidden":0,"_bbp_forum_subforum_count":0},"product_brand":[],"product_cat":[384],"product_tag":[],"class_list":{"0":"post-12823","1":"product","2":"type-product","3":"status-publish","4":"has-post-thumbnail","6":"product_cat-capsulas-flora-nativa","8":"first","9":"instock","10":"shipping-taxable","11":"purchasable","12":"product-type-simple"},"_links":{"self":[{"href":"https:\/\/lmprodutosnaturais.com.br\/loja\/wp-json\/wp\/v2\/product\/12823","targetHints":{"allow":["GET"]}}],"collection":[{"href":"https:\/\/lmprodutosnaturais.com.br\/loja\/wp-json\/wp\/v2\/product"}],"about":[{"href":"https:\/\/lmprodutosnaturais.com.br\/loja\/wp-json\/wp\/v2\/types\/product"}],"wp:featuredmedia":[{"embeddable":true,"href":"https:\/\/lmprodutosnaturais.com.br\/loja\/wp-json\/wp\/v2\/media\/16191"}],"wp:attachment":[{"href":"https:\/\/lmprodutosnaturais.com.br\/loja\/wp-json\/wp\/v2\/media?parent=12823"}],"wp:term":[{"taxonomy":"product_brand","embeddable":true,"href":"https:\/\/lmprodutosnaturais.com.br\/loja\/wp-json\/wp\/v2\/product_brand?post=12823"},{"taxonomy":"product_cat","embeddable":true,"href":"https:\/\/lmprodutosnaturais.com.br\/loja\/wp-json\/wp\/v2\/product_cat?post=12823"},{"taxonomy":"product_tag","embeddable":true,"href":"https:\/\/lmprodutosnaturais.com.br\/loja\/wp-json\/wp\/v2\/product_tag?post=12823"}],"curies":[{"name":"wp","href":"https:\/\/api.w.org\/{rel}","templated":true}]}}