{"id":12847,"date":"2020-10-13T11:18:30","date_gmt":"2020-10-13T14:18:30","guid":{"rendered":"https:\/\/lmprodutosnaturais.com.br\/loja\/?post_type=product&#038;p=12847"},"modified":"2026-04-02T17:50:57","modified_gmt":"2026-04-02T20:50:57","slug":"vitamina-k2-500mg-60-caps-fn","status":"publish","type":"product","link":"https:\/\/lmprodutosnaturais.com.br\/loja\/produto\/vitamina-k2-500mg-60-caps-fn\/","title":{"rendered":"VITAMINA K2 (MK-7) 125MCG 60 CAPS &#8211; FLORA NATIVA"},"content":{"rendered":"<p>A Vitamina K2 (Menaquinona) atua na fabrica\u00e7\u00e3o de v\u00e1rias prote\u00ednas envolvidas na coagula\u00e7\u00e3o sangu\u00ednea e participa tamb\u00e9m do metabolismo \u00f3sseo.<\/p>\n<h3 class=\"wp-block-heading\">Recomenda\u00e7\u00e3o de uso:<\/h3>\n<p>Ingerir 1 c\u00e1psula ao dia, preferencialmente pela manh\u00e3 ap\u00f3s a refei\u00e7\u00e3o, ou conforme orienta\u00e7\u00e3o profissional.<\/p>\n<h3 class=\"wp-block-heading\">Informa\u00e7\u00e3o nutricional:<\/h3>\n<p>Vitamina K 125 mcg\u00a0 de Menaquinona-7 (104% VD*).<br \/>\n* Percentual de valores di\u00e1rios fornecidos pela por\u00e7\u00e3o<\/p>\n<h3 class=\"wp-block-heading\">Ingredientes:<\/h3>\n<p>Menaquinona-7 (Vitamina K2), Silicato de Magn\u00e9sio (INS 553i), Di\u00f3xido de Sil\u00edcio (INS 551).<\/p>\n<h3 class=\"wp-block-heading\">Composi\u00e7\u00e3o da c\u00e1psula:<\/h3>\n<p>Gelatina.<\/p>\n","protected":false},"excerpt":{"rendered":"<p>A Vitamina K2 (Menaquinona) atua na fabrica\u00e7\u00e3o de v\u00e1rias prote\u00ednas envolvidas na coagula\u00e7\u00e3o sangu\u00ednea e participa tamb\u00e9m do metabolismo \u00f3sseo. Recomenda\u00e7\u00e3o de uso: Ingerir 1 c\u00e1psula ao dia, preferencialmente pela manh\u00e3 ap\u00f3s a refei\u00e7\u00e3o, ou conforme orienta\u00e7\u00e3o profissional. Informa\u00e7\u00e3o nutricional: &hellip; <a href=\"https:\/\/lmprodutosnaturais.com.br\/loja\/produto\/vitamina-k2-500mg-60-caps-fn\/\">Readmore<\/a><\/p>\n","protected":false},"featured_media":16245,"template":"","meta":{"_bbp_topic_count":0,"_bbp_reply_count":0,"_bbp_total_topic_count":0,"_bbp_total_reply_count":0,"_bbp_voice_count":0,"_bbp_anonymous_reply_count":0,"_bbp_topic_count_hidden":0,"_bbp_reply_count_hidden":0,"_bbp_forum_subforum_count":0},"product_brand":[],"product_cat":[384],"product_tag":[789,501],"class_list":{"0":"post-12847","1":"product","2":"type-product","3":"status-publish","4":"has-post-thumbnail","6":"product_cat-capsulas-flora-nativa","7":"product_tag-menaquinona","8":"product_tag-vitamina-k2","10":"first","11":"instock","12":"shipping-taxable","13":"purchasable","14":"product-type-simple"},"_links":{"self":[{"href":"https:\/\/lmprodutosnaturais.com.br\/loja\/wp-json\/wp\/v2\/product\/12847","targetHints":{"allow":["GET"]}}],"collection":[{"href":"https:\/\/lmprodutosnaturais.com.br\/loja\/wp-json\/wp\/v2\/product"}],"about":[{"href":"https:\/\/lmprodutosnaturais.com.br\/loja\/wp-json\/wp\/v2\/types\/product"}],"wp:featuredmedia":[{"embeddable":true,"href":"https:\/\/lmprodutosnaturais.com.br\/loja\/wp-json\/wp\/v2\/media\/16245"}],"wp:attachment":[{"href":"https:\/\/lmprodutosnaturais.com.br\/loja\/wp-json\/wp\/v2\/media?parent=12847"}],"wp:term":[{"taxonomy":"product_brand","embeddable":true,"href":"https:\/\/lmprodutosnaturais.com.br\/loja\/wp-json\/wp\/v2\/product_brand?post=12847"},{"taxonomy":"product_cat","embeddable":true,"href":"https:\/\/lmprodutosnaturais.com.br\/loja\/wp-json\/wp\/v2\/product_cat?post=12847"},{"taxonomy":"product_tag","embeddable":true,"href":"https:\/\/lmprodutosnaturais.com.br\/loja\/wp-json\/wp\/v2\/product_tag?post=12847"}],"curies":[{"name":"wp","href":"https:\/\/api.w.org\/{rel}","templated":true}]}}