{"id":13205,"date":"2020-10-20T08:36:00","date_gmt":"2020-10-20T11:36:00","guid":{"rendered":"https:\/\/lmprodutosnaturais.com.br\/loja\/?post_type=product&#038;p=13205"},"modified":"2026-03-20T10:41:20","modified_gmt":"2026-03-20T13:41:20","slug":"luteina-e-zeaxantina-500mg-60-fn","status":"publish","type":"product","link":"https:\/\/lmprodutosnaturais.com.br\/loja\/produto\/luteina-e-zeaxantina-500mg-60-fn\/","title":{"rendered":"LUTEINA E ZEAXANTINA 500MG 60  FN"},"content":{"rendered":"<p>A Lute\u00edna \u00e9 um fitoqu\u00edmico da fam\u00edlia dos caroten\u00f3ides que, ao lado da Zeaxantina, contribui para a sa\u00fade ocular e favorece o funcionamento adequado da vis\u00e3o. Ela atua no aumento da densidade do pigmento macular, protegendo os receptores da luz presentes nos olhos. N\u00e3o s\u00e3o sintetizados pelo organismo humano, por isso \u00e9 necess\u00e1ria sua ingest\u00e3o di\u00e1ria.<\/p>\n<h3 class=\"wp-block-heading\">Recomenda\u00e7\u00e3o de uso:<\/h3>\n<p>Ingerir 02 c\u00e1psulas ao dia.<\/p>\n<h3 class=\"wp-block-heading\">Informa\u00e7\u00e3o nutricional:<\/h3>\n<p>Lute\u00edna 20mg \u2022 Zeaxantina 3mg<\/p>\n<h3 class=\"wp-block-heading\">Ingredientes:<\/h3>\n<p>Lute\u00edna da Flor de Tagetes Erecta, Zeaxantina da Flor de Tagetes Erecta, Di\u00f3xido de Sil\u00edcio (INS 551) Estearato de Magn\u00e9sio (INS 470 iii).<\/p>\n<h3 class=\"wp-block-heading\">Composi\u00e7\u00e3o da c\u00e1psula:<\/h3>\n<p>Gelatina.<\/p>\n","protected":false},"excerpt":{"rendered":"<p>A Lute\u00edna \u00e9 um fitoqu\u00edmico da fam\u00edlia dos caroten\u00f3ides que, ao lado da Zeaxantina, contribui para a sa\u00fade ocular e favorece o funcionamento adequado da vis\u00e3o. Ela atua no aumento da densidade do pigmento macular, protegendo os receptores da luz &hellip; <a href=\"https:\/\/lmprodutosnaturais.com.br\/loja\/produto\/luteina-e-zeaxantina-500mg-60-fn\/\">Readmore<\/a><\/p>\n","protected":false},"featured_media":18994,"template":"","meta":{"_bbp_topic_count":0,"_bbp_reply_count":0,"_bbp_total_topic_count":0,"_bbp_total_reply_count":0,"_bbp_voice_count":0,"_bbp_anonymous_reply_count":0,"_bbp_topic_count_hidden":0,"_bbp_reply_count_hidden":0,"_bbp_forum_subforum_count":0},"product_brand":[],"product_cat":[384],"product_tag":[454,559],"class_list":{"0":"post-13205","1":"product","2":"type-product","3":"status-publish","4":"has-post-thumbnail","6":"product_cat-capsulas-flora-nativa","7":"product_tag-luteina","8":"product_tag-zeaxantina","10":"first","11":"outofstock","12":"shipping-taxable","13":"purchasable","14":"product-type-simple"},"_links":{"self":[{"href":"https:\/\/lmprodutosnaturais.com.br\/loja\/wp-json\/wp\/v2\/product\/13205","targetHints":{"allow":["GET"]}}],"collection":[{"href":"https:\/\/lmprodutosnaturais.com.br\/loja\/wp-json\/wp\/v2\/product"}],"about":[{"href":"https:\/\/lmprodutosnaturais.com.br\/loja\/wp-json\/wp\/v2\/types\/product"}],"wp:featuredmedia":[{"embeddable":true,"href":"https:\/\/lmprodutosnaturais.com.br\/loja\/wp-json\/wp\/v2\/media\/18994"}],"wp:attachment":[{"href":"https:\/\/lmprodutosnaturais.com.br\/loja\/wp-json\/wp\/v2\/media?parent=13205"}],"wp:term":[{"taxonomy":"product_brand","embeddable":true,"href":"https:\/\/lmprodutosnaturais.com.br\/loja\/wp-json\/wp\/v2\/product_brand?post=13205"},{"taxonomy":"product_cat","embeddable":true,"href":"https:\/\/lmprodutosnaturais.com.br\/loja\/wp-json\/wp\/v2\/product_cat?post=13205"},{"taxonomy":"product_tag","embeddable":true,"href":"https:\/\/lmprodutosnaturais.com.br\/loja\/wp-json\/wp\/v2\/product_tag?post=13205"}],"curies":[{"name":"wp","href":"https:\/\/api.w.org\/{rel}","templated":true}]}}