{"id":13243,"date":"2020-10-20T09:37:29","date_gmt":"2020-10-20T12:37:29","guid":{"rendered":"https:\/\/lmprodutosnaturais.com.br\/loja\/?post_type=product&#038;p=13243"},"modified":"2026-03-30T17:43:26","modified_gmt":"2026-03-30T20:43:26","slug":"propolis-verde-vit-c-d-400-mg-60-caps-muwiz","status":"publish","type":"product","link":"https:\/\/lmprodutosnaturais.com.br\/loja\/produto\/propolis-verde-vit-c-d-400-mg-60-caps-muwiz\/","title":{"rendered":"PROPOLIS VERDE VIT C D 400 MG 60 CAPS MUWIZ"},"content":{"rendered":"<div class=\"elementor-element elementor-element-2cfadc8 elementor-widget elementor-widget-woocommerce-product-title elementor-page-title elementor-widget-heading\" data-id=\"2cfadc8\" data-element_type=\"widget\" data-widget_type=\"woocommerce-product-title.default\">\n<div class=\"elementor-widget-container\">\n<h1 class=\"product_title entry-title elementor-heading-title elementor-size-default\">PR\u00d3POLIS VERDE<\/h1>\n<\/div>\n<\/div>\n<div class=\"elementor-element elementor-element-d4eede4 elementor-widget elementor-widget-woocommerce-product-short-description\" data-id=\"d4eede4\" data-element_type=\"widget\" data-widget_type=\"woocommerce-product-short-description.default\">\n<div class=\"elementor-widget-container\">\n<div class=\"woocommerce-product-details__short-description\">\n<p><strong>Apresenta\u00e7\u00e3o: 400mg c\/ 60 c\u00e1psulas<\/strong><\/p>\n<p>Pr\u00f3polis Verde Muwiz possui alta concentra\u00e7\u00e3o de antioxidantes. Pesquisas apontam sua capacidade anti-inflamat\u00f3ria, bem como sua atua\u00e7\u00e3o no est\u00edmulo das defesas do organismo. Cont\u00e9m vitaminas C e D.<\/p>\n<p><strong>Ingredientes:<\/strong>\u00a0Amido de milho, extrato de pr\u00f3polis, \u00e1cido asc\u00f3rbico e colecalciferol.Composi\u00e7\u00e3o c\u00e1psula: gelatina. N\u00c3O CONT\u00c9M GL\u00daTEN.<\/p>\n<p>Conservar ao abrigo da luz, calor e umidade.<br \/>\nAp\u00f3s aberto consumir em at\u00e9 60 dias.<\/p>\n<p>Produto indicado para o grupo populacional acima de 19 anos.<br \/>\nEste produto n\u00e3o \u00e9 um medicamento.<br \/>\nN\u00e3o exceder a recomenda\u00e7\u00e3o di\u00e1ria de consumo indicada na embalagem. Mantenha fora do alcance de crian\u00e7as. Este produto n\u00e3o deve ser consumido por gestantes, lactantes e crian\u00e7as.<\/p>\n<p><strong>RECOMENDA\u00c7\u00c3O DE USO:<\/strong>\u00a0Consumir 02 c\u00e1psula ao dia.<\/p>\n<p>Produto dispensado de registro conforme RDC 240\/2018.<img loading=\"lazy\" decoding=\"async\" class=\"alignnone size-medium wp-image-18928\" src=\"https:\/\/lmprodutosnaturais.com.br\/loja\/wp-content\/uploads\/2020\/10\/over-300x300.jpg\" alt=\"LM Distribuidora - Produtos Naturais\" width=\"300\" height=\"300\" title=\"LM Distribuidora - Produtos Naturais\" srcset=\"https:\/\/lmprodutosnaturais.com.br\/loja\/wp-content\/uploads\/2020\/10\/over-300x300.jpg 300w, https:\/\/lmprodutosnaturais.com.br\/loja\/wp-content\/uploads\/2020\/10\/over-150x150.jpg 150w, https:\/\/lmprodutosnaturais.com.br\/loja\/wp-content\/uploads\/2020\/10\/over-768x768.jpg 768w, https:\/\/lmprodutosnaturais.com.br\/loja\/wp-content\/uploads\/2020\/10\/over-1024x1024.jpg 1024w, https:\/\/lmprodutosnaturais.com.br\/loja\/wp-content\/uploads\/2020\/10\/over-600x600.jpg 600w, https:\/\/lmprodutosnaturais.com.br\/loja\/wp-content\/uploads\/2020\/10\/over-100x100.jpg 100w, https:\/\/lmprodutosnaturais.com.br\/loja\/wp-content\/uploads\/2020\/10\/over.jpg 1080w\" sizes=\"auto, (max-width: 300px) 100vw, 300px\" \/><\/p>\n<\/div>\n<\/div>\n<\/div>\n","protected":false},"excerpt":{"rendered":"<p>PR\u00d3POLIS VERDE Apresenta\u00e7\u00e3o: 400mg c\/ 60 c\u00e1psulas Pr\u00f3polis Verde Muwiz possui alta concentra\u00e7\u00e3o de antioxidantes. Pesquisas apontam sua capacidade anti-inflamat\u00f3ria, bem como sua atua\u00e7\u00e3o no est\u00edmulo das defesas do organismo. Cont\u00e9m vitaminas C e D. Ingredientes:\u00a0Amido de milho, extrato de &hellip; <a href=\"https:\/\/lmprodutosnaturais.com.br\/loja\/produto\/propolis-verde-vit-c-d-400-mg-60-caps-muwiz\/\">Readmore<\/a><\/p>\n","protected":false},"featured_media":12303,"template":"","meta":{"_bbp_topic_count":0,"_bbp_reply_count":0,"_bbp_total_topic_count":0,"_bbp_total_reply_count":0,"_bbp_voice_count":0,"_bbp_anonymous_reply_count":0,"_bbp_topic_count_hidden":0,"_bbp_reply_count_hidden":0,"_bbp_forum_subforum_count":0},"product_brand":[],"product_cat":[382,429],"product_tag":[],"class_list":{"0":"post-13243","1":"product","2":"type-product","3":"status-publish","4":"has-post-thumbnail","6":"product_cat-capsulas-muwiz","7":"product_cat-promocoes","9":"first","10":"instock","11":"sale","12":"shipping-taxable","13":"purchasable","14":"product-type-simple"},"_links":{"self":[{"href":"https:\/\/lmprodutosnaturais.com.br\/loja\/wp-json\/wp\/v2\/product\/13243","targetHints":{"allow":["GET"]}}],"collection":[{"href":"https:\/\/lmprodutosnaturais.com.br\/loja\/wp-json\/wp\/v2\/product"}],"about":[{"href":"https:\/\/lmprodutosnaturais.com.br\/loja\/wp-json\/wp\/v2\/types\/product"}],"wp:featuredmedia":[{"embeddable":true,"href":"https:\/\/lmprodutosnaturais.com.br\/loja\/wp-json\/wp\/v2\/media\/12303"}],"wp:attachment":[{"href":"https:\/\/lmprodutosnaturais.com.br\/loja\/wp-json\/wp\/v2\/media?parent=13243"}],"wp:term":[{"taxonomy":"product_brand","embeddable":true,"href":"https:\/\/lmprodutosnaturais.com.br\/loja\/wp-json\/wp\/v2\/product_brand?post=13243"},{"taxonomy":"product_cat","embeddable":true,"href":"https:\/\/lmprodutosnaturais.com.br\/loja\/wp-json\/wp\/v2\/product_cat?post=13243"},{"taxonomy":"product_tag","embeddable":true,"href":"https:\/\/lmprodutosnaturais.com.br\/loja\/wp-json\/wp\/v2\/product_tag?post=13243"}],"curies":[{"name":"wp","href":"https:\/\/api.w.org\/{rel}","templated":true}]}}