{"id":13286,"date":"2020-10-20T11:02:16","date_gmt":"2020-10-20T14:02:16","guid":{"rendered":"https:\/\/lmprodutosnaturais.com.br\/loja\/?post_type=product&#038;p=13286"},"modified":"2026-03-30T15:43:21","modified_gmt":"2026-03-30T18:43:21","slug":"vit-c-vit-d3-zinco-60-capsulas-fn","status":"publish","type":"product","link":"https:\/\/lmprodutosnaturais.com.br\/loja\/produto\/vit-c-vit-d3-zinco-60-capsulas-fn\/","title":{"rendered":"VIT. C + VIT D3 + ZINCO 60 CAPSULAS FN"},"content":{"rendered":"<p>Uma excelente combina\u00e7\u00e3o de nutrientes essenciais que contribuem para o bom funcionamento do sistema imunol\u00f3gico, auxiliam na absor\u00e7\u00e3o de vitaminas e minerais, importantes para a manuten\u00e7\u00e3o de ossos e possuem a\u00e7\u00e3o antioxidante protegendo o organismo dos danos causados pelos radicais livres.<\/p>\n<h3 class=\"wp-block-heading\">Recomenda\u00e7\u00e3o de uso:<\/h3>\n<p>Ingerir 02 c\u00e1psulas ao dia, preferencialmente ap\u00f3s almo\u00e7o ou jantar, ou conforme orienta\u00e7\u00e3o profissional.<\/p>\n<h3 class=\"wp-block-heading\">Informa\u00e7\u00e3o nutricional:<\/h3>\n<p>Vitamina C 500mg (500% VD*) \u2022 Vitamina D 50mcg (333% VD*) \u2022 Zinco 28mg (255% VD*)<\/p>\n<p>* Percentual de valores di\u00e1rios fornecidos pela por\u00e7\u00e3o<\/p>\n<h3 class=\"wp-block-heading\">Ingredientes:<\/h3>\n<p>\u00c1cido Asc\u00f3rbico (Vitamina C), Bisglicinato de Zinco, Colecalciferol (Vitamina D3), Silicato de Magn\u00e9sio (INS 553i), Di\u00f3xido de Sil\u00edcio (INS 551).<\/p>\n<h3 class=\"wp-block-heading\">Composi\u00e7\u00e3o da c\u00e1psula:<\/h3>\n<p>Gelatina, Di\u00f3xido de Tit\u00e2nio, Vermelho Allura AC e Amarelo Crep\u00fasculo FCF.<\/p>\n","protected":false},"excerpt":{"rendered":"<p>Uma excelente combina\u00e7\u00e3o de nutrientes essenciais que contribuem para o bom funcionamento do sistema imunol\u00f3gico, auxiliam na absor\u00e7\u00e3o de vitaminas e minerais, importantes para a manuten\u00e7\u00e3o de ossos e possuem a\u00e7\u00e3o antioxidante protegendo o organismo dos danos causados pelos radicais &hellip; <a href=\"https:\/\/lmprodutosnaturais.com.br\/loja\/produto\/vit-c-vit-d3-zinco-60-capsulas-fn\/\">Readmore<\/a><\/p>\n","protected":false},"featured_media":18991,"template":"","meta":{"_bbp_topic_count":0,"_bbp_reply_count":0,"_bbp_total_topic_count":0,"_bbp_total_reply_count":0,"_bbp_voice_count":0,"_bbp_anonymous_reply_count":0,"_bbp_topic_count_hidden":0,"_bbp_reply_count_hidden":0,"_bbp_forum_subforum_count":0},"product_brand":[],"product_cat":[384,429],"product_tag":[],"class_list":{"0":"post-13286","1":"product","2":"type-product","3":"status-publish","4":"has-post-thumbnail","6":"product_cat-capsulas-flora-nativa","7":"product_cat-promocoes","9":"first","10":"outofstock","11":"sale","12":"shipping-taxable","13":"purchasable","14":"product-type-simple"},"_links":{"self":[{"href":"https:\/\/lmprodutosnaturais.com.br\/loja\/wp-json\/wp\/v2\/product\/13286","targetHints":{"allow":["GET"]}}],"collection":[{"href":"https:\/\/lmprodutosnaturais.com.br\/loja\/wp-json\/wp\/v2\/product"}],"about":[{"href":"https:\/\/lmprodutosnaturais.com.br\/loja\/wp-json\/wp\/v2\/types\/product"}],"wp:featuredmedia":[{"embeddable":true,"href":"https:\/\/lmprodutosnaturais.com.br\/loja\/wp-json\/wp\/v2\/media\/18991"}],"wp:attachment":[{"href":"https:\/\/lmprodutosnaturais.com.br\/loja\/wp-json\/wp\/v2\/media?parent=13286"}],"wp:term":[{"taxonomy":"product_brand","embeddable":true,"href":"https:\/\/lmprodutosnaturais.com.br\/loja\/wp-json\/wp\/v2\/product_brand?post=13286"},{"taxonomy":"product_cat","embeddable":true,"href":"https:\/\/lmprodutosnaturais.com.br\/loja\/wp-json\/wp\/v2\/product_cat?post=13286"},{"taxonomy":"product_tag","embeddable":true,"href":"https:\/\/lmprodutosnaturais.com.br\/loja\/wp-json\/wp\/v2\/product_tag?post=13286"}],"curies":[{"name":"wp","href":"https:\/\/api.w.org\/{rel}","templated":true}]}}