{"id":13289,"date":"2020-10-20T11:05:27","date_gmt":"2020-10-20T14:05:27","guid":{"rendered":"https:\/\/lmprodutosnaturais.com.br\/loja\/?post_type=product&#038;p=13289"},"modified":"2026-03-31T17:32:24","modified_gmt":"2026-03-31T20:32:24","slug":"biotina-b7-60-capsulas-150-idr-fn","status":"publish","type":"product","link":"https:\/\/lmprodutosnaturais.com.br\/loja\/produto\/biotina-b7-60-capsulas-150-idr-fn\/","title":{"rendered":"BIOTINA B7 60 CAPSULAS 150%  IDR  FN"},"content":{"rendered":"<p>Mant\u00e9m a quantidade adequada de prote\u00ednas contribuindo para a manuten\u00e7\u00e3o do cabelo, unha e da pele, por estimular \u00e0 produ\u00e7\u00e3o de col\u00e1geno e queratina auxilia no tratamento de unhas quebradi\u00e7as, queda de cabelos e melhora a apar\u00eancia e hidrata\u00e7\u00e3o da pele.<\/p>\n<h3 class=\"wp-block-heading\">Recomenda\u00e7\u00e3o de uso:<\/h3>\n<p>Ingerir 01 c\u00e1psula ao dia.<\/p>\n<h3 class=\"wp-block-heading\">Informa\u00e7\u00e3o nutricional:<\/h3>\n<p>Biotina 45mcg (150% VD*)<\/p>\n<p>* Percentual de valores di\u00e1rios fornecidos pela por\u00e7\u00e3o<\/p>\n<h3 class=\"wp-block-heading\">Ingredientes:<\/h3>\n<p>D-Biotina, Silicato de Magn\u00e9sio (553i), Di\u00f3xido de Sil\u00edcio (551).<\/p>\n<h3 class=\"wp-block-heading\">Composi\u00e7\u00e3o da c\u00e1psula:<\/h3>\n<p>Gelatina, Di\u00f3xido de Tit\u00e2nio, Eritrosina, Azul Brilhante FCF.<\/p>\n","protected":false},"excerpt":{"rendered":"<p>Mant\u00e9m a quantidade adequada de prote\u00ednas contribuindo para a manuten\u00e7\u00e3o do cabelo, unha e da pele, por estimular \u00e0 produ\u00e7\u00e3o de col\u00e1geno e queratina auxilia no tratamento de unhas quebradi\u00e7as, queda de cabelos e melhora a apar\u00eancia e hidrata\u00e7\u00e3o da &hellip; <a href=\"https:\/\/lmprodutosnaturais.com.br\/loja\/produto\/biotina-b7-60-capsulas-150-idr-fn\/\">Readmore<\/a><\/p>\n","protected":false},"featured_media":18992,"template":"","meta":{"_bbp_topic_count":0,"_bbp_reply_count":0,"_bbp_total_topic_count":0,"_bbp_total_reply_count":0,"_bbp_voice_count":0,"_bbp_anonymous_reply_count":0,"_bbp_topic_count_hidden":0,"_bbp_reply_count_hidden":0,"_bbp_forum_subforum_count":0},"product_brand":[],"product_cat":[384],"product_tag":[487],"class_list":{"0":"post-13289","1":"product","2":"type-product","3":"status-publish","4":"has-post-thumbnail","6":"product_cat-capsulas-flora-nativa","7":"product_tag-biotina","9":"first","10":"instock","11":"shipping-taxable","12":"purchasable","13":"product-type-simple"},"_links":{"self":[{"href":"https:\/\/lmprodutosnaturais.com.br\/loja\/wp-json\/wp\/v2\/product\/13289","targetHints":{"allow":["GET"]}}],"collection":[{"href":"https:\/\/lmprodutosnaturais.com.br\/loja\/wp-json\/wp\/v2\/product"}],"about":[{"href":"https:\/\/lmprodutosnaturais.com.br\/loja\/wp-json\/wp\/v2\/types\/product"}],"wp:featuredmedia":[{"embeddable":true,"href":"https:\/\/lmprodutosnaturais.com.br\/loja\/wp-json\/wp\/v2\/media\/18992"}],"wp:attachment":[{"href":"https:\/\/lmprodutosnaturais.com.br\/loja\/wp-json\/wp\/v2\/media?parent=13289"}],"wp:term":[{"taxonomy":"product_brand","embeddable":true,"href":"https:\/\/lmprodutosnaturais.com.br\/loja\/wp-json\/wp\/v2\/product_brand?post=13289"},{"taxonomy":"product_cat","embeddable":true,"href":"https:\/\/lmprodutosnaturais.com.br\/loja\/wp-json\/wp\/v2\/product_cat?post=13289"},{"taxonomy":"product_tag","embeddable":true,"href":"https:\/\/lmprodutosnaturais.com.br\/loja\/wp-json\/wp\/v2\/product_tag?post=13289"}],"curies":[{"name":"wp","href":"https:\/\/api.w.org\/{rel}","templated":true}]}}