{"id":13625,"date":"2020-11-19T14:41:20","date_gmt":"2020-11-19T17:41:20","guid":{"rendered":"https:\/\/lmprodutosnaturais.com.br\/loja\/?post_type=product&#038;p=13625"},"modified":"2026-04-02T16:08:42","modified_gmt":"2026-04-02T19:08:42","slug":"oleo-de-semente-de-uva-60ml-plant-ervas","status":"publish","type":"product","link":"https:\/\/lmprodutosnaturais.com.br\/loja\/produto\/oleo-de-semente-de-uva-60ml-plant-ervas\/","title":{"rendered":"OLEO DE SEMENTE DE UVA 60ML PLANT ERVAS"},"content":{"rendered":"<h1>Benef\u00edcios<\/h1>\n<h3>Melhorar o colesterol<\/h3>\n<h3>Hidratar a pele<\/h3>\n<h3>Fortalecer e hidratar o cabelo<\/h3>\n<h3>Prevenir doen\u00e7as cr\u00f4nicas<\/h3>\n<h3>Exerce efeito antimicrobiano.<\/h3>\n","protected":false},"excerpt":{"rendered":"<p>Benef\u00edcios Melhorar o colesterol Hidratar a pele Fortalecer e hidratar o cabelo Prevenir doen\u00e7as cr\u00f4nicas Exerce efeito antimicrobiano.<\/p>\n","protected":false},"featured_media":13626,"template":"","meta":{"_bbp_topic_count":0,"_bbp_reply_count":0,"_bbp_total_topic_count":0,"_bbp_total_reply_count":0,"_bbp_voice_count":0,"_bbp_anonymous_reply_count":0,"_bbp_topic_count_hidden":0,"_bbp_reply_count_hidden":0,"_bbp_forum_subforum_count":0},"product_brand":[],"product_cat":[377],"product_tag":[506],"class_list":{"0":"post-13625","1":"product","2":"type-product","3":"status-publish","4":"has-post-thumbnail","6":"product_cat-plant-ervas","7":"product_tag-oleo-de-semente-de-uva","9":"first","10":"instock","11":"shipping-taxable","12":"purchasable","13":"product-type-simple"},"_links":{"self":[{"href":"https:\/\/lmprodutosnaturais.com.br\/loja\/wp-json\/wp\/v2\/product\/13625","targetHints":{"allow":["GET"]}}],"collection":[{"href":"https:\/\/lmprodutosnaturais.com.br\/loja\/wp-json\/wp\/v2\/product"}],"about":[{"href":"https:\/\/lmprodutosnaturais.com.br\/loja\/wp-json\/wp\/v2\/types\/product"}],"wp:featuredmedia":[{"embeddable":true,"href":"https:\/\/lmprodutosnaturais.com.br\/loja\/wp-json\/wp\/v2\/media\/13626"}],"wp:attachment":[{"href":"https:\/\/lmprodutosnaturais.com.br\/loja\/wp-json\/wp\/v2\/media?parent=13625"}],"wp:term":[{"taxonomy":"product_brand","embeddable":true,"href":"https:\/\/lmprodutosnaturais.com.br\/loja\/wp-json\/wp\/v2\/product_brand?post=13625"},{"taxonomy":"product_cat","embeddable":true,"href":"https:\/\/lmprodutosnaturais.com.br\/loja\/wp-json\/wp\/v2\/product_cat?post=13625"},{"taxonomy":"product_tag","embeddable":true,"href":"https:\/\/lmprodutosnaturais.com.br\/loja\/wp-json\/wp\/v2\/product_tag?post=13625"}],"curies":[{"name":"wp","href":"https:\/\/api.w.org\/{rel}","templated":true}]}}