{"id":13627,"date":"2020-11-19T14:43:44","date_gmt":"2020-11-19T17:43:44","guid":{"rendered":"https:\/\/lmprodutosnaturais.com.br\/loja\/?post_type=product&#038;p=13627"},"modified":"2026-03-31T17:32:26","modified_gmt":"2026-03-31T20:32:26","slug":"oleo-de-abacate-60ml-plant-ervas","status":"publish","type":"product","link":"https:\/\/lmprodutosnaturais.com.br\/loja\/produto\/oleo-de-abacate-60ml-plant-ervas\/","title":{"rendered":"OLEO DE ABACATE 60ML PLANT ERVAS"},"content":{"rendered":"<h1>Benef\u00edcios<\/h1>\n<h2>Manter a sa\u00fade da pele e cabelos<\/h2>\n<h2>Prevenir c\u00e2ncer<\/h2>\n<h2>Diminuir o colesterol \u201cruim\u201d,\u00a0LDL<\/h2>\n<h2>Prevenir a diabetes<\/h2>\n<h2>Evitar o Alzheimer<\/h2>\n<h2>Ajudar a prevenir a press\u00e3o alta<\/h2>\n<h2>Auxiliar no tratamento de doen\u00e7as de pele.<\/h2>\n<h2><\/h2>\n","protected":false},"excerpt":{"rendered":"<p>Benef\u00edcios Manter a sa\u00fade da pele e cabelos Prevenir c\u00e2ncer Diminuir o colesterol \u201cruim\u201d,\u00a0LDL Prevenir a diabetes Evitar o Alzheimer Ajudar a prevenir a press\u00e3o alta Auxiliar no tratamento de doen\u00e7as de pele.<\/p>\n","protected":false},"featured_media":13628,"template":"","meta":{"_bbp_topic_count":0,"_bbp_reply_count":0,"_bbp_total_topic_count":0,"_bbp_total_reply_count":0,"_bbp_voice_count":0,"_bbp_anonymous_reply_count":0,"_bbp_topic_count_hidden":0,"_bbp_reply_count_hidden":0,"_bbp_forum_subforum_count":0},"product_brand":[],"product_cat":[377],"product_tag":[505],"class_list":{"0":"post-13627","1":"product","2":"type-product","3":"status-publish","4":"has-post-thumbnail","6":"product_cat-plant-ervas","7":"product_tag-oleo-de-abacate","9":"first","10":"instock","11":"shipping-taxable","12":"purchasable","13":"product-type-simple"},"_links":{"self":[{"href":"https:\/\/lmprodutosnaturais.com.br\/loja\/wp-json\/wp\/v2\/product\/13627","targetHints":{"allow":["GET"]}}],"collection":[{"href":"https:\/\/lmprodutosnaturais.com.br\/loja\/wp-json\/wp\/v2\/product"}],"about":[{"href":"https:\/\/lmprodutosnaturais.com.br\/loja\/wp-json\/wp\/v2\/types\/product"}],"wp:featuredmedia":[{"embeddable":true,"href":"https:\/\/lmprodutosnaturais.com.br\/loja\/wp-json\/wp\/v2\/media\/13628"}],"wp:attachment":[{"href":"https:\/\/lmprodutosnaturais.com.br\/loja\/wp-json\/wp\/v2\/media?parent=13627"}],"wp:term":[{"taxonomy":"product_brand","embeddable":true,"href":"https:\/\/lmprodutosnaturais.com.br\/loja\/wp-json\/wp\/v2\/product_brand?post=13627"},{"taxonomy":"product_cat","embeddable":true,"href":"https:\/\/lmprodutosnaturais.com.br\/loja\/wp-json\/wp\/v2\/product_cat?post=13627"},{"taxonomy":"product_tag","embeddable":true,"href":"https:\/\/lmprodutosnaturais.com.br\/loja\/wp-json\/wp\/v2\/product_tag?post=13627"}],"curies":[{"name":"wp","href":"https:\/\/api.w.org\/{rel}","templated":true}]}}