{"id":13629,"date":"2020-11-19T14:45:13","date_gmt":"2020-11-19T17:45:13","guid":{"rendered":"https:\/\/lmprodutosnaturais.com.br\/loja\/?post_type=product&#038;p=13629"},"modified":"2026-04-02T16:08:42","modified_gmt":"2026-04-02T19:08:42","slug":"oleo-de-coco-60ml-plant-ervas","status":"publish","type":"product","link":"https:\/\/lmprodutosnaturais.com.br\/loja\/produto\/oleo-de-coco-60ml-plant-ervas\/","title":{"rendered":"OLEO DE COCO 60ML PLANT ERVAS"},"content":{"rendered":"<h1>Benef\u00edcios<\/h1>\n<h2>Ideal para cabelos fracos, opacos e finos<\/h2>\n<h2>Altamente nutritivo e hidratante<\/h2>\n<h2>Devolve a maciez, brilho e leveza aos fios<\/h2>\n<h2>A\u00e7\u00e3o revitalizante<\/h2>\n<h2>Disciplina e defini\u00e7\u00e3o<\/h2>\n<h2>Combate o frizz e pontas duplas<\/h2>\n<h2>Rico em vitaminas e minerais.<\/h2>\n","protected":false},"excerpt":{"rendered":"<p>Benef\u00edcios Ideal para cabelos fracos, opacos e finos Altamente nutritivo e hidratante Devolve a maciez, brilho e leveza aos fios A\u00e7\u00e3o revitalizante Disciplina e defini\u00e7\u00e3o Combate o frizz e pontas duplas Rico em vitaminas e minerais.<\/p>\n","protected":false},"featured_media":13630,"template":"","meta":{"_bbp_topic_count":0,"_bbp_reply_count":0,"_bbp_total_topic_count":0,"_bbp_total_reply_count":0,"_bbp_voice_count":0,"_bbp_anonymous_reply_count":0,"_bbp_topic_count_hidden":0,"_bbp_reply_count_hidden":0,"_bbp_forum_subforum_count":0},"product_brand":[],"product_cat":[377],"product_tag":[504],"class_list":{"0":"post-13629","1":"product","2":"type-product","3":"status-publish","4":"has-post-thumbnail","6":"product_cat-plant-ervas","7":"product_tag-oleo-de-coco","9":"first","10":"instock","11":"shipping-taxable","12":"purchasable","13":"product-type-simple"},"_links":{"self":[{"href":"https:\/\/lmprodutosnaturais.com.br\/loja\/wp-json\/wp\/v2\/product\/13629","targetHints":{"allow":["GET"]}}],"collection":[{"href":"https:\/\/lmprodutosnaturais.com.br\/loja\/wp-json\/wp\/v2\/product"}],"about":[{"href":"https:\/\/lmprodutosnaturais.com.br\/loja\/wp-json\/wp\/v2\/types\/product"}],"wp:featuredmedia":[{"embeddable":true,"href":"https:\/\/lmprodutosnaturais.com.br\/loja\/wp-json\/wp\/v2\/media\/13630"}],"wp:attachment":[{"href":"https:\/\/lmprodutosnaturais.com.br\/loja\/wp-json\/wp\/v2\/media?parent=13629"}],"wp:term":[{"taxonomy":"product_brand","embeddable":true,"href":"https:\/\/lmprodutosnaturais.com.br\/loja\/wp-json\/wp\/v2\/product_brand?post=13629"},{"taxonomy":"product_cat","embeddable":true,"href":"https:\/\/lmprodutosnaturais.com.br\/loja\/wp-json\/wp\/v2\/product_cat?post=13629"},{"taxonomy":"product_tag","embeddable":true,"href":"https:\/\/lmprodutosnaturais.com.br\/loja\/wp-json\/wp\/v2\/product_tag?post=13629"}],"curies":[{"name":"wp","href":"https:\/\/api.w.org\/{rel}","templated":true}]}}