{"id":13631,"date":"2020-11-19T14:46:54","date_gmt":"2020-11-19T17:46:54","guid":{"rendered":"https:\/\/lmprodutosnaturais.com.br\/loja\/?post_type=product&#038;p=13631"},"modified":"2026-04-02T16:08:42","modified_gmt":"2026-04-02T19:08:42","slug":"oleo-de-girassol-60ml-plant-ervas","status":"publish","type":"product","link":"https:\/\/lmprodutosnaturais.com.br\/loja\/produto\/oleo-de-girassol-60ml-plant-ervas\/","title":{"rendered":"OLEO DE GIRASSOL 60ML PLANT ERVAS"},"content":{"rendered":"<h1>Benef\u00edcios<\/h1>\n<h2>Protege as c\u00e9lulas do corpo, j\u00e1 que \u00e9 rico em vitamina E<\/h2>\n<h2>Ajuda na forma\u00e7\u00e3o de horm\u00f4nios importantes para o bom funcionamento do organismo<\/h2>\n<h2>Combate problemas degenerativos<\/h2>\n<h2>Melhora a sa\u00fade cardiovascular<\/h2>\n<h2>Ajuda a controlar o colesterol no sangue<\/h2>\n<h2>Previne o envelhecimento precoce<\/h2>\n<h2>Promove a hidrata\u00e7\u00e3o da pele e cabelos, quando aplicado diretamente.<\/h2>\n","protected":false},"excerpt":{"rendered":"<p>Benef\u00edcios Protege as c\u00e9lulas do corpo, j\u00e1 que \u00e9 rico em vitamina E Ajuda na forma\u00e7\u00e3o de horm\u00f4nios importantes para o bom funcionamento do organismo Combate problemas degenerativos Melhora a sa\u00fade cardiovascular Ajuda a controlar o colesterol no sangue Previne &hellip; <a href=\"https:\/\/lmprodutosnaturais.com.br\/loja\/produto\/oleo-de-girassol-60ml-plant-ervas\/\">Readmore<\/a><\/p>\n","protected":false},"featured_media":13632,"template":"","meta":{"_bbp_topic_count":0,"_bbp_reply_count":0,"_bbp_total_topic_count":0,"_bbp_total_reply_count":0,"_bbp_voice_count":0,"_bbp_anonymous_reply_count":0,"_bbp_topic_count_hidden":0,"_bbp_reply_count_hidden":0,"_bbp_forum_subforum_count":0},"product_brand":[],"product_cat":[377],"product_tag":[503],"class_list":{"0":"post-13631","1":"product","2":"type-product","3":"status-publish","4":"has-post-thumbnail","6":"product_cat-plant-ervas","7":"product_tag-oleo-de-girassol","9":"first","10":"instock","11":"shipping-taxable","12":"purchasable","13":"product-type-simple"},"_links":{"self":[{"href":"https:\/\/lmprodutosnaturais.com.br\/loja\/wp-json\/wp\/v2\/product\/13631","targetHints":{"allow":["GET"]}}],"collection":[{"href":"https:\/\/lmprodutosnaturais.com.br\/loja\/wp-json\/wp\/v2\/product"}],"about":[{"href":"https:\/\/lmprodutosnaturais.com.br\/loja\/wp-json\/wp\/v2\/types\/product"}],"wp:featuredmedia":[{"embeddable":true,"href":"https:\/\/lmprodutosnaturais.com.br\/loja\/wp-json\/wp\/v2\/media\/13632"}],"wp:attachment":[{"href":"https:\/\/lmprodutosnaturais.com.br\/loja\/wp-json\/wp\/v2\/media?parent=13631"}],"wp:term":[{"taxonomy":"product_brand","embeddable":true,"href":"https:\/\/lmprodutosnaturais.com.br\/loja\/wp-json\/wp\/v2\/product_brand?post=13631"},{"taxonomy":"product_cat","embeddable":true,"href":"https:\/\/lmprodutosnaturais.com.br\/loja\/wp-json\/wp\/v2\/product_cat?post=13631"},{"taxonomy":"product_tag","embeddable":true,"href":"https:\/\/lmprodutosnaturais.com.br\/loja\/wp-json\/wp\/v2\/product_tag?post=13631"}],"curies":[{"name":"wp","href":"https:\/\/api.w.org\/{rel}","templated":true}]}}