{"id":13633,"date":"2020-11-19T14:48:16","date_gmt":"2020-11-19T17:48:16","guid":{"rendered":"https:\/\/lmprodutosnaturais.com.br\/loja\/?post_type=product&#038;p=13633"},"modified":"2026-04-30T09:44:19","modified_gmt":"2026-04-30T12:44:19","slug":"oleo-de-alecrim-60ml-plant-ervas","status":"publish","type":"product","link":"https:\/\/lmprodutosnaturais.com.br\/loja\/produto\/oleo-de-alecrim-60ml-plant-ervas\/","title":{"rendered":"OLEO DE ALECRIM 60ML PLANT ERVAS"},"content":{"rendered":"<h1>Benef\u00edcios<\/h1>\n<h2>Melhorar a mem\u00f3ria<\/h2>\n<h2>Promover o rejuvenescimento facial<\/h2>\n<h2>Combater infec\u00e7\u00f5es<\/h2>\n<h2>Prevenir c\u00e1ries<\/h2>\n<h2>Aliviar os sintomas da indigest\u00e3o<\/h2>\n<h2>Estimular o crescimento do cabelo<\/h2>\n<h2>Aliviar as dores de cabe\u00e7a<\/h2>\n<h2>Melhorar a circula\u00e7\u00e3o.<\/h2>\n","protected":false},"excerpt":{"rendered":"<p>Benef\u00edcios Melhorar a mem\u00f3ria Promover o rejuvenescimento facial Combater infec\u00e7\u00f5es Prevenir c\u00e1ries Aliviar os sintomas da indigest\u00e3o Estimular o crescimento do cabelo Aliviar as dores de cabe\u00e7a Melhorar a circula\u00e7\u00e3o.<\/p>\n","protected":false},"featured_media":13634,"template":"","meta":{"_bbp_topic_count":0,"_bbp_reply_count":0,"_bbp_total_topic_count":0,"_bbp_total_reply_count":0,"_bbp_voice_count":0,"_bbp_anonymous_reply_count":0,"_bbp_topic_count_hidden":0,"_bbp_reply_count_hidden":0,"_bbp_forum_subforum_count":0},"product_brand":[],"product_cat":[377],"product_tag":[502],"class_list":{"0":"post-13633","1":"product","2":"type-product","3":"status-publish","4":"has-post-thumbnail","6":"product_cat-plant-ervas","7":"product_tag-oleo-de-alecrim","9":"first","10":"instock","11":"shipping-taxable","12":"purchasable","13":"product-type-simple"},"_links":{"self":[{"href":"https:\/\/lmprodutosnaturais.com.br\/loja\/wp-json\/wp\/v2\/product\/13633","targetHints":{"allow":["GET"]}}],"collection":[{"href":"https:\/\/lmprodutosnaturais.com.br\/loja\/wp-json\/wp\/v2\/product"}],"about":[{"href":"https:\/\/lmprodutosnaturais.com.br\/loja\/wp-json\/wp\/v2\/types\/product"}],"wp:featuredmedia":[{"embeddable":true,"href":"https:\/\/lmprodutosnaturais.com.br\/loja\/wp-json\/wp\/v2\/media\/13634"}],"wp:attachment":[{"href":"https:\/\/lmprodutosnaturais.com.br\/loja\/wp-json\/wp\/v2\/media?parent=13633"}],"wp:term":[{"taxonomy":"product_brand","embeddable":true,"href":"https:\/\/lmprodutosnaturais.com.br\/loja\/wp-json\/wp\/v2\/product_brand?post=13633"},{"taxonomy":"product_cat","embeddable":true,"href":"https:\/\/lmprodutosnaturais.com.br\/loja\/wp-json\/wp\/v2\/product_cat?post=13633"},{"taxonomy":"product_tag","embeddable":true,"href":"https:\/\/lmprodutosnaturais.com.br\/loja\/wp-json\/wp\/v2\/product_tag?post=13633"}],"curies":[{"name":"wp","href":"https:\/\/api.w.org\/{rel}","templated":true}]}}