{"id":14279,"date":"2021-05-10T11:21:30","date_gmt":"2021-05-10T14:21:30","guid":{"rendered":"https:\/\/lmprodutosnaturais.com.br\/loja\/?post_type=product&#038;p=14279"},"modified":"2026-04-29T11:22:32","modified_gmt":"2026-04-29T14:22:32","slug":"barra-de-castanhas-e-frutas-12-unidades","status":"publish","type":"product","link":"https:\/\/lmprodutosnaturais.com.br\/loja\/produto\/barra-de-castanhas-e-frutas-12-unidades\/","title":{"rendered":"BARRA DE CASTANHAS E FRUTAS 12 UNIDADES BANANA BRASIL"},"content":{"rendered":"<div class=\"grid12-6 no-gutter left\">\n<div id=\"caracteristicas\" class=\"texto-desc\">\n<p><span class=\"title-blocos\">Ingredientes<\/span><\/p>\n<div id=\"atributes\" class=\"tab-content\">Amendoim, castanha-de-caju, castanha-do-Brasil, uva passa, maltodextrina, damasco desidratado, am\u00eandoa, polidextrose, semente de girassol, goma ac\u00e1cia, gordura de palma (sustent\u00e1vel), umectante sorbitol, emulsificante lecitina de soja, edulcorante natural glicos\u00eddeos de esteviol (stevia) e antioxidante natural tocoferol (vitamina E). AL\u00c9RGICOS: CONT\u00c9M AMENDOIM, AM\u00caNDOA, CASTANHA-DE-CAJU, CASTANHA-DO-BRASIL E DERIVADO DE SOJA. PODE CONTER NOZES, LEITE E DERIVADOS DE LEITE E DE OVOS. N\u00c3O CONT\u00c9M GL\u00daTEN.<\/div>\n<\/div>\n<\/div>\n<div class=\"grid12-6 no-gutter right\">\n<div class=\"ingredientes-detailed\">\n<h5>INFORMA\u00c7\u00c3O NUTRICIONAL<\/h5>\n<p>Por\u00e7\u00f5es por embalagem: Por\u00e7\u00e3o de 25 g (1 unidade)<\/p>\n<p>Por\u00e7\u00e3o: (medida caseira)<\/p>\n<table class=\"data-tabela\">\n<tbody>\n<tr class=\"valores\">\n<td class=\"center\" colspan=\"1\">Quantidade por por\u00e7\u00e3o<\/td>\n<td class=\"center\"><\/td>\n<td class=\"center\"><\/td>\n<td class=\"center\">%VD*<\/td>\n<\/tr>\n<tr>\n<td class=\"nome\">Valor Energ\u00e9tico<\/td>\n<td class=\"center\">125 kcal = 527 kJ<\/td>\n<td class=\"center\">6%<\/td>\n<td class=\"center\"><\/td>\n<\/tr>\n<tr>\n<td class=\"nome\">Carboidratos<\/td>\n<td class=\"center\">10g dos quais:<\/td>\n<td class=\"center\">3%<\/td>\n<td class=\"center\"><\/td>\n<\/tr>\n<tr>\n<td class=\"nome\">A\u00e7\u00facares<\/td>\n<td class=\"center\">2.4g<\/td>\n<td class=\"center\">**<\/td>\n<td class=\"center\"><\/td>\n<\/tr>\n<tr>\n<td class=\"nome\">Prote\u00ednas<\/td>\n<td class=\"center\">3.4g<\/td>\n<td class=\"center\">5%<\/td>\n<td class=\"center\"><\/td>\n<\/tr>\n<tr>\n<td class=\"nome\">Gordura Totais<\/td>\n<td class=\"center\">8.5g<\/td>\n<td class=\"center\">15%<\/td>\n<td class=\"center\"><\/td>\n<\/tr>\n<tr>\n<td class=\"nome\">Gordura Saturadas<\/td>\n<td class=\"center\">1.4g<\/td>\n<td class=\"center\">6%<\/td>\n<td class=\"center\"><\/td>\n<\/tr>\n<tr>\n<td class=\"nome\">Gordura Trans<\/td>\n<td class=\"center\">0g<\/td>\n<td class=\"center\">**<\/td>\n<td class=\"center\"><\/td>\n<\/tr>\n<tr>\n<td class=\"nome\">Fibras Alimentares<\/td>\n<td class=\"center\">2.5g<\/td>\n<td class=\"center\">10%<\/td>\n<td class=\"center\"><\/td>\n<\/tr>\n<tr>\n<td class=\"nome\">S\u00f3dio<\/td>\n<td class=\"center\">0mg<\/td>\n<td class=\"center\">0%<\/td>\n<td class=\"center\"><\/td>\n<\/tr>\n<\/tbody>\n<\/table>\n<p>*% Valores di\u00e1rios com base em uma dieta de 2000 kcal ou 8400 kJ. Seus valores di\u00e1rios podem ser maiores ou menores dependendo de suas necessidades energ\u00e9ticas. **Valores di\u00e1rios n\u00e3o estabelecidos.<\/p>\n<\/div>\n<\/div>\n","protected":false},"excerpt":{"rendered":"<p>Ingredientes Amendoim, castanha-de-caju, castanha-do-Brasil, uva passa, maltodextrina, damasco desidratado, am\u00eandoa, polidextrose, semente de girassol, goma ac\u00e1cia, gordura de palma (sustent\u00e1vel), umectante sorbitol, emulsificante lecitina de soja, edulcorante natural glicos\u00eddeos de esteviol (stevia) e antioxidante natural tocoferol (vitamina E). AL\u00c9RGICOS: CONT\u00c9M &hellip; <a href=\"https:\/\/lmprodutosnaturais.com.br\/loja\/produto\/barra-de-castanhas-e-frutas-12-unidades\/\">Readmore<\/a><\/p>\n","protected":false},"featured_media":19805,"template":"","meta":{"_bbp_topic_count":0,"_bbp_reply_count":0,"_bbp_total_topic_count":0,"_bbp_total_reply_count":0,"_bbp_voice_count":0,"_bbp_anonymous_reply_count":0,"_bbp_topic_count_hidden":0,"_bbp_reply_count_hidden":0,"_bbp_forum_subforum_count":0},"product_brand":[],"product_cat":[433],"product_tag":[],"class_list":{"0":"post-14279","1":"product","2":"type-product","3":"status-publish","4":"has-post-thumbnail","6":"product_cat-banana-brasil","8":"first","9":"instock","10":"shipping-taxable","11":"purchasable","12":"product-type-simple"},"_links":{"self":[{"href":"https:\/\/lmprodutosnaturais.com.br\/loja\/wp-json\/wp\/v2\/product\/14279","targetHints":{"allow":["GET"]}}],"collection":[{"href":"https:\/\/lmprodutosnaturais.com.br\/loja\/wp-json\/wp\/v2\/product"}],"about":[{"href":"https:\/\/lmprodutosnaturais.com.br\/loja\/wp-json\/wp\/v2\/types\/product"}],"wp:featuredmedia":[{"embeddable":true,"href":"https:\/\/lmprodutosnaturais.com.br\/loja\/wp-json\/wp\/v2\/media\/19805"}],"wp:attachment":[{"href":"https:\/\/lmprodutosnaturais.com.br\/loja\/wp-json\/wp\/v2\/media?parent=14279"}],"wp:term":[{"taxonomy":"product_brand","embeddable":true,"href":"https:\/\/lmprodutosnaturais.com.br\/loja\/wp-json\/wp\/v2\/product_brand?post=14279"},{"taxonomy":"product_cat","embeddable":true,"href":"https:\/\/lmprodutosnaturais.com.br\/loja\/wp-json\/wp\/v2\/product_cat?post=14279"},{"taxonomy":"product_tag","embeddable":true,"href":"https:\/\/lmprodutosnaturais.com.br\/loja\/wp-json\/wp\/v2\/product_tag?post=14279"}],"curies":[{"name":"wp","href":"https:\/\/api.w.org\/{rel}","templated":true}]}}