{"id":14461,"date":"2021-07-20T11:08:17","date_gmt":"2021-07-20T14:08:17","guid":{"rendered":"https:\/\/lmprodutosnaturais.com.br\/loja\/?post_type=product&#038;p=14461"},"modified":"2026-03-30T11:57:57","modified_gmt":"2026-03-30T14:57:57","slug":"tri-magnesio-tauratomalato-e-quelato-500mg-60-caps","status":"publish","type":"product","link":"https:\/\/lmprodutosnaturais.com.br\/loja\/produto\/tri-magnesio-tauratomalato-e-quelato-500mg-60-caps\/","title":{"rendered":"TRI MAGNESIO (TAURATO,MALATO E QUELATO) 500MG 60 CAPS"},"content":{"rendered":"<div class=\"wp-menu-arrow\">\n<div>\n<p>O magn\u00e9sio \u00e9 um nutriente essencial e cada associa\u00e7\u00e3o ao agir de diferentes formas, unimos TR\u00caS em uma s\u00f3 c\u00e1psula, dessa forma conseguimos atuar em diversos processos como ajudar a diminuir ansiedade, estresse e melhorar o racioc\u00ednio, concentra\u00e7\u00e3o, aprendizado e mem\u00f3ria.<\/p>\n<p><strong>MALATO DE MAGN\u00c9SIO<\/strong>\u00a0(\u00e1cido m\u00e1lico e magn\u00e9sio): tem propriedades que reduzem dores musculares, energizam as c\u00e9lulas, al\u00e9m de contribuir com a capacidade motora e cognitiva.<\/p>\n<p><strong>TAURATO DE MAGN\u00c9SIO<\/strong>\u00a0(taurina e magn\u00e9sio): possui a\u00e7\u00e3o antioxidante em treinos de resist\u00eancia e redutor da fadiga muscular, aumenta a quantidade de c\u00e1lcio liberada nas c\u00e9lulas potencializando a contra\u00e7\u00e3o muscular por isso pode prevenir doen\u00e7as cardiovasculares.<\/p>\n<p><strong>BISGLICINATO DE MAGN\u00c9SIO<\/strong>\u00a0(glicina e magn\u00e9sio): apresenta alto teor de magn\u00e9sio biodispon\u00edvel, absorv\u00edvel e segura. Indicado para suprir defici\u00eancias de magn\u00e9sio, possui a\u00e7\u00e3o calmante, redutora de stress e melhora a qualidade do sono.<\/p>\n<\/div>\n<\/div>\n<div class=\"wp-menu-image dashicons-before\">\n<p class=\"has-medium-font-size\"><strong>O magn\u00e9sio \u00e9 um nutriente essencial e cada associa\u00e7\u00e3o atual de diferentes formas. Unimos tr\u00eas em uma s\u00f3 c\u00e1psula, que pode ajudar a diminuir ansiedade e estresse, al\u00e9m de melhorar o racioc\u00ednio, concentra\u00e7\u00e3o, aprendizado e mem\u00f3ria.<\/strong><\/p>\n<h3 class=\"wp-block-heading\">RECOMENDA\u00c7\u00c3O DE USO:<\/h3>\n<p>Ingerir 02 c\u00e1psulas ao dia.<\/p>\n<h3 class=\"wp-block-heading\">INFORMA\u00c7\u00c3O NUTRICIONAL:<\/h3>\n<p>Magn\u00e9sio 260mg (62% VD*) \u2022 Taurina 120mg . *Percentual de valores di\u00e1rios fornecidos pela por\u00e7\u00e3o<\/p>\n<h3 class=\"wp-block-heading\">INGREDIENTES:<\/h3>\n<p>Bisglicinato de Magn\u00e9sio, Taurato de Magn\u00e9sio, Malato de Magn\u00e9sio, Silicato de Magn\u00e9sio (INS 553i), Di\u00f3xido de Sil\u00edcio (INS 551). Composi\u00e7\u00e3o da c\u00e1psula: Gelatina. N\u00c3O CONT\u00c9M GL\u00daTEN<\/p>\n<h3 class=\"wp-block-heading\">CONTE\u00daDO:<\/h3>\n<p>60 c\u00e1psulas<\/p>\n<\/div>\n<div class=\"wp-menu-name\"><\/div>\n","protected":false},"excerpt":{"rendered":"<p>O magn\u00e9sio \u00e9 um nutriente essencial e cada associa\u00e7\u00e3o ao agir de diferentes formas, unimos TR\u00caS em uma s\u00f3 c\u00e1psula, dessa forma conseguimos atuar em diversos processos como ajudar a diminuir ansiedade, estresse e melhorar o racioc\u00ednio, concentra\u00e7\u00e3o, aprendizado e &hellip; <a href=\"https:\/\/lmprodutosnaturais.com.br\/loja\/produto\/tri-magnesio-tauratomalato-e-quelato-500mg-60-caps\/\">Readmore<\/a><\/p>\n","protected":false},"featured_media":18905,"template":"","meta":{"_bbp_topic_count":0,"_bbp_reply_count":0,"_bbp_total_topic_count":0,"_bbp_total_reply_count":0,"_bbp_voice_count":0,"_bbp_anonymous_reply_count":0,"_bbp_topic_count_hidden":0,"_bbp_reply_count_hidden":0,"_bbp_forum_subforum_count":0},"product_brand":[],"product_cat":[384],"product_tag":[456],"class_list":{"0":"post-14461","1":"product","2":"type-product","3":"status-publish","4":"has-post-thumbnail","6":"product_cat-capsulas-flora-nativa","7":"product_tag-magnesio","9":"first","10":"instock","11":"shipping-taxable","12":"purchasable","13":"product-type-simple"},"_links":{"self":[{"href":"https:\/\/lmprodutosnaturais.com.br\/loja\/wp-json\/wp\/v2\/product\/14461","targetHints":{"allow":["GET"]}}],"collection":[{"href":"https:\/\/lmprodutosnaturais.com.br\/loja\/wp-json\/wp\/v2\/product"}],"about":[{"href":"https:\/\/lmprodutosnaturais.com.br\/loja\/wp-json\/wp\/v2\/types\/product"}],"wp:featuredmedia":[{"embeddable":true,"href":"https:\/\/lmprodutosnaturais.com.br\/loja\/wp-json\/wp\/v2\/media\/18905"}],"wp:attachment":[{"href":"https:\/\/lmprodutosnaturais.com.br\/loja\/wp-json\/wp\/v2\/media?parent=14461"}],"wp:term":[{"taxonomy":"product_brand","embeddable":true,"href":"https:\/\/lmprodutosnaturais.com.br\/loja\/wp-json\/wp\/v2\/product_brand?post=14461"},{"taxonomy":"product_cat","embeddable":true,"href":"https:\/\/lmprodutosnaturais.com.br\/loja\/wp-json\/wp\/v2\/product_cat?post=14461"},{"taxonomy":"product_tag","embeddable":true,"href":"https:\/\/lmprodutosnaturais.com.br\/loja\/wp-json\/wp\/v2\/product_tag?post=14461"}],"curies":[{"name":"wp","href":"https:\/\/api.w.org\/{rel}","templated":true}]}}