{"id":14469,"date":"2021-07-20T13:10:45","date_gmt":"2021-07-20T16:10:45","guid":{"rendered":"https:\/\/lmprodutosnaturais.com.br\/loja\/?post_type=product&#038;p=14469"},"modified":"2026-03-06T10:20:38","modified_gmt":"2026-03-06T13:20:38","slug":"colageno-hidrolisado-verisol-250gr-sabor-frutas-fn","status":"publish","type":"product","link":"https:\/\/lmprodutosnaturais.com.br\/loja\/produto\/colageno-hidrolisado-verisol-250gr-sabor-frutas-fn\/","title":{"rendered":"COLAGENO HIDROLISADO VERISOL 250G (FRUTAS VERMELHAS) FN"},"content":{"rendered":"<p>Composto por pept\u00eddeos bioativos especialmente desenvolvidos para a pele, VERISOL estimula a produ\u00e7\u00e3o de col\u00e1geno, contribui para o retardo do envelhecimento, aumenta a elasticidade, reduz e suaviza as rugas.<\/p>\n<h3 class=\"wp-block-heading\">Modo de Preparo:<\/h3>\n<p>Adicionar 1 scoop dosador (10g) em 200 ml de \u00e1gua, suco ou bebida de sua prefer\u00eancia e mexer at\u00e9 dissolver completamente. Beba imediatamente ap\u00f3s o preparo, de prefer\u00eancia longe das refei\u00e7\u00f5es.<\/p>\n<h3 class=\"wp-block-heading\">Informa\u00e7\u00e3o nutricional:<\/h3>\n<p>Valor Energ\u00e9tico 6Kcal (0,3% VD*) \u2022 Fibra Alimentar 5,7 g (23% VD*) \u2022 Pept\u00eddeos Bioativos de Col\u00e1geno Hidrolisado com peso molecular m\u00e9dio de 2kDa 2,5g \u2022 Biotina 30mcg (100% VD*) \u2022 Cobre 900mcg (100% VD*) \u2022 Vitamina A 600mcg (75%\u00a0\u00a0\u00a0\u00a0\u00a0 VD*) \u2022 Vitamina B1 1,2mg (100%\u00a0\u00a0\u00a0\u00a0\u00a0 VD*) \u2022 Vitamina B2 1,3mg (100% VD*) \u2022 Niacina 10mg de NE (67% VD*) \u2022 Vitamina B6 1,3mg (100%\u00a0 VD*) \u2022 \u00c1cido Pantotenico 5mg (100% VD*) \u2022 Vitamina B12 2,4mcg (100% VD*) \u2022 Vitamina C 50mg (50% VD*) \u2022 Vitamina E 10mg (67% VD*) \u2022 Sel\u00eanio 34mcg (57% VD*) \u2022 Zinco 7mg (64% VD*)<\/p>\n<p>* Percentual de valores di\u00e1rios fornecidos pela por\u00e7\u00e3o<\/p>\n","protected":false},"excerpt":{"rendered":"<p>Composto por pept\u00eddeos bioativos especialmente desenvolvidos para a pele, VERISOL estimula a produ\u00e7\u00e3o de col\u00e1geno, contribui para o retardo do envelhecimento, aumenta a elasticidade, reduz e suaviza as rugas. Modo de Preparo: Adicionar 1 scoop dosador (10g) em 200 ml &hellip; <a href=\"https:\/\/lmprodutosnaturais.com.br\/loja\/produto\/colageno-hidrolisado-verisol-250gr-sabor-frutas-fn\/\">Readmore<\/a><\/p>\n","protected":false},"featured_media":14540,"template":"","meta":{"_bbp_topic_count":0,"_bbp_reply_count":0,"_bbp_total_topic_count":0,"_bbp_total_reply_count":0,"_bbp_voice_count":0,"_bbp_anonymous_reply_count":0,"_bbp_topic_count_hidden":0,"_bbp_reply_count_hidden":0,"_bbp_forum_subforum_count":0},"product_brand":[],"product_cat":[384],"product_tag":[435,436],"class_list":{"0":"post-14469","1":"product","2":"type-product","3":"status-publish","4":"has-post-thumbnail","6":"product_cat-capsulas-flora-nativa","7":"product_tag-colageno","8":"product_tag-verisol","10":"first","11":"instock","12":"shipping-taxable","13":"purchasable","14":"product-type-simple"},"_links":{"self":[{"href":"https:\/\/lmprodutosnaturais.com.br\/loja\/wp-json\/wp\/v2\/product\/14469","targetHints":{"allow":["GET"]}}],"collection":[{"href":"https:\/\/lmprodutosnaturais.com.br\/loja\/wp-json\/wp\/v2\/product"}],"about":[{"href":"https:\/\/lmprodutosnaturais.com.br\/loja\/wp-json\/wp\/v2\/types\/product"}],"wp:featuredmedia":[{"embeddable":true,"href":"https:\/\/lmprodutosnaturais.com.br\/loja\/wp-json\/wp\/v2\/media\/14540"}],"wp:attachment":[{"href":"https:\/\/lmprodutosnaturais.com.br\/loja\/wp-json\/wp\/v2\/media?parent=14469"}],"wp:term":[{"taxonomy":"product_brand","embeddable":true,"href":"https:\/\/lmprodutosnaturais.com.br\/loja\/wp-json\/wp\/v2\/product_brand?post=14469"},{"taxonomy":"product_cat","embeddable":true,"href":"https:\/\/lmprodutosnaturais.com.br\/loja\/wp-json\/wp\/v2\/product_cat?post=14469"},{"taxonomy":"product_tag","embeddable":true,"href":"https:\/\/lmprodutosnaturais.com.br\/loja\/wp-json\/wp\/v2\/product_tag?post=14469"}],"curies":[{"name":"wp","href":"https:\/\/api.w.org\/{rel}","templated":true}]}}