{"id":14484,"date":"2021-07-28T14:51:29","date_gmt":"2021-07-28T17:51:29","guid":{"rendered":"https:\/\/lmprodutosnaturais.com.br\/loja\/?post_type=product&#038;p=14484"},"modified":"2026-04-01T08:36:22","modified_gmt":"2026-04-01T11:36:22","slug":"coenzima-q10-vitaminas-500mg-60-capsulas-fn","status":"publish","type":"product","link":"https:\/\/lmprodutosnaturais.com.br\/loja\/produto\/coenzima-q10-vitaminas-500mg-60-capsulas-fn\/","title":{"rendered":"COENZIMA Q10 + VITAMINAS 500MG 60 CAPSULAS FN"},"content":{"rendered":"<p>A coenzima Q10 \u00e9 um nutriente encontrado naturalmente nas c\u00e9lulas do corpo que diminui a sua produ\u00e7\u00e3o com o passar dos anos, obtido atrav\u00e9s da suplementa\u00e7\u00e3o e alimenta\u00e7\u00e3o. Associada com vitaminas e minerais \u00e9 um composto importante para a produ\u00e7\u00e3o de energia e repara\u00e7\u00e3o celular, tamb\u00e9m tem potente a\u00e7\u00e3o antioxidante.<\/p>\n<h3 class=\"wp-block-heading\">Recomenda\u00e7\u00e3o de uso:<\/h3>\n<p>Ingerir 2 c\u00e1psulas ao dia.<\/p>\n<h3 class=\"wp-block-heading\">Informa\u00e7\u00e3o nutricional:<\/h3>\n<p>Coenzima Q10 50 mg \u2022 Vitamina A 1200 mcg (150% VD*) \u2022 Vitamina B1 1,2 mg (100% VD*) \u2022 Vitamina B2 1,3 mg (100% VD*) \u2022 Niacina 10 mg (67% VD*) \u2022 \u00c1cido Pantot\u00eanico 5,64 mg (113% VD*) \u2022 Vitamina B6 1,3 mg (100% VD*) \u2022 Vitamina B12 2,4 mcg (100% VD*) \u2022 Vitamina C 45 mg (100% VD*) \u2022 Vitamina E 10mg (67% VD*)<\/p>\n<p>* Percentual de valores di\u00e1rios fornecidos pela por\u00e7\u00e3o.<\/p>\n<h3 class=\"wp-block-heading\">Ingredientes:<\/h3>\n<p>Coenzima Q10, \u00c1cido Asc\u00f3rbico (Vitamina C), Acetato de DL-Alfa-Tocoferol (Vitamina E), Nicotinamida (Vitamina B3), D-Pantotenato de C\u00e1lcio (Vitamina B5), Cloridrato de Piridoxina (Vitamina B6), Riboflavina (Vitamina B2), Cloridrato de Tiamina (Vitamina B1), Cianocobalamina (Vitamina B12), Silicato de Magn\u00e9sio (INS 553i), Di\u00f3xido de Sil\u00edcio (INS 551).<\/p>\n<h3 class=\"wp-block-heading\">Composi\u00e7\u00e3o da c\u00e1psula:<\/h3>\n<p>Gelatina, Di\u00f3xido de Tit\u00e2nio e Tartrazina<\/p>\n","protected":false},"excerpt":{"rendered":"<p>A coenzima Q10 \u00e9 um nutriente encontrado naturalmente nas c\u00e9lulas do corpo que diminui a sua produ\u00e7\u00e3o com o passar dos anos, obtido atrav\u00e9s da suplementa\u00e7\u00e3o e alimenta\u00e7\u00e3o. Associada com vitaminas e minerais \u00e9 um composto importante para a produ\u00e7\u00e3o &hellip; <a href=\"https:\/\/lmprodutosnaturais.com.br\/loja\/produto\/coenzima-q10-vitaminas-500mg-60-capsulas-fn\/\">Readmore<\/a><\/p>\n","protected":false},"featured_media":20205,"template":"","meta":{"_bbp_topic_count":0,"_bbp_reply_count":0,"_bbp_total_topic_count":0,"_bbp_total_reply_count":0,"_bbp_voice_count":0,"_bbp_anonymous_reply_count":0,"_bbp_topic_count_hidden":0,"_bbp_reply_count_hidden":0,"_bbp_forum_subforum_count":0},"product_brand":[],"product_cat":[384],"product_tag":[442],"class_list":{"0":"post-14484","1":"product","2":"type-product","3":"status-publish","4":"has-post-thumbnail","6":"product_cat-capsulas-flora-nativa","7":"product_tag-coenzima-q10","9":"first","10":"instock","11":"shipping-taxable","12":"purchasable","13":"product-type-simple"},"_links":{"self":[{"href":"https:\/\/lmprodutosnaturais.com.br\/loja\/wp-json\/wp\/v2\/product\/14484","targetHints":{"allow":["GET"]}}],"collection":[{"href":"https:\/\/lmprodutosnaturais.com.br\/loja\/wp-json\/wp\/v2\/product"}],"about":[{"href":"https:\/\/lmprodutosnaturais.com.br\/loja\/wp-json\/wp\/v2\/types\/product"}],"wp:featuredmedia":[{"embeddable":true,"href":"https:\/\/lmprodutosnaturais.com.br\/loja\/wp-json\/wp\/v2\/media\/20205"}],"wp:attachment":[{"href":"https:\/\/lmprodutosnaturais.com.br\/loja\/wp-json\/wp\/v2\/media?parent=14484"}],"wp:term":[{"taxonomy":"product_brand","embeddable":true,"href":"https:\/\/lmprodutosnaturais.com.br\/loja\/wp-json\/wp\/v2\/product_brand?post=14484"},{"taxonomy":"product_cat","embeddable":true,"href":"https:\/\/lmprodutosnaturais.com.br\/loja\/wp-json\/wp\/v2\/product_cat?post=14484"},{"taxonomy":"product_tag","embeddable":true,"href":"https:\/\/lmprodutosnaturais.com.br\/loja\/wp-json\/wp\/v2\/product_tag?post=14484"}],"curies":[{"name":"wp","href":"https:\/\/api.w.org\/{rel}","templated":true}]}}