{"id":14506,"date":"2021-08-02T12:49:19","date_gmt":"2021-08-02T15:49:19","guid":{"rendered":"https:\/\/lmprodutosnaturais.com.br\/loja\/?post_type=product&#038;p=14506"},"modified":"2026-03-18T10:19:16","modified_gmt":"2026-03-18T13:19:16","slug":"mw-vita-polivitaminico-500mg-30-caps","status":"publish","type":"product","link":"https:\/\/lmprodutosnaturais.com.br\/loja\/produto\/mw-vita-polivitaminico-500mg-30-caps\/","title":{"rendered":"MW VITA &#8211; POLIVITAMINICO 500mg 30 CAPS"},"content":{"rendered":"<div class=\"elementor-element elementor-element-2cfadc8 elementor-widget elementor-widget-woocommerce-product-title elementor-page-title elementor-widget-heading\" data-id=\"2cfadc8\" data-element_type=\"widget\" data-widget_type=\"woocommerce-product-title.default\">\n<div class=\"elementor-widget-container\">\n<h1 class=\"product_title entry-title elementor-heading-title elementor-size-default\">MW-VITA POLIVITAM\u00cdNICO \u2013 30 CAPS<\/h1>\n<\/div>\n<\/div>\n<div class=\"elementor-element elementor-element-d4eede4 elementor-widget elementor-widget-woocommerce-product-short-description\" data-id=\"d4eede4\" data-element_type=\"widget\" data-widget_type=\"woocommerce-product-short-description.default\">\n<div class=\"elementor-widget-container\">\n<div class=\"woocommerce-product-details__short-description\">\n<p><strong>Apresenta\u00e7\u00e3o: 500mg c\/ 30 c\u00e1psulas<\/strong><\/p>\n<p>MW-Vita Muwiz \u00e9 um suplemento Polivitam\u00ednico A-Z\u00a0que cont\u00e9m complexos de vitaminas e sais minerais que desempenham um papel fundamental no metabolismo e s\u00e3o imprescind\u00edveis para a manuten\u00e7\u00e3o e desenvolvimento das c\u00e9lulas e sistema imune.<\/p>\n<p><strong>Ingredientes:<\/strong>\u00a0Carbonato de c\u00e1lcio e magn\u00e9sio, c\u00e1lcio de ostra, mangan\u00eas, \u00e1cido asc\u00f3rbico, nicotinamida, ferro, zinco quelato, riboflavina, piridoxina, tiamina, cobre quelato, cromo quelato, ciaconobalamina, iodeto de pot\u00e1ssio, \u00e1cido pantot\u00eanico, molibid\u00eanio, colecalciferol, vitamina E. Composi\u00e7\u00e3o C\u00e1psula: gelatina, glicerina (umectante). CONT\u00c9M GL\u00daTEN.<\/p>\n<p>Conservar ao abrigo da luz, calor e umidade.<br \/>\nAp\u00f3s aberto consumir em at\u00e9 60 dias.<br \/>\nProduto indicado para o grupo populacional acima de 19 anos.<\/p>\n<p>Este produto n\u00e3o \u00e9 um medicamento.<br \/>\nN\u00e3o exceder a recomenda\u00e7\u00e3o di\u00e1ria de consumo indicada na embalagem. Mantenha fora do alcance de crian\u00e7as. Este produto n\u00e3o deve ser consumido por gestantes, lactantes e crian\u00e7as.<\/p>\n<p><strong>RECOMENDA\u00c7\u00c3O DE USO:<\/strong>\u00a0Consumir 01 c\u00e1psula ao dia.<\/p>\n<p>Produto dispensado de registro conforme RDC 240\/2018.<br \/>\n<img loading=\"lazy\" decoding=\"async\" class=\"alignnone size-medium wp-image-18926\" src=\"https:\/\/lmprodutosnaturais.com.br\/loja\/wp-content\/uploads\/2021\/08\/vita30-300x300.jpg\" alt=\"LM Distribuidora - Produtos Naturais\" width=\"300\" height=\"300\" title=\"LM Distribuidora - Produtos Naturais\" srcset=\"https:\/\/lmprodutosnaturais.com.br\/loja\/wp-content\/uploads\/2021\/08\/vita30-300x300.jpg 300w, https:\/\/lmprodutosnaturais.com.br\/loja\/wp-content\/uploads\/2021\/08\/vita30-150x150.jpg 150w, https:\/\/lmprodutosnaturais.com.br\/loja\/wp-content\/uploads\/2021\/08\/vita30-768x768.jpg 768w, https:\/\/lmprodutosnaturais.com.br\/loja\/wp-content\/uploads\/2021\/08\/vita30-1024x1024.jpg 1024w, https:\/\/lmprodutosnaturais.com.br\/loja\/wp-content\/uploads\/2021\/08\/vita30-600x600.jpg 600w, https:\/\/lmprodutosnaturais.com.br\/loja\/wp-content\/uploads\/2021\/08\/vita30-100x100.jpg 100w, https:\/\/lmprodutosnaturais.com.br\/loja\/wp-content\/uploads\/2021\/08\/vita30.jpg 1080w\" sizes=\"auto, (max-width: 300px) 100vw, 300px\" \/><\/p>\n<\/div>\n<\/div>\n<\/div>\n","protected":false},"excerpt":{"rendered":"<p>MW-VITA POLIVITAM\u00cdNICO \u2013 30 CAPS Apresenta\u00e7\u00e3o: 500mg c\/ 30 c\u00e1psulas MW-Vita Muwiz \u00e9 um suplemento Polivitam\u00ednico A-Z\u00a0que cont\u00e9m complexos de vitaminas e sais minerais que desempenham um papel fundamental no metabolismo e s\u00e3o imprescind\u00edveis para a manuten\u00e7\u00e3o e desenvolvimento das &hellip; <a href=\"https:\/\/lmprodutosnaturais.com.br\/loja\/produto\/mw-vita-polivitaminico-500mg-30-caps\/\">Readmore<\/a><\/p>\n","protected":false},"featured_media":14507,"template":"","meta":{"_bbp_topic_count":0,"_bbp_reply_count":0,"_bbp_total_topic_count":0,"_bbp_total_reply_count":0,"_bbp_voice_count":0,"_bbp_anonymous_reply_count":0,"_bbp_topic_count_hidden":0,"_bbp_reply_count_hidden":0,"_bbp_forum_subforum_count":0},"product_brand":[],"product_cat":[382,429],"product_tag":[453,452,451],"class_list":{"0":"post-14506","1":"product","2":"type-product","3":"status-publish","4":"has-post-thumbnail","6":"product_cat-capsulas-muwiz","7":"product_cat-promocoes","8":"product_tag-a-z","9":"product_tag-minerais","10":"product_tag-poli-vitaminico","12":"first","13":"instock","14":"sale","15":"shipping-taxable","16":"purchasable","17":"product-type-simple"},"_links":{"self":[{"href":"https:\/\/lmprodutosnaturais.com.br\/loja\/wp-json\/wp\/v2\/product\/14506","targetHints":{"allow":["GET"]}}],"collection":[{"href":"https:\/\/lmprodutosnaturais.com.br\/loja\/wp-json\/wp\/v2\/product"}],"about":[{"href":"https:\/\/lmprodutosnaturais.com.br\/loja\/wp-json\/wp\/v2\/types\/product"}],"wp:featuredmedia":[{"embeddable":true,"href":"https:\/\/lmprodutosnaturais.com.br\/loja\/wp-json\/wp\/v2\/media\/14507"}],"wp:attachment":[{"href":"https:\/\/lmprodutosnaturais.com.br\/loja\/wp-json\/wp\/v2\/media?parent=14506"}],"wp:term":[{"taxonomy":"product_brand","embeddable":true,"href":"https:\/\/lmprodutosnaturais.com.br\/loja\/wp-json\/wp\/v2\/product_brand?post=14506"},{"taxonomy":"product_cat","embeddable":true,"href":"https:\/\/lmprodutosnaturais.com.br\/loja\/wp-json\/wp\/v2\/product_cat?post=14506"},{"taxonomy":"product_tag","embeddable":true,"href":"https:\/\/lmprodutosnaturais.com.br\/loja\/wp-json\/wp\/v2\/product_tag?post=14506"}],"curies":[{"name":"wp","href":"https:\/\/api.w.org\/{rel}","templated":true}]}}