{"id":14519,"date":"2021-08-02T17:13:26","date_gmt":"2021-08-02T20:13:26","guid":{"rendered":"https:\/\/lmprodutosnaturais.com.br\/loja\/?post_type=product&#038;p=14519"},"modified":"2026-04-01T08:35:50","modified_gmt":"2026-04-01T11:35:50","slug":"triptofano-l-triptofano-250-mg-60-caps-fn","status":"publish","type":"product","link":"https:\/\/lmprodutosnaturais.com.br\/loja\/produto\/triptofano-l-triptofano-250-mg-60-caps-fn\/","title":{"rendered":"TRIPTOFANO &#8211; L TRIPTOFANO 250 MG 60 CAPS  FN"},"content":{"rendered":"<div class=\"woocommerce-product-details__short-description\">\n<p>O triptofano \u00e9 um amino\u00e1cido essencial que precisa ser ingerido atrav\u00e9s da suplementa\u00e7\u00e3o e\/ou alimenta\u00e7\u00e3o, sendo importante na produ\u00e7\u00e3o de serotonina que \u00e9 um neurotransmissor que regula o humor, o apetite e o sono, fatores importantes para um bom desempenho nos treinos, recupera\u00e7\u00e3o p\u00f3s treino e contribuem para o processo de hipertrofia e emagrecimento.<\/p>\n<\/div>\n<div id=\"ywbc_barcode_value\">\n<h3 class=\"wp-block-heading\">Recomenda\u00e7\u00e3o de uso:<\/h3>\n<p>Ingerir 03 c\u00e1psulas ao dia. Pode ser consumida pela manh\u00e3 ou noite antes de dormir.<\/p>\n<h3 class=\"wp-block-heading\">Informa\u00e7\u00e3o nutricional:<\/h3>\n<p>Triptofano 860mg<\/p>\n<h3 class=\"wp-block-heading\">Ingrediente:<\/h3>\n<p>L-Triptofano. Composi\u00e7\u00e3o da c\u00e1psula: Gelatina.\u00a0<strong>N\u00c3O CONT\u00c9M GL\u00daTEN.<\/strong><\/p>\n<h3 class=\"wp-block-heading\">Conte\u00fado:<\/h3>\n<p>60 C\u00e1psulas.<\/p>\n<\/div>\n","protected":false},"excerpt":{"rendered":"<p>O triptofano \u00e9 um amino\u00e1cido essencial que precisa ser ingerido atrav\u00e9s da suplementa\u00e7\u00e3o e\/ou alimenta\u00e7\u00e3o, sendo importante na produ\u00e7\u00e3o de serotonina que \u00e9 um neurotransmissor que regula o humor, o apetite e o sono, fatores importantes para um bom desempenho &hellip; <a href=\"https:\/\/lmprodutosnaturais.com.br\/loja\/produto\/triptofano-l-triptofano-250-mg-60-caps-fn\/\">Readmore<\/a><\/p>\n","protected":false},"featured_media":17394,"template":"","meta":{"_bbp_topic_count":0,"_bbp_reply_count":0,"_bbp_total_topic_count":0,"_bbp_total_reply_count":0,"_bbp_voice_count":0,"_bbp_anonymous_reply_count":0,"_bbp_topic_count_hidden":0,"_bbp_reply_count_hidden":0,"_bbp_forum_subforum_count":0},"product_brand":[],"product_cat":[384],"product_tag":[455],"class_list":{"0":"post-14519","1":"product","2":"type-product","3":"status-publish","4":"has-post-thumbnail","6":"product_cat-capsulas-flora-nativa","7":"product_tag-triptofano","9":"first","10":"instock","11":"shipping-taxable","12":"purchasable","13":"product-type-simple"},"_links":{"self":[{"href":"https:\/\/lmprodutosnaturais.com.br\/loja\/wp-json\/wp\/v2\/product\/14519","targetHints":{"allow":["GET"]}}],"collection":[{"href":"https:\/\/lmprodutosnaturais.com.br\/loja\/wp-json\/wp\/v2\/product"}],"about":[{"href":"https:\/\/lmprodutosnaturais.com.br\/loja\/wp-json\/wp\/v2\/types\/product"}],"wp:featuredmedia":[{"embeddable":true,"href":"https:\/\/lmprodutosnaturais.com.br\/loja\/wp-json\/wp\/v2\/media\/17394"}],"wp:attachment":[{"href":"https:\/\/lmprodutosnaturais.com.br\/loja\/wp-json\/wp\/v2\/media?parent=14519"}],"wp:term":[{"taxonomy":"product_brand","embeddable":true,"href":"https:\/\/lmprodutosnaturais.com.br\/loja\/wp-json\/wp\/v2\/product_brand?post=14519"},{"taxonomy":"product_cat","embeddable":true,"href":"https:\/\/lmprodutosnaturais.com.br\/loja\/wp-json\/wp\/v2\/product_cat?post=14519"},{"taxonomy":"product_tag","embeddable":true,"href":"https:\/\/lmprodutosnaturais.com.br\/loja\/wp-json\/wp\/v2\/product_tag?post=14519"}],"curies":[{"name":"wp","href":"https:\/\/api.w.org\/{rel}","templated":true}]}}