{"id":14635,"date":"2021-09-22T14:42:01","date_gmt":"2021-09-22T17:42:01","guid":{"rendered":"https:\/\/lmprodutosnaturais.com.br\/loja\/?post_type=product&#038;p=14635"},"modified":"2026-04-02T17:50:57","modified_gmt":"2026-04-02T20:50:57","slug":"vitamina-d3k2-30caps-2000ui-d3-e-149mcg-k2-500mg","status":"publish","type":"product","link":"https:\/\/lmprodutosnaturais.com.br\/loja\/produto\/vitamina-d3k2-30caps-2000ui-d3-e-149mcg-k2-500mg\/","title":{"rendered":"VITAMINA D3+K2 30CAPS (2000UI D3 e 149MCG K2) 500MG"},"content":{"rendered":"<p>Atua na forma\u00e7\u00e3o, manuten\u00e7\u00e3o e sa\u00fade dos ossos e dentes, auxilia o funcionamento do sistema imunol\u00f3gico, muscular e cardiovascular.<\/p>\n<h3 class=\"wp-block-heading\">Recomenda\u00e7\u00e3o de uso:<\/h3>\n<p>Ingerir 1 c\u00e1psula ao dia, preferencialmente ap\u00f3s almo\u00e7o ou jantar, ou conforme orienta\u00e7\u00e3o profissional.<\/p>\n<h3 class=\"wp-block-heading\">Informa\u00e7\u00e3o nutricional:<\/h3>\n<p>Vitamina D 50mcg \u2013 2000 UI (333% VD*) \u2022 Vitamina K 149mcg (124% VD*)<\/p>\n<p>* Percentual de valores di\u00e1rios fornecidos pela por\u00e7\u00e3o<\/p>\n<h3 class=\"wp-block-heading\">Ingredientes:<\/h3>\n<p>Menaquinona-7 (Vitamina K2); Colecalciferol (Vitamina D3), Silicato de Magn\u00e9sio (553i), Di\u00f3xido de Sil\u00edcio (551). Composi\u00e7\u00e3o da c\u00e1psula: Gelatina e Di\u00f3xido de Tit\u00e2nio.<\/p>\n","protected":false},"excerpt":{"rendered":"<p>Atua na forma\u00e7\u00e3o, manuten\u00e7\u00e3o e sa\u00fade dos ossos e dentes, auxilia o funcionamento do sistema imunol\u00f3gico, muscular e cardiovascular. Recomenda\u00e7\u00e3o de uso: Ingerir 1 c\u00e1psula ao dia, preferencialmente ap\u00f3s almo\u00e7o ou jantar, ou conforme orienta\u00e7\u00e3o profissional. Informa\u00e7\u00e3o nutricional: Vitamina D &hellip; <a href=\"https:\/\/lmprodutosnaturais.com.br\/loja\/produto\/vitamina-d3k2-30caps-2000ui-d3-e-149mcg-k2-500mg\/\">Readmore<\/a><\/p>\n","protected":false},"featured_media":16243,"template":"","meta":{"_bbp_topic_count":0,"_bbp_reply_count":0,"_bbp_total_topic_count":0,"_bbp_total_reply_count":0,"_bbp_voice_count":0,"_bbp_anonymous_reply_count":0,"_bbp_topic_count_hidden":0,"_bbp_reply_count_hidden":0,"_bbp_forum_subforum_count":0},"product_brand":[],"product_cat":[384],"product_tag":[581,501],"class_list":{"0":"post-14635","1":"product","2":"type-product","3":"status-publish","4":"has-post-thumbnail","6":"product_cat-capsulas-flora-nativa","7":"product_tag-vitamina-d3","8":"product_tag-vitamina-k2","10":"first","11":"instock","12":"shipping-taxable","13":"purchasable","14":"product-type-simple"},"_links":{"self":[{"href":"https:\/\/lmprodutosnaturais.com.br\/loja\/wp-json\/wp\/v2\/product\/14635","targetHints":{"allow":["GET"]}}],"collection":[{"href":"https:\/\/lmprodutosnaturais.com.br\/loja\/wp-json\/wp\/v2\/product"}],"about":[{"href":"https:\/\/lmprodutosnaturais.com.br\/loja\/wp-json\/wp\/v2\/types\/product"}],"wp:featuredmedia":[{"embeddable":true,"href":"https:\/\/lmprodutosnaturais.com.br\/loja\/wp-json\/wp\/v2\/media\/16243"}],"wp:attachment":[{"href":"https:\/\/lmprodutosnaturais.com.br\/loja\/wp-json\/wp\/v2\/media?parent=14635"}],"wp:term":[{"taxonomy":"product_brand","embeddable":true,"href":"https:\/\/lmprodutosnaturais.com.br\/loja\/wp-json\/wp\/v2\/product_brand?post=14635"},{"taxonomy":"product_cat","embeddable":true,"href":"https:\/\/lmprodutosnaturais.com.br\/loja\/wp-json\/wp\/v2\/product_cat?post=14635"},{"taxonomy":"product_tag","embeddable":true,"href":"https:\/\/lmprodutosnaturais.com.br\/loja\/wp-json\/wp\/v2\/product_tag?post=14635"}],"curies":[{"name":"wp","href":"https:\/\/api.w.org\/{rel}","templated":true}]}}