{"id":14728,"date":"2021-11-05T08:59:00","date_gmt":"2021-11-05T11:59:00","guid":{"rendered":"https:\/\/lmprodutosnaturais.com.br\/loja\/?post_type=product&#038;p=14728"},"modified":"2026-04-01T08:35:49","modified_gmt":"2026-04-01T11:35:49","slug":"colageno-verisol-night-triptofano-250gr-maracuja","status":"publish","type":"product","link":"https:\/\/lmprodutosnaturais.com.br\/loja\/produto\/colageno-verisol-night-triptofano-250gr-maracuja\/","title":{"rendered":"COLAGENO VERISOL NIGHT (TRIPTOFANO) 250GR MARACUJA FLORA NATIVA"},"content":{"rendered":"<p>omposto por pept\u00eddeos bioativos especialmente desenvolvidos para a pele, a suplementa\u00e7\u00e3o com VERISOL estimula a produ\u00e7\u00e3o de col\u00e1geno, contribui para o retardo do envelhecimento, reduz a forma\u00e7\u00e3o e suaviza as rugas, aumenta a elasticidade e pode ajudar a reduzir as celulites.<\/p>\n<h3 class=\"wp-block-heading\">Recomenda\u00e7\u00e3o de uso:<\/h3>\n<p>Ingerir 03 (tr\u00eas) c\u00e1psulas, 02 (duas) vezes ao dia com 200 ml (1 copo) de \u00e1gua, preferencialmente ap\u00f3s as refei\u00e7\u00f5es.<\/p>\n<h3 class=\"wp-block-heading\">Informa\u00e7\u00e3o nutricional:<\/h3>\n<p>Pept\u00eddeos Bioativos de Col\u00e1geno Hidrolisado com peso molecular m\u00e9dio de 2kDa 2,5g \u2022 Vitamina A 600mcg (75% VD*) \u2022 Vitamina C 23mg (23% VD*) \u2022 Vitamina E 10mg (67% VD*) \u2022 Biotina 30mcg (100% VD*) \u2022 Zinco 7mg (64% VD*) \u2022 Sel\u00eanio 34mcg (57% VD*)<\/p>\n<p>* Percentual de valores di\u00e1rios fornecidos pela por\u00e7\u00e3o<\/p>\n<h3 class=\"wp-block-heading\">Ingredientes:<\/h3>\n<p>Pept\u00eddeos Bioativos de Col\u00e1geno Hidrolisado com peso molecular m\u00e9dio de 2kDa (Verisol\u00ae), \u00c1cido Asc\u00f3rbico (Vitamina C), Acetato de DL-Alfa-Tocoferol (Vitamina E), Bisglicinato de Zinco, Acetato de Retinol (Vitamina A), Selenito de S\u00f3dio (Sel\u00eanio), D-Biotina (Vitamina B7), Silicato de Magn\u00e9sio (553i), Di\u00f3xido de Sil\u00edcio (551).<\/p>\n<h3 class=\"wp-block-heading\">Composi\u00e7\u00e3o da c\u00e1psula:<\/h3>\n<p>Gelatina, Azorrubina, Di\u00f3xido de Tit\u00e2nio e Azul Brilhante FCF.<\/p>\n","protected":false},"excerpt":{"rendered":"<p>omposto por pept\u00eddeos bioativos especialmente desenvolvidos para a pele, a suplementa\u00e7\u00e3o com VERISOL estimula a produ\u00e7\u00e3o de col\u00e1geno, contribui para o retardo do envelhecimento, reduz a forma\u00e7\u00e3o e suaviza as rugas, aumenta a elasticidade e pode ajudar a reduzir as &hellip; <a href=\"https:\/\/lmprodutosnaturais.com.br\/loja\/produto\/colageno-verisol-night-triptofano-250gr-maracuja\/\">Readmore<\/a><\/p>\n","protected":false},"featured_media":14742,"template":"","meta":{"_bbp_topic_count":0,"_bbp_reply_count":0,"_bbp_total_topic_count":0,"_bbp_total_reply_count":0,"_bbp_voice_count":0,"_bbp_anonymous_reply_count":0,"_bbp_topic_count_hidden":0,"_bbp_reply_count_hidden":0,"_bbp_forum_subforum_count":0},"product_brand":[],"product_cat":[384],"product_tag":[435,455,436],"class_list":{"0":"post-14728","1":"product","2":"type-product","3":"status-publish","4":"has-post-thumbnail","6":"product_cat-capsulas-flora-nativa","7":"product_tag-colageno","8":"product_tag-triptofano","9":"product_tag-verisol","11":"first","12":"instock","13":"shipping-taxable","14":"purchasable","15":"product-type-simple"},"_links":{"self":[{"href":"https:\/\/lmprodutosnaturais.com.br\/loja\/wp-json\/wp\/v2\/product\/14728","targetHints":{"allow":["GET"]}}],"collection":[{"href":"https:\/\/lmprodutosnaturais.com.br\/loja\/wp-json\/wp\/v2\/product"}],"about":[{"href":"https:\/\/lmprodutosnaturais.com.br\/loja\/wp-json\/wp\/v2\/types\/product"}],"wp:featuredmedia":[{"embeddable":true,"href":"https:\/\/lmprodutosnaturais.com.br\/loja\/wp-json\/wp\/v2\/media\/14742"}],"wp:attachment":[{"href":"https:\/\/lmprodutosnaturais.com.br\/loja\/wp-json\/wp\/v2\/media?parent=14728"}],"wp:term":[{"taxonomy":"product_brand","embeddable":true,"href":"https:\/\/lmprodutosnaturais.com.br\/loja\/wp-json\/wp\/v2\/product_brand?post=14728"},{"taxonomy":"product_cat","embeddable":true,"href":"https:\/\/lmprodutosnaturais.com.br\/loja\/wp-json\/wp\/v2\/product_cat?post=14728"},{"taxonomy":"product_tag","embeddable":true,"href":"https:\/\/lmprodutosnaturais.com.br\/loja\/wp-json\/wp\/v2\/product_tag?post=14728"}],"curies":[{"name":"wp","href":"https:\/\/api.w.org\/{rel}","templated":true}]}}