{"id":14762,"date":"2021-11-16T13:41:51","date_gmt":"2021-11-16T16:41:51","guid":{"rendered":"https:\/\/lmprodutosnaturais.com.br\/loja\/?post_type=product&#038;p=14762"},"modified":"2026-03-27T13:39:16","modified_gmt":"2026-03-27T16:39:16","slug":"melatonina-210mcg-120-caps-flora-nativa","status":"publish","type":"product","link":"https:\/\/lmprodutosnaturais.com.br\/loja\/produto\/melatonina-210mcg-120-caps-flora-nativa\/","title":{"rendered":"MELATONINA 210MCG 120 CAPS FLORA NATIVA"},"content":{"rendered":"<p>A melatonina, \u00e9 o horm\u00f4nio respons\u00e1vel pelo controle dos ciclos de sono e vig\u00edlia, sua suplementa\u00e7\u00e3o \u00e9 importante para a melhora da qualidade do sono e diminui\u00e7\u00e3o do estresse.<\/p>\n<h3 class=\"wp-block-heading\">Recomenda\u00e7\u00e3o de uso:<\/h3>\n<p>Ingerir 1 c\u00e1psula preferencialmente a noite.<\/p>\n<h3 class=\"wp-block-heading\">Informa\u00e7\u00e3o nutricional:<\/h3>\n<p>Melatonina 210mcg<\/p>\n<p>* Percentual de valores di\u00e1rios fornecidos pela por\u00e7\u00e3o.<\/p>\n<h3 class=\"wp-block-heading\">Ingredientes:<\/h3>\n<p>Melatonina, Silicato de Magn\u00e9sio (INS 553i), Di\u00f3xido de Sil\u00edcio (INS 551).<\/p>\n<h3 class=\"wp-block-heading\">Composi\u00e7\u00e3o da c\u00e1psula:<\/h3>\n<p>Gelatina.<\/p>\n<p>e Di\u00f3xido de Tit\u00e2nio.<\/p>\n","protected":false},"excerpt":{"rendered":"<p>A melatonina, \u00e9 o horm\u00f4nio respons\u00e1vel pelo controle dos ciclos de sono e vig\u00edlia, sua suplementa\u00e7\u00e3o \u00e9 importante para a melhora da qualidade do sono e diminui\u00e7\u00e3o do estresse. Recomenda\u00e7\u00e3o de uso: Ingerir 1 c\u00e1psula preferencialmente a noite. Informa\u00e7\u00e3o nutricional: &hellip; <a href=\"https:\/\/lmprodutosnaturais.com.br\/loja\/produto\/melatonina-210mcg-120-caps-flora-nativa\/\">Readmore<\/a><\/p>\n","protected":false},"featured_media":14788,"template":"","meta":{"_bbp_topic_count":0,"_bbp_reply_count":0,"_bbp_total_topic_count":0,"_bbp_total_reply_count":0,"_bbp_voice_count":0,"_bbp_anonymous_reply_count":0,"_bbp_topic_count_hidden":0,"_bbp_reply_count_hidden":0,"_bbp_forum_subforum_count":0},"product_brand":[],"product_cat":[384],"product_tag":[598],"class_list":{"0":"post-14762","1":"product","2":"type-product","3":"status-publish","4":"has-post-thumbnail","6":"product_cat-capsulas-flora-nativa","7":"product_tag-melatonina","9":"first","10":"instock","11":"shipping-taxable","12":"purchasable","13":"product-type-simple"},"_links":{"self":[{"href":"https:\/\/lmprodutosnaturais.com.br\/loja\/wp-json\/wp\/v2\/product\/14762","targetHints":{"allow":["GET"]}}],"collection":[{"href":"https:\/\/lmprodutosnaturais.com.br\/loja\/wp-json\/wp\/v2\/product"}],"about":[{"href":"https:\/\/lmprodutosnaturais.com.br\/loja\/wp-json\/wp\/v2\/types\/product"}],"wp:featuredmedia":[{"embeddable":true,"href":"https:\/\/lmprodutosnaturais.com.br\/loja\/wp-json\/wp\/v2\/media\/14788"}],"wp:attachment":[{"href":"https:\/\/lmprodutosnaturais.com.br\/loja\/wp-json\/wp\/v2\/media?parent=14762"}],"wp:term":[{"taxonomy":"product_brand","embeddable":true,"href":"https:\/\/lmprodutosnaturais.com.br\/loja\/wp-json\/wp\/v2\/product_brand?post=14762"},{"taxonomy":"product_cat","embeddable":true,"href":"https:\/\/lmprodutosnaturais.com.br\/loja\/wp-json\/wp\/v2\/product_cat?post=14762"},{"taxonomy":"product_tag","embeddable":true,"href":"https:\/\/lmprodutosnaturais.com.br\/loja\/wp-json\/wp\/v2\/product_tag?post=14762"}],"curies":[{"name":"wp","href":"https:\/\/api.w.org\/{rel}","templated":true}]}}