{"id":14951,"date":"2022-02-03T10:11:30","date_gmt":"2022-02-03T13:11:30","guid":{"rendered":"https:\/\/lmprodutosnaturais.com.br\/loja\/?post_type=product&#038;p=14951"},"modified":"2026-04-02T14:26:36","modified_gmt":"2026-04-02T17:26:36","slug":"oleo-de-linhaca-dourada-250ml-pazze","status":"publish","type":"product","link":"https:\/\/lmprodutosnaturais.com.br\/loja\/produto\/oleo-de-linhaca-dourada-250ml-pazze\/","title":{"rendered":"OLEO DE LINHA\u00c7A DOURADA 250ML PAZZE"},"content":{"rendered":"<p>\u00d3leo Vegetal prensado \u00e0 frio, engarrafado e lacrado. Pode ser utilizado nos mais variados pratos dando um toque muito especial e saboroso.<\/p>\n<p>\u00c9 reconhecido como uma das mais ricas fontes de \u00f4mega 3, 6 e 9. Por\u00e9m \u00e9 o \u00fanico com alta concentra\u00e7\u00e3o de \u00f4mega 3, cerca de 57%. Tem sabor levemente amargo. Acrescente como tempero de saladas e na prepara\u00e7\u00e3o de pratos especiais.<\/p>\n<p>\u2013 Composi\u00e7\u00e3o: \u00d3leo de Linha\u00e7a Dourada prensado a frio.<br \/>\n\u2013 Validade 360 dias.<\/p>\n","protected":false},"excerpt":{"rendered":"<p>\u00d3leo Vegetal prensado \u00e0 frio, engarrafado e lacrado. Pode ser utilizado nos mais variados pratos dando um toque muito especial e saboroso. \u00c9 reconhecido como uma das mais ricas fontes de \u00f4mega 3, 6 e 9. Por\u00e9m \u00e9 o \u00fanico &hellip; <a href=\"https:\/\/lmprodutosnaturais.com.br\/loja\/produto\/oleo-de-linhaca-dourada-250ml-pazze\/\">Readmore<\/a><\/p>\n","protected":false},"featured_media":14952,"template":"","meta":{"_bbp_topic_count":0,"_bbp_reply_count":0,"_bbp_total_topic_count":0,"_bbp_total_reply_count":0,"_bbp_voice_count":0,"_bbp_anonymous_reply_count":0,"_bbp_topic_count_hidden":0,"_bbp_reply_count_hidden":0,"_bbp_forum_subforum_count":0},"product_brand":[],"product_cat":[612],"product_tag":[623],"class_list":{"0":"post-14951","1":"product","2":"type-product","3":"status-publish","4":"has-post-thumbnail","6":"product_cat-pazze","7":"product_tag-oleo-de-linhaca-dourada","9":"first","10":"instock","11":"shipping-taxable","12":"purchasable","13":"product-type-simple"},"_links":{"self":[{"href":"https:\/\/lmprodutosnaturais.com.br\/loja\/wp-json\/wp\/v2\/product\/14951","targetHints":{"allow":["GET"]}}],"collection":[{"href":"https:\/\/lmprodutosnaturais.com.br\/loja\/wp-json\/wp\/v2\/product"}],"about":[{"href":"https:\/\/lmprodutosnaturais.com.br\/loja\/wp-json\/wp\/v2\/types\/product"}],"wp:featuredmedia":[{"embeddable":true,"href":"https:\/\/lmprodutosnaturais.com.br\/loja\/wp-json\/wp\/v2\/media\/14952"}],"wp:attachment":[{"href":"https:\/\/lmprodutosnaturais.com.br\/loja\/wp-json\/wp\/v2\/media?parent=14951"}],"wp:term":[{"taxonomy":"product_brand","embeddable":true,"href":"https:\/\/lmprodutosnaturais.com.br\/loja\/wp-json\/wp\/v2\/product_brand?post=14951"},{"taxonomy":"product_cat","embeddable":true,"href":"https:\/\/lmprodutosnaturais.com.br\/loja\/wp-json\/wp\/v2\/product_cat?post=14951"},{"taxonomy":"product_tag","embeddable":true,"href":"https:\/\/lmprodutosnaturais.com.br\/loja\/wp-json\/wp\/v2\/product_tag?post=14951"}],"curies":[{"name":"wp","href":"https:\/\/api.w.org\/{rel}","templated":true}]}}