{"id":14963,"date":"2022-02-03T10:25:27","date_gmt":"2022-02-03T13:25:27","guid":{"rendered":"https:\/\/lmprodutosnaturais.com.br\/loja\/?post_type=product&#038;p=14963"},"modified":"2026-03-13T14:03:20","modified_gmt":"2026-03-13T17:03:20","slug":"oleo-de-semente-de-uva-250ml-pazze","status":"publish","type":"product","link":"https:\/\/lmprodutosnaturais.com.br\/loja\/produto\/oleo-de-semente-de-uva-250ml-pazze\/","title":{"rendered":"OLEO DE SEMENTE DE UVA 250ML PAZZE"},"content":{"rendered":"<p>\u00d3leo Vegetal prensado \u00e0 frio, engarrafado e lacrado.Pode ser utilizado nos mais variados pratos dando um toque muito especial e saboroso.<\/p>\n<p>Fonte de \u00d4mega 6 e 9, vitaminas C, D, E e beta caroteno. Acrescente como tempero de saladas e na prepara\u00e7\u00e3o de pratos especiais.<\/p>\n<p>\u2013 Composi\u00e7\u00e3o: \u00d3leo de Semente de Uva prensado a frio.<br \/>\n\u2013 Validade 360 dias.<\/p>\n","protected":false},"excerpt":{"rendered":"<p>\u00d3leo Vegetal prensado \u00e0 frio, engarrafado e lacrado.Pode ser utilizado nos mais variados pratos dando um toque muito especial e saboroso. Fonte de \u00d4mega 6 e 9, vitaminas C, D, E e beta caroteno. Acrescente como tempero de saladas e &hellip; <a href=\"https:\/\/lmprodutosnaturais.com.br\/loja\/produto\/oleo-de-semente-de-uva-250ml-pazze\/\">Readmore<\/a><\/p>\n","protected":false},"featured_media":14964,"template":"","meta":{"_bbp_topic_count":0,"_bbp_reply_count":0,"_bbp_total_topic_count":0,"_bbp_total_reply_count":0,"_bbp_voice_count":0,"_bbp_anonymous_reply_count":0,"_bbp_topic_count_hidden":0,"_bbp_reply_count_hidden":0,"_bbp_forum_subforum_count":0},"product_brand":[],"product_cat":[612],"product_tag":[506],"class_list":{"0":"post-14963","1":"product","2":"type-product","3":"status-publish","4":"has-post-thumbnail","6":"product_cat-pazze","7":"product_tag-oleo-de-semente-de-uva","9":"first","10":"instock","11":"shipping-taxable","12":"purchasable","13":"product-type-simple"},"_links":{"self":[{"href":"https:\/\/lmprodutosnaturais.com.br\/loja\/wp-json\/wp\/v2\/product\/14963","targetHints":{"allow":["GET"]}}],"collection":[{"href":"https:\/\/lmprodutosnaturais.com.br\/loja\/wp-json\/wp\/v2\/product"}],"about":[{"href":"https:\/\/lmprodutosnaturais.com.br\/loja\/wp-json\/wp\/v2\/types\/product"}],"wp:featuredmedia":[{"embeddable":true,"href":"https:\/\/lmprodutosnaturais.com.br\/loja\/wp-json\/wp\/v2\/media\/14964"}],"wp:attachment":[{"href":"https:\/\/lmprodutosnaturais.com.br\/loja\/wp-json\/wp\/v2\/media?parent=14963"}],"wp:term":[{"taxonomy":"product_brand","embeddable":true,"href":"https:\/\/lmprodutosnaturais.com.br\/loja\/wp-json\/wp\/v2\/product_brand?post=14963"},{"taxonomy":"product_cat","embeddable":true,"href":"https:\/\/lmprodutosnaturais.com.br\/loja\/wp-json\/wp\/v2\/product_cat?post=14963"},{"taxonomy":"product_tag","embeddable":true,"href":"https:\/\/lmprodutosnaturais.com.br\/loja\/wp-json\/wp\/v2\/product_tag?post=14963"}],"curies":[{"name":"wp","href":"https:\/\/api.w.org\/{rel}","templated":true}]}}