{"id":14988,"date":"2022-02-10T13:55:39","date_gmt":"2022-02-10T16:55:39","guid":{"rendered":"https:\/\/lmprodutosnaturais.com.br\/loja\/?post_type=product&#038;p=14988"},"modified":"2026-03-31T17:32:24","modified_gmt":"2026-03-31T20:32:24","slug":"colageno-verisol-acido-hialuronico-120-caps-fn","status":"publish","type":"product","link":"https:\/\/lmprodutosnaturais.com.br\/loja\/produto\/colageno-verisol-acido-hialuronico-120-caps-fn\/","title":{"rendered":"COLAGENO VERISOL + ACIDO HIALURONICO 120 CAPS. FN"},"content":{"rendered":"<h3 class=\"wp-block-heading\">Recomenda\u00e7\u00e3o de uso:<\/h3>\n<p>Ingerir 03 tr\u00eas c\u00e1psulas ao dia, 02 (duas) vezes ao dia com 200 ml (1 copo) de \u00e1gua, preferencialmente ap\u00f3s as refei\u00e7\u00f5es.<\/p>\n<h3 class=\"wp-block-heading\">Informa\u00e7\u00e3o nutricional:<\/h3>\n<p>Pept\u00eddeos Bioativos de Col\u00e1geno Hidrolisado com peso molecular m\u00e9dio de 2kDa 2,5g \u2022 \u00c1cido Hialur\u00f4nico 60mg \u2022 Vitamina A 600mcg (75% VD<em>) \u2022 Vitamina C 23mg (23% VD<\/em>) \u2022 Vitamina E 10mg (67% VD<em>) \u2022 Biotina 30mcg (100% VD<\/em>) \u2022 Zinco 7mg (64% VD<em>) \u2022 Sel\u00eanio 34mcg (57% VD<\/em>). *Percentual de valores di\u00e1rios fornecidos pela por\u00e7\u00e3o.<\/p>\n<h3 class=\"wp-block-heading\">Ingredientes:<\/h3>\n<p>Pept\u00eddeos Bioativos de Col\u00e1geno Hidrolisado com peso molecular m\u00e9dio de 2kDa (Verisol\u00ae), Hialuronato de S\u00f3dio obtido pela fermenta\u00e7\u00e3o de Streptococcus Zoopidemicus, \u00c1cido Asc\u00f3rbico (Vitamina C), Acetato de DL-Alfa-Tocoferol (Vitamina E), Bisglicinato de Zinco, Acetato de Retinol (Vitamina A), Selenito de S\u00f3dio (Sel\u00eanio), D-Biotina (Vitamina B7), Silicato de Magn\u00e9sio (553i), Di\u00f3xido de Sil\u00edcio (551). Composi\u00e7\u00e3o da c\u00e1psula: Gelatina, Azorrubina, Di\u00f3xido de Tit\u00e2nio e Azul Brilhante FCF.\u00a0<strong>N\u00c3O CONT\u00c9M GL\u00daTEN.<\/strong><\/p>\n<div class=\"wp-block-spacer\" aria-hidden=\"true\"><\/div>\n<div class=\"wp-block-image\">\n<figure class=\"aligncenter size-full\"><img loading=\"lazy\" decoding=\"async\" class=\"wp-image-10946\" src=\"https:\/\/floranativadobrasil.com.br\/wp-content\/uploads\/2024\/06\/caps-colageno-techs.png\" sizes=\"auto, (max-width: 798px) 100vw, 798px\" srcset=\"https:\/\/floranativadobrasil.com.br\/wp-content\/uploads\/2024\/06\/caps-colageno-techs.png 798w, https:\/\/floranativadobrasil.com.br\/wp-content\/uploads\/2024\/06\/caps-colageno-techs-300x17.png 300w, https:\/\/floranativadobrasil.com.br\/wp-content\/uploads\/2024\/06\/caps-colageno-techs-768x42.png 768w\" alt=\"LM Distribuidora - Produtos Naturais\" width=\"798\" height=\"44\" title=\"LM Distribuidora - Produtos Naturais\"><\/figure>\n<\/div>\n<div class=\"wp-block-image\">\n<figure class=\"aligncenter size-full\"><img loading=\"lazy\" decoding=\"async\" class=\"wp-image-10947\" src=\"https:\/\/floranativadobrasil.com.br\/wp-content\/uploads\/2024\/06\/colag-techs.png\" sizes=\"auto, (max-width: 844px) 100vw, 844px\" srcset=\"https:\/\/floranativadobrasil.com.br\/wp-content\/uploads\/2024\/06\/colag-techs.png 844w, https:\/\/floranativadobrasil.com.br\/wp-content\/uploads\/2024\/06\/colag-techs-300x23.png 300w, https:\/\/floranativadobrasil.com.br\/wp-content\/uploads\/2024\/06\/colag-techs-768x58.png 768w\" alt=\"LM Distribuidora - Produtos Naturais\" width=\"844\" height=\"64\" title=\"LM Distribuidora - Produtos Naturais\"><\/figure>\n<\/div>\n","protected":false},"excerpt":{"rendered":"<p>Recomenda\u00e7\u00e3o de uso: Ingerir 03 tr\u00eas c\u00e1psulas ao dia, 02 (duas) vezes ao dia com 200 ml (1 copo) de \u00e1gua, preferencialmente ap\u00f3s as refei\u00e7\u00f5es. Informa\u00e7\u00e3o nutricional: Pept\u00eddeos Bioativos de Col\u00e1geno Hidrolisado com peso molecular m\u00e9dio de 2kDa 2,5g \u2022 &hellip; <a href=\"https:\/\/lmprodutosnaturais.com.br\/loja\/produto\/colageno-verisol-acido-hialuronico-120-caps-fn\/\">Readmore<\/a><\/p>\n","protected":false},"featured_media":14990,"template":"","meta":{"_bbp_topic_count":0,"_bbp_reply_count":0,"_bbp_total_topic_count":0,"_bbp_total_reply_count":0,"_bbp_voice_count":0,"_bbp_anonymous_reply_count":0,"_bbp_topic_count_hidden":0,"_bbp_reply_count_hidden":0,"_bbp_forum_subforum_count":0},"product_brand":[],"product_cat":[384],"product_tag":[536,627],"class_list":{"0":"post-14988","1":"product","2":"type-product","3":"status-publish","4":"has-post-thumbnail","6":"product_cat-capsulas-flora-nativa","7":"product_tag-acido-hialuronico","8":"product_tag-colageno-verisol","10":"first","11":"instock","12":"shipping-taxable","13":"purchasable","14":"product-type-simple"},"_links":{"self":[{"href":"https:\/\/lmprodutosnaturais.com.br\/loja\/wp-json\/wp\/v2\/product\/14988","targetHints":{"allow":["GET"]}}],"collection":[{"href":"https:\/\/lmprodutosnaturais.com.br\/loja\/wp-json\/wp\/v2\/product"}],"about":[{"href":"https:\/\/lmprodutosnaturais.com.br\/loja\/wp-json\/wp\/v2\/types\/product"}],"wp:featuredmedia":[{"embeddable":true,"href":"https:\/\/lmprodutosnaturais.com.br\/loja\/wp-json\/wp\/v2\/media\/14990"}],"wp:attachment":[{"href":"https:\/\/lmprodutosnaturais.com.br\/loja\/wp-json\/wp\/v2\/media?parent=14988"}],"wp:term":[{"taxonomy":"product_brand","embeddable":true,"href":"https:\/\/lmprodutosnaturais.com.br\/loja\/wp-json\/wp\/v2\/product_brand?post=14988"},{"taxonomy":"product_cat","embeddable":true,"href":"https:\/\/lmprodutosnaturais.com.br\/loja\/wp-json\/wp\/v2\/product_cat?post=14988"},{"taxonomy":"product_tag","embeddable":true,"href":"https:\/\/lmprodutosnaturais.com.br\/loja\/wp-json\/wp\/v2\/product_tag?post=14988"}],"curies":[{"name":"wp","href":"https:\/\/api.w.org\/{rel}","templated":true}]}}