{"id":15120,"date":"2022-03-16T11:29:43","date_gmt":"2022-03-16T14:29:43","guid":{"rendered":"https:\/\/lmprodutosnaturais.com.br\/loja\/?post_type=product&#038;p=15120"},"modified":"2026-03-27T13:43:12","modified_gmt":"2026-03-27T16:43:12","slug":"melatonina-associacoes-90-capsulas-flora-nativa","status":"publish","type":"product","link":"https:\/\/lmprodutosnaturais.com.br\/loja\/produto\/melatonina-associacoes-90-capsulas-flora-nativa\/","title":{"rendered":"MELATONINA + ASSOCIA\u00c7\u00d5ES 90 CAPSULAS FLORA NATIVA"},"content":{"rendered":"<h3 class=\"wp-block-heading\">Recomenda\u00e7\u00e3o de uso:<\/h3>\n<p>Ingerir 01 c\u00e1psula ao dia.<\/p>\n<h3 class=\"wp-block-heading\">Informa\u00e7\u00e3o nutricional:<\/h3>\n<p>Triptofano 150 mg \u2022 Melatonina 210 mcg \u2022 \u00c1cido F\u00f3lico 120 mcg (30% VD*) \u2022 Vitamina A\u00a0\u00a0\u00a0\u00a0\u00a0 300 mcg (37% VD*) \u2022 Vitamina B1 0,6 mg (50% VD*) \u2022 Vitamina B2 0,65 mg (50% VD*) \u2022 Niacina 5 mg (33% VD*) \u2022 \u00c1cido pantot\u00eanico 2,5 mg (50% VD*) \u2022 Vitamina B6 20 mg (1.538% VD*) \u2022 Vitamina B12 1,2 mcg (50% VD*) \u2022 Magn\u00e9sio 63 mg (15% VD*) \u2022 Zinco 2 mg (18% VD*)<\/p>\n<p>* Percentual de valores di\u00e1rios fornecidos pela por\u00e7\u00e3o<\/p>\n<h3 class=\"wp-block-heading\">Ingredientes:<\/h3>\n<p>L-Triptofano, Bisglicinato de Magn\u00e9sio, Cloridrato de Piridoxina (Vitamina B6), Niacinamida (Vitamina B3), Bisglicinato de Zinco, D-Pantotenato de C\u00e1lcio (Vitamina B5), Riboflavina (Vitamina B2), Cloridrato de Tiamina (Vitamina B1), Acetato de Retinol (Vitamina A), Melatonina, \u00c1cido F\u00f3lico (Vitamina B9), Metilcobalamina (Vitamina B12), Silicato de Magn\u00e9sio (INS 553i), Di\u00f3xido de Sil\u00edcio (INS 551).<\/p>\n<h3 class=\"wp-block-heading\">Composi\u00e7\u00e3o da c\u00e1psula:<\/h3>\n<p>Gelatina e Di\u00f3xido de Tit\u00e2nio.<\/p>\n","protected":false},"excerpt":{"rendered":"<p>Recomenda\u00e7\u00e3o de uso: Ingerir 01 c\u00e1psula ao dia. Informa\u00e7\u00e3o nutricional: Triptofano 150 mg \u2022 Melatonina 210 mcg \u2022 \u00c1cido F\u00f3lico 120 mcg (30% VD*) \u2022 Vitamina A\u00a0\u00a0\u00a0\u00a0\u00a0 300 mcg (37% VD*) \u2022 Vitamina B1 0,6 mg (50% VD*) \u2022 Vitamina &hellip; <a href=\"https:\/\/lmprodutosnaturais.com.br\/loja\/produto\/melatonina-associacoes-90-capsulas-flora-nativa\/\">Readmore<\/a><\/p>\n","protected":false},"featured_media":15121,"template":"","meta":{"_bbp_topic_count":0,"_bbp_reply_count":0,"_bbp_total_topic_count":0,"_bbp_total_reply_count":0,"_bbp_voice_count":0,"_bbp_anonymous_reply_count":0,"_bbp_topic_count_hidden":0,"_bbp_reply_count_hidden":0,"_bbp_forum_subforum_count":0},"product_brand":[],"product_cat":[384],"product_tag":[598,455],"class_list":{"0":"post-15120","1":"product","2":"type-product","3":"status-publish","4":"has-post-thumbnail","6":"product_cat-capsulas-flora-nativa","7":"product_tag-melatonina","8":"product_tag-triptofano","10":"first","11":"instock","12":"shipping-taxable","13":"purchasable","14":"product-type-simple"},"_links":{"self":[{"href":"https:\/\/lmprodutosnaturais.com.br\/loja\/wp-json\/wp\/v2\/product\/15120","targetHints":{"allow":["GET"]}}],"collection":[{"href":"https:\/\/lmprodutosnaturais.com.br\/loja\/wp-json\/wp\/v2\/product"}],"about":[{"href":"https:\/\/lmprodutosnaturais.com.br\/loja\/wp-json\/wp\/v2\/types\/product"}],"wp:featuredmedia":[{"embeddable":true,"href":"https:\/\/lmprodutosnaturais.com.br\/loja\/wp-json\/wp\/v2\/media\/15121"}],"wp:attachment":[{"href":"https:\/\/lmprodutosnaturais.com.br\/loja\/wp-json\/wp\/v2\/media?parent=15120"}],"wp:term":[{"taxonomy":"product_brand","embeddable":true,"href":"https:\/\/lmprodutosnaturais.com.br\/loja\/wp-json\/wp\/v2\/product_brand?post=15120"},{"taxonomy":"product_cat","embeddable":true,"href":"https:\/\/lmprodutosnaturais.com.br\/loja\/wp-json\/wp\/v2\/product_cat?post=15120"},{"taxonomy":"product_tag","embeddable":true,"href":"https:\/\/lmprodutosnaturais.com.br\/loja\/wp-json\/wp\/v2\/product_tag?post=15120"}],"curies":[{"name":"wp","href":"https:\/\/api.w.org\/{rel}","templated":true}]}}