{"id":15135,"date":"2022-03-24T09:53:17","date_gmt":"2022-03-24T12:53:17","guid":{"rendered":"https:\/\/lmprodutosnaturais.com.br\/loja\/?post_type=product&#038;p=15135"},"modified":"2026-03-31T08:31:27","modified_gmt":"2026-03-31T11:31:27","slug":"melatonina-gotas-30-ml-210-mcg-sabor-laranja","status":"publish","type":"product","link":"https:\/\/lmprodutosnaturais.com.br\/loja\/produto\/melatonina-gotas-30-ml-210-mcg-sabor-laranja\/","title":{"rendered":"MELATONINA GOTAS 30 ML (210 MCG) SABOR LARANJA"},"content":{"rendered":"<p>A melatonina, \u00e9 o horm\u00f4nio respons\u00e1vel pelo controle dos ciclos de sono e vig\u00edlia, sua suplementa\u00e7\u00e3o \u00e9 importante para a melhora da qualidade do sono e diminui\u00e7\u00e3o do estresse.<\/p>\n<h3 class=\"wp-block-heading\">Recomenda\u00e7\u00e3o de uso:<\/h3>\n<p>Ingerir 1 gota a noite.<\/p>\n<h3 class=\"wp-block-heading\">Informa\u00e7\u00e3o nutricional:<\/h3>\n<p>Melatonina 210mcg<\/p>\n<p>* Percentual de valores di\u00e1rios fornecidos pela por\u00e7\u00e3o.<\/p>\n<h3 class=\"wp-block-heading\">Ingredientes:<\/h3>\n<p>\u00c1gua Pot\u00e1vel Filtrada, Glicerina, \u00c1lcool de Cereais, Melatonina, \u00c1cido C\u00edtrico (INS 330), Acesulfame de Pot\u00e1ssio (INS 950), Sorbato de Pot\u00e1ssio (INS202), Aroma Id\u00eantico ao Natural de\u00a0<strong>Laranja ou Maracuj\u00e1<\/strong>, Glicos\u00eddeos de Steviol (INS 960).<\/p>\n","protected":false},"excerpt":{"rendered":"<p>A melatonina, \u00e9 o horm\u00f4nio respons\u00e1vel pelo controle dos ciclos de sono e vig\u00edlia, sua suplementa\u00e7\u00e3o \u00e9 importante para a melhora da qualidade do sono e diminui\u00e7\u00e3o do estresse. Recomenda\u00e7\u00e3o de uso: Ingerir 1 gota a noite. Informa\u00e7\u00e3o nutricional: Melatonina &hellip; <a href=\"https:\/\/lmprodutosnaturais.com.br\/loja\/produto\/melatonina-gotas-30-ml-210-mcg-sabor-laranja\/\">Readmore<\/a><\/p>\n","protected":false},"featured_media":15137,"template":"","meta":{"_bbp_topic_count":0,"_bbp_reply_count":0,"_bbp_total_topic_count":0,"_bbp_total_reply_count":0,"_bbp_voice_count":0,"_bbp_anonymous_reply_count":0,"_bbp_topic_count_hidden":0,"_bbp_reply_count_hidden":0,"_bbp_forum_subforum_count":0},"product_brand":[],"product_cat":[384,429],"product_tag":[598],"class_list":{"0":"post-15135","1":"product","2":"type-product","3":"status-publish","4":"has-post-thumbnail","6":"product_cat-capsulas-flora-nativa","7":"product_cat-promocoes","8":"product_tag-melatonina","10":"first","11":"instock","12":"sale","13":"shipping-taxable","14":"purchasable","15":"product-type-simple"},"_links":{"self":[{"href":"https:\/\/lmprodutosnaturais.com.br\/loja\/wp-json\/wp\/v2\/product\/15135","targetHints":{"allow":["GET"]}}],"collection":[{"href":"https:\/\/lmprodutosnaturais.com.br\/loja\/wp-json\/wp\/v2\/product"}],"about":[{"href":"https:\/\/lmprodutosnaturais.com.br\/loja\/wp-json\/wp\/v2\/types\/product"}],"wp:featuredmedia":[{"embeddable":true,"href":"https:\/\/lmprodutosnaturais.com.br\/loja\/wp-json\/wp\/v2\/media\/15137"}],"wp:attachment":[{"href":"https:\/\/lmprodutosnaturais.com.br\/loja\/wp-json\/wp\/v2\/media?parent=15135"}],"wp:term":[{"taxonomy":"product_brand","embeddable":true,"href":"https:\/\/lmprodutosnaturais.com.br\/loja\/wp-json\/wp\/v2\/product_brand?post=15135"},{"taxonomy":"product_cat","embeddable":true,"href":"https:\/\/lmprodutosnaturais.com.br\/loja\/wp-json\/wp\/v2\/product_cat?post=15135"},{"taxonomy":"product_tag","embeddable":true,"href":"https:\/\/lmprodutosnaturais.com.br\/loja\/wp-json\/wp\/v2\/product_tag?post=15135"}],"curies":[{"name":"wp","href":"https:\/\/api.w.org\/{rel}","templated":true}]}}