{"id":15273,"date":"2022-07-15T11:44:00","date_gmt":"2022-07-15T14:44:00","guid":{"rendered":"https:\/\/lmprodutosnaturais.com.br\/loja\/?post_type=product&#038;p=15273"},"modified":"2026-04-02T17:50:57","modified_gmt":"2026-04-02T20:50:57","slug":"metilcobalamina-vit-b12-idr-414-60-caps","status":"publish","type":"product","link":"https:\/\/lmprodutosnaturais.com.br\/loja\/produto\/metilcobalamina-vit-b12-idr-414-60-caps\/","title":{"rendered":"METILCOBALAMINA (VIT. B12) IDR 414% 60 CAPS FLORA NATIVA DO BRASIL"},"content":{"rendered":"<h3 class=\"wp-block-heading\">Recomenda\u00e7\u00e3o de uso:<\/h3>\n<p>Ingerir 1 c\u00e1psula ao dia, preferencialmente pela manh\u00e3 ap\u00f3s a refei\u00e7\u00e3o, ou conforme orienta\u00e7\u00e3o profissional.<\/p>\n<h3 class=\"wp-block-heading\">Informa\u00e7\u00e3o nutricional:<\/h3>\n<p>Vitamina B12 9,94mcg (414% VD*).<\/p>\n<p>* Percentual de valores di\u00e1rios fornecidos pela por\u00e7\u00e3o.<\/p>\n<h3 class=\"wp-block-heading\">Ingredientes:<\/h3>\n<p>Metilcobalamina (Vitamina B12), Silicato de Magn\u00e9sio (INS 553i), Di\u00f3xido de Sil\u00edcio (INS 551).<\/p>\n<h3 class=\"wp-block-heading\">Composi\u00e7\u00e3o da c\u00e1psula:<\/h3>\n<p>Gelatina.<\/p>\n","protected":false},"excerpt":{"rendered":"<p>Recomenda\u00e7\u00e3o de uso: Ingerir 1 c\u00e1psula ao dia, preferencialmente pela manh\u00e3 ap\u00f3s a refei\u00e7\u00e3o, ou conforme orienta\u00e7\u00e3o profissional. Informa\u00e7\u00e3o nutricional: Vitamina B12 9,94mcg (414% VD*). * Percentual de valores di\u00e1rios fornecidos pela por\u00e7\u00e3o. Ingredientes: Metilcobalamina (Vitamina B12), Silicato de Magn\u00e9sio &hellip; <a href=\"https:\/\/lmprodutosnaturais.com.br\/loja\/produto\/metilcobalamina-vit-b12-idr-414-60-caps\/\">Readmore<\/a><\/p>\n","protected":false},"featured_media":17341,"template":"","meta":{"_bbp_topic_count":0,"_bbp_reply_count":0,"_bbp_total_topic_count":0,"_bbp_total_reply_count":0,"_bbp_voice_count":0,"_bbp_anonymous_reply_count":0,"_bbp_topic_count_hidden":0,"_bbp_reply_count_hidden":0,"_bbp_forum_subforum_count":0},"product_brand":[],"product_cat":[384],"product_tag":[660,661],"class_list":{"0":"post-15273","1":"product","2":"type-product","3":"status-publish","4":"has-post-thumbnail","6":"product_cat-capsulas-flora-nativa","7":"product_tag-b12","8":"product_tag-metilcobalamina","10":"first","11":"instock","12":"shipping-taxable","13":"purchasable","14":"product-type-simple"},"_links":{"self":[{"href":"https:\/\/lmprodutosnaturais.com.br\/loja\/wp-json\/wp\/v2\/product\/15273","targetHints":{"allow":["GET"]}}],"collection":[{"href":"https:\/\/lmprodutosnaturais.com.br\/loja\/wp-json\/wp\/v2\/product"}],"about":[{"href":"https:\/\/lmprodutosnaturais.com.br\/loja\/wp-json\/wp\/v2\/types\/product"}],"wp:featuredmedia":[{"embeddable":true,"href":"https:\/\/lmprodutosnaturais.com.br\/loja\/wp-json\/wp\/v2\/media\/17341"}],"wp:attachment":[{"href":"https:\/\/lmprodutosnaturais.com.br\/loja\/wp-json\/wp\/v2\/media?parent=15273"}],"wp:term":[{"taxonomy":"product_brand","embeddable":true,"href":"https:\/\/lmprodutosnaturais.com.br\/loja\/wp-json\/wp\/v2\/product_brand?post=15273"},{"taxonomy":"product_cat","embeddable":true,"href":"https:\/\/lmprodutosnaturais.com.br\/loja\/wp-json\/wp\/v2\/product_cat?post=15273"},{"taxonomy":"product_tag","embeddable":true,"href":"https:\/\/lmprodutosnaturais.com.br\/loja\/wp-json\/wp\/v2\/product_tag?post=15273"}],"curies":[{"name":"wp","href":"https:\/\/api.w.org\/{rel}","templated":true}]}}