{"id":15285,"date":"2022-07-18T09:08:14","date_gmt":"2022-07-18T12:08:14","guid":{"rendered":"https:\/\/lmprodutosnaturais.com.br\/loja\/?post_type=product&#038;p=15285"},"modified":"2026-03-31T13:34:13","modified_gmt":"2026-03-31T16:34:13","slug":"vegan-trimagnesio-60-vcaps-fn","status":"publish","type":"product","link":"https:\/\/lmprodutosnaturais.com.br\/loja\/produto\/vegan-trimagnesio-60-vcaps-fn\/","title":{"rendered":"VEGAN TRIMAGNESIO 60 VCAPS FN"},"content":{"rendered":"<p class=\"has-medium-font-size\"><strong>Combina\u00e7\u00e3o que atua no fortalecimento dos ossos e m\u00fasculos, diminui o estresse e melhora o racioc\u00ednio, concentra\u00e7\u00e3o e mem\u00f3ria.<\/strong><\/p>\n<h3 class=\"wp-block-heading\">Recomenda\u00e7\u00e3o de uso:<\/h3>\n<p>Ingerir 02 c\u00e1psulas vegetais ao dia.<\/p>\n<h3 class=\"wp-block-heading\">Informa\u00e7\u00e3o nutricional:<\/h3>\n<p>Taurina 120mg \u2022 Magn\u00e9sio 260mg (62% VD*) * Percentual de valores di\u00e1rios fornecidos pela por\u00e7\u00e3o.<\/p>\n<h3 class=\"wp-block-heading\">Ingredientes:<\/h3>\n<p>Bisglicinato de Magn\u00e9sio, Taurato de Magn\u00e9sio, Malato de Magn\u00e9sio, Estearato de Magn\u00e9sio (INS470iii), Di\u00f3xido de Sil\u00edcio (INS 551). Composi\u00e7\u00e3o da c\u00e1psula: Hypromellose.\u00a0<strong>N\u00c3O CONT\u00c9M GL\u00daTEN.<\/strong><\/p>\n<h3 class=\"wp-block-heading\">Conte\u00fado:<\/h3>\n<p>60 C\u00e1psulas.<\/p>\n","protected":false},"excerpt":{"rendered":"<p>Combina\u00e7\u00e3o que atua no fortalecimento dos ossos e m\u00fasculos, diminui o estresse e melhora o racioc\u00ednio, concentra\u00e7\u00e3o e mem\u00f3ria. Recomenda\u00e7\u00e3o de uso: Ingerir 02 c\u00e1psulas vegetais ao dia. Informa\u00e7\u00e3o nutricional: Taurina 120mg \u2022 Magn\u00e9sio 260mg (62% VD*) * Percentual de &hellip; <a href=\"https:\/\/lmprodutosnaturais.com.br\/loja\/produto\/vegan-trimagnesio-60-vcaps-fn\/\">Readmore<\/a><\/p>\n","protected":false},"featured_media":15293,"template":"","meta":{"_bbp_topic_count":0,"_bbp_reply_count":0,"_bbp_total_topic_count":0,"_bbp_total_reply_count":0,"_bbp_voice_count":0,"_bbp_anonymous_reply_count":0,"_bbp_topic_count_hidden":0,"_bbp_reply_count_hidden":0,"_bbp_forum_subforum_count":0},"product_brand":[],"product_cat":[384],"product_tag":[456,662],"class_list":{"0":"post-15285","1":"product","2":"type-product","3":"status-publish","4":"has-post-thumbnail","6":"product_cat-capsulas-flora-nativa","7":"product_tag-magnesio","8":"product_tag-trimagnesio","10":"first","11":"instock","12":"shipping-taxable","13":"purchasable","14":"product-type-simple"},"_links":{"self":[{"href":"https:\/\/lmprodutosnaturais.com.br\/loja\/wp-json\/wp\/v2\/product\/15285","targetHints":{"allow":["GET"]}}],"collection":[{"href":"https:\/\/lmprodutosnaturais.com.br\/loja\/wp-json\/wp\/v2\/product"}],"about":[{"href":"https:\/\/lmprodutosnaturais.com.br\/loja\/wp-json\/wp\/v2\/types\/product"}],"wp:featuredmedia":[{"embeddable":true,"href":"https:\/\/lmprodutosnaturais.com.br\/loja\/wp-json\/wp\/v2\/media\/15293"}],"wp:attachment":[{"href":"https:\/\/lmprodutosnaturais.com.br\/loja\/wp-json\/wp\/v2\/media?parent=15285"}],"wp:term":[{"taxonomy":"product_brand","embeddable":true,"href":"https:\/\/lmprodutosnaturais.com.br\/loja\/wp-json\/wp\/v2\/product_brand?post=15285"},{"taxonomy":"product_cat","embeddable":true,"href":"https:\/\/lmprodutosnaturais.com.br\/loja\/wp-json\/wp\/v2\/product_cat?post=15285"},{"taxonomy":"product_tag","embeddable":true,"href":"https:\/\/lmprodutosnaturais.com.br\/loja\/wp-json\/wp\/v2\/product_tag?post=15285"}],"curies":[{"name":"wp","href":"https:\/\/api.w.org\/{rel}","templated":true}]}}