{"id":15294,"date":"2022-07-25T10:20:44","date_gmt":"2022-07-25T13:20:44","guid":{"rendered":"https:\/\/lmprodutosnaturais.com.br\/loja\/?post_type=product&#038;p=15294"},"modified":"2026-03-20T10:41:21","modified_gmt":"2026-03-20T13:41:21","slug":"vegan-vitamina-b12-assoc-60-vcaps-fn","status":"publish","type":"product","link":"https:\/\/lmprodutosnaturais.com.br\/loja\/produto\/vegan-vitamina-b12-assoc-60-vcaps-fn\/","title":{"rendered":"VEGAN VITAMINA B12 + ASSOC. 60 VCAPS FN"},"content":{"rendered":"<p>Atuam na forma\u00e7\u00e3o das c\u00e9lulas vermelhas do sangue que auxiliam no transporte de oxig\u00eanio, al\u00e9m de prevenir e tratar anemias.<\/p>\n<h3 class=\"wp-block-heading\">Recomenda\u00e7\u00e3o de uso:<\/h3>\n<p>Ingerir 01 c\u00e1psula vegetal ao dia.<\/p>\n<h3 class=\"wp-block-heading\">Informa\u00e7\u00e3o nutricional:<\/h3>\n<p>Vitamina B12 9,5mcg (396% VD*) \u2022 Ferro 14mg (100% VD*) \u2022 \u00c1cido F\u00f3lico 600mcg (150% VD*)<\/p>\n<p>* Percentual de valores di\u00e1rios fornecidos pela por\u00e7\u00e3o<\/p>\n<h3 class=\"wp-block-heading\">Ingredientes:<\/h3>\n<p>\u00c1cido F\u00f3lico (Vitamina B9), Metilcobalamina (Vitamina B12), Blisglicinato Ferroso, Silicato de Magn\u00e9sio (INS 553i), Di\u00f3xido de Sil\u00edcio (INS 551).<\/p>\n<h3 class=\"wp-block-heading\">Composi\u00e7\u00e3o da c\u00e1psula:<\/h3>\n<p>Hypromellose.<\/p>\n","protected":false},"excerpt":{"rendered":"<p>Atuam na forma\u00e7\u00e3o das c\u00e9lulas vermelhas do sangue que auxiliam no transporte de oxig\u00eanio, al\u00e9m de prevenir e tratar anemias. Recomenda\u00e7\u00e3o de uso: Ingerir 01 c\u00e1psula vegetal ao dia. Informa\u00e7\u00e3o nutricional: Vitamina B12 9,5mcg (396% VD*) \u2022 Ferro 14mg (100% &hellip; <a href=\"https:\/\/lmprodutosnaturais.com.br\/loja\/produto\/vegan-vitamina-b12-assoc-60-vcaps-fn\/\">Readmore<\/a><\/p>\n","protected":false},"featured_media":15295,"template":"","meta":{"_bbp_topic_count":0,"_bbp_reply_count":0,"_bbp_total_topic_count":0,"_bbp_total_reply_count":0,"_bbp_voice_count":0,"_bbp_anonymous_reply_count":0,"_bbp_topic_count_hidden":0,"_bbp_reply_count_hidden":0,"_bbp_forum_subforum_count":0},"product_brand":[],"product_cat":[384],"product_tag":[660,663],"class_list":{"0":"post-15294","1":"product","2":"type-product","3":"status-publish","4":"has-post-thumbnail","6":"product_cat-capsulas-flora-nativa","7":"product_tag-b12","8":"product_tag-vegan","10":"first","11":"instock","12":"shipping-taxable","13":"purchasable","14":"product-type-simple"},"_links":{"self":[{"href":"https:\/\/lmprodutosnaturais.com.br\/loja\/wp-json\/wp\/v2\/product\/15294","targetHints":{"allow":["GET"]}}],"collection":[{"href":"https:\/\/lmprodutosnaturais.com.br\/loja\/wp-json\/wp\/v2\/product"}],"about":[{"href":"https:\/\/lmprodutosnaturais.com.br\/loja\/wp-json\/wp\/v2\/types\/product"}],"wp:featuredmedia":[{"embeddable":true,"href":"https:\/\/lmprodutosnaturais.com.br\/loja\/wp-json\/wp\/v2\/media\/15295"}],"wp:attachment":[{"href":"https:\/\/lmprodutosnaturais.com.br\/loja\/wp-json\/wp\/v2\/media?parent=15294"}],"wp:term":[{"taxonomy":"product_brand","embeddable":true,"href":"https:\/\/lmprodutosnaturais.com.br\/loja\/wp-json\/wp\/v2\/product_brand?post=15294"},{"taxonomy":"product_cat","embeddable":true,"href":"https:\/\/lmprodutosnaturais.com.br\/loja\/wp-json\/wp\/v2\/product_cat?post=15294"},{"taxonomy":"product_tag","embeddable":true,"href":"https:\/\/lmprodutosnaturais.com.br\/loja\/wp-json\/wp\/v2\/product_tag?post=15294"}],"curies":[{"name":"wp","href":"https:\/\/api.w.org\/{rel}","templated":true}]}}