{"id":15463,"date":"2022-09-16T14:10:28","date_gmt":"2022-09-16T17:10:28","guid":{"rendered":"https:\/\/lmprodutosnaturais.com.br\/loja\/?post_type=product&#038;p=15463"},"modified":"2026-04-01T08:35:49","modified_gmt":"2026-04-01T11:35:49","slug":"colageno-verisol-acido-hialuronico-250gr-laramora","status":"publish","type":"product","link":"https:\/\/lmprodutosnaturais.com.br\/loja\/produto\/colageno-verisol-acido-hialuronico-250gr-laramora\/","title":{"rendered":"COL\u00c1GENO VERISOL + \u00c1CIDO HIALUR\u00d4NICO 250GR (LARAMORA)"},"content":{"rendered":"<p>VERISOL associado ao \u00e1cido hialur\u00f4nico, que possui a propriedade de reter \u00e1gua, contribuindo para a hidrata\u00e7\u00e3o, tonicidade e firmeza da pele.<\/p>\n<h3 class=\"wp-block-heading\">Modo de Preparo:<\/h3>\n<p>Adicionar 2 dosadores (10g) em 200 ml de \u00e1gua, suco ou l\u00edquido de sua prefer\u00eancia e mexer at\u00e9 dissolver completamente. Beba imediatamente ap\u00f3s o preparo, de prefer\u00eancia, longe das refei\u00e7\u00f5es.<\/p>\n<h3 class=\"wp-block-heading\">Informa\u00e7\u00e3o nutricional:<\/h3>\n<p>Valor Energ\u00e9tico 6Kcal (0,3% VD*) \u2022 Fibra Alimentar 5,7g (23% VD*) \u2022 Pept\u00eddeos Bioativos de Col\u00e1geno Hidrolisado com peso molecular m\u00e9dio de 2kDa 2,5g \u2022 \u00c1cido Hialur\u00f4nico 100mg \u2022 Biotina 30mcg (100% VD*) \u2022 Cobre 900mcg (100% VD*) \u2022 Vitamina A 600mcg (75% VD*) \u2022 Vitamina B1 1,2mg (100% VD*) \u2022 Vitamina B2 1,3mg (100% VD*) \u2022 Niacina 10mg de NE (67% VD*) \u2022 Vitamina B6 1,3mg (100% VD*) \u2022 \u00c1cido Pantotenico 5mg (100% VD*) \u2022 Vitamina B12 2,4mcg (100% VD*) \u2022 Vitamina C 50mg (50% VD*) \u2022 Vitamina E 10mg (67% VD*) \u2022 Sel\u00eanio 34mcg (57% VD*) \u2022 Zinco 7mg (64% VD*)<\/p>\n<p>* Percentual de valores di\u00e1rios fornecidos pela por\u00e7\u00e3o.<\/p>\n<h3 class=\"wp-block-heading\">Ingredientes:<\/h3>\n<p>Polidextrose, Pept\u00eddeos Bioativos de Col\u00e1geno Hidrolisado com peso molecular m\u00e9dio de 2kDa (Verisol\u00ae), Hialuronato de S\u00f3dio obtido pela fermenta\u00e7\u00e3o de Streptococcus Zoopidemicus, \u00c1cido Asc\u00f3rbico (Vitamina C), Bisglicinato de Zinco (Zinco Quelato), Nicotinamida (Vitamina B3), D-Pantotenato de C\u00e1lcio (Vitamina B5), Acetato de DL-Alfa-Tocoferol (Vitamina E), Bisglicinato de Cobre (Cobre Quelato), Cloridrato de Piridoxina (Vitamina B6), Acetato de Retinol (Vitamina A), Selenito de s\u00f3dio (Sel\u00eanio), Riboflavina (Vitamina B2), Cloridrato de Tiamina (Vitamina B1), D-Biotina (Vitamina B7), Metilcobalamina (Vitamina B12), Aroma Natural de Tangerina, \u00c1cido c\u00edtrico (INS 330), Corante Natural de Urucum (INS 160b), Di\u00f3xido de Sil\u00edcio (INS 551), Glicos\u00eddeos de Esteviol-Stevia (INS 960).<\/p>\n","protected":false},"excerpt":{"rendered":"<p>VERISOL associado ao \u00e1cido hialur\u00f4nico, que possui a propriedade de reter \u00e1gua, contribuindo para a hidrata\u00e7\u00e3o, tonicidade e firmeza da pele. Modo de Preparo: Adicionar 2 dosadores (10g) em 200 ml de \u00e1gua, suco ou l\u00edquido de sua prefer\u00eancia e &hellip; <a href=\"https:\/\/lmprodutosnaturais.com.br\/loja\/produto\/colageno-verisol-acido-hialuronico-250gr-laramora\/\">Readmore<\/a><\/p>\n","protected":false},"featured_media":15467,"template":"","meta":{"_bbp_topic_count":0,"_bbp_reply_count":0,"_bbp_total_topic_count":0,"_bbp_total_reply_count":0,"_bbp_voice_count":0,"_bbp_anonymous_reply_count":0,"_bbp_topic_count_hidden":0,"_bbp_reply_count_hidden":0,"_bbp_forum_subforum_count":0},"product_brand":[],"product_cat":[384],"product_tag":[536,435,436],"class_list":{"0":"post-15463","1":"product","2":"type-product","3":"status-publish","4":"has-post-thumbnail","6":"product_cat-capsulas-flora-nativa","7":"product_tag-acido-hialuronico","8":"product_tag-colageno","9":"product_tag-verisol","11":"first","12":"instock","13":"shipping-taxable","14":"purchasable","15":"product-type-simple"},"_links":{"self":[{"href":"https:\/\/lmprodutosnaturais.com.br\/loja\/wp-json\/wp\/v2\/product\/15463","targetHints":{"allow":["GET"]}}],"collection":[{"href":"https:\/\/lmprodutosnaturais.com.br\/loja\/wp-json\/wp\/v2\/product"}],"about":[{"href":"https:\/\/lmprodutosnaturais.com.br\/loja\/wp-json\/wp\/v2\/types\/product"}],"wp:featuredmedia":[{"embeddable":true,"href":"https:\/\/lmprodutosnaturais.com.br\/loja\/wp-json\/wp\/v2\/media\/15467"}],"wp:attachment":[{"href":"https:\/\/lmprodutosnaturais.com.br\/loja\/wp-json\/wp\/v2\/media?parent=15463"}],"wp:term":[{"taxonomy":"product_brand","embeddable":true,"href":"https:\/\/lmprodutosnaturais.com.br\/loja\/wp-json\/wp\/v2\/product_brand?post=15463"},{"taxonomy":"product_cat","embeddable":true,"href":"https:\/\/lmprodutosnaturais.com.br\/loja\/wp-json\/wp\/v2\/product_cat?post=15463"},{"taxonomy":"product_tag","embeddable":true,"href":"https:\/\/lmprodutosnaturais.com.br\/loja\/wp-json\/wp\/v2\/product_tag?post=15463"}],"curies":[{"name":"wp","href":"https:\/\/api.w.org\/{rel}","templated":true}]}}