{"id":15539,"date":"2022-10-10T15:03:47","date_gmt":"2022-10-10T18:03:47","guid":{"rendered":"https:\/\/lmprodutosnaturais.com.br\/loja\/?post_type=product&#038;p=15539"},"modified":"2026-03-31T17:32:24","modified_gmt":"2026-03-31T20:32:24","slug":"colageno-hidrolisado-c-vitaminas-400mg-60-caps-fn","status":"publish","type":"product","link":"https:\/\/lmprodutosnaturais.com.br\/loja\/produto\/colageno-hidrolisado-c-vitaminas-400mg-60-caps-fn\/","title":{"rendered":"COLAGENO HIDROLISADO C\/ VITAMINAS 400MG 60 CAPS FN"},"content":{"rendered":"<p>Ajuda a prevenir o aparecimento rugas, linhas de express\u00e3o e celulite, dando firmeza e elasticidade \u00e0 pele, fortalece o cabelo e unhas, associado com vitaminas e minerais que potencializam seus benef\u00edcios.<\/p>\n<h3 class=\"wp-block-heading\">Recomenda\u00e7\u00e3o de uso:<\/h3>\n<p>Ingerir 01 c\u00e1psula, 3 vezes ao dia.<\/p>\n<h3 class=\"wp-block-heading\">Informa\u00e7\u00e3o nutricional:<\/h3>\n<p>Prote\u00ednas 0,6g (1,2% VD*) \u2022 Vitamina A 600mcg (75% VD*) \u2022 Vitamina C 45mg (45% VD*) \u2022 Vitamina D 5mcg (33% VD*) \u2022 Vitamina E 10mg (67% VD*)<\/p>\n<p>* Percentual de valores di\u00e1rios fornecidos pela por\u00e7\u00e3o<\/p>\n<h3 class=\"wp-block-heading\">Ingredientes:<\/h3>\n<p>Col\u00e1geno hidrolisado, \u00c1cido Asc\u00f3rbico (Vitamina C), Acetato de DL-Alfa-Tocoferol (vitamina E), Acetato de Retinol (Vitamina A), Colecalciferol (Vitamina D3), Silicato de Magn\u00e9sio (INS 553i), Di\u00f3xido de Sil\u00edcio (INS 551).<\/p>\n<h3 class=\"wp-block-heading\">Composi\u00e7\u00e3o da c\u00e1psula:<\/h3>\n<p>Gelatina, Di\u00f3xido de Tit\u00e2nio, Eritrosina e Rosa Brilhante FCF.<\/p>\n","protected":false},"excerpt":{"rendered":"<p>Ajuda a prevenir o aparecimento rugas, linhas de express\u00e3o e celulite, dando firmeza e elasticidade \u00e0 pele, fortalece o cabelo e unhas, associado com vitaminas e minerais que potencializam seus benef\u00edcios. Recomenda\u00e7\u00e3o de uso: Ingerir 01 c\u00e1psula, 3 vezes ao &hellip; <a href=\"https:\/\/lmprodutosnaturais.com.br\/loja\/produto\/colageno-hidrolisado-c-vitaminas-400mg-60-caps-fn\/\">Readmore<\/a><\/p>\n","protected":false},"featured_media":15542,"template":"","meta":{"_bbp_topic_count":0,"_bbp_reply_count":0,"_bbp_total_topic_count":0,"_bbp_total_reply_count":0,"_bbp_voice_count":0,"_bbp_anonymous_reply_count":0,"_bbp_topic_count_hidden":0,"_bbp_reply_count_hidden":0,"_bbp_forum_subforum_count":0},"product_brand":[],"product_cat":[384,429],"product_tag":[435],"class_list":{"0":"post-15539","1":"product","2":"type-product","3":"status-publish","4":"has-post-thumbnail","6":"product_cat-capsulas-flora-nativa","7":"product_cat-promocoes","8":"product_tag-colageno","10":"first","11":"instock","12":"sale","13":"shipping-taxable","14":"purchasable","15":"product-type-simple"},"_links":{"self":[{"href":"https:\/\/lmprodutosnaturais.com.br\/loja\/wp-json\/wp\/v2\/product\/15539","targetHints":{"allow":["GET"]}}],"collection":[{"href":"https:\/\/lmprodutosnaturais.com.br\/loja\/wp-json\/wp\/v2\/product"}],"about":[{"href":"https:\/\/lmprodutosnaturais.com.br\/loja\/wp-json\/wp\/v2\/types\/product"}],"wp:featuredmedia":[{"embeddable":true,"href":"https:\/\/lmprodutosnaturais.com.br\/loja\/wp-json\/wp\/v2\/media\/15542"}],"wp:attachment":[{"href":"https:\/\/lmprodutosnaturais.com.br\/loja\/wp-json\/wp\/v2\/media?parent=15539"}],"wp:term":[{"taxonomy":"product_brand","embeddable":true,"href":"https:\/\/lmprodutosnaturais.com.br\/loja\/wp-json\/wp\/v2\/product_brand?post=15539"},{"taxonomy":"product_cat","embeddable":true,"href":"https:\/\/lmprodutosnaturais.com.br\/loja\/wp-json\/wp\/v2\/product_cat?post=15539"},{"taxonomy":"product_tag","embeddable":true,"href":"https:\/\/lmprodutosnaturais.com.br\/loja\/wp-json\/wp\/v2\/product_tag?post=15539"}],"curies":[{"name":"wp","href":"https:\/\/api.w.org\/{rel}","templated":true}]}}