{"id":15890,"date":"2023-01-30T10:17:32","date_gmt":"2023-01-30T13:17:32","guid":{"rendered":"https:\/\/lmprodutosnaturais.com.br\/loja\/?post_type=product&#038;p=15890"},"modified":"2026-03-31T08:47:32","modified_gmt":"2026-03-31T11:47:32","slug":"methyl-b12-20ml-sabor-morango-flora-nativa","status":"publish","type":"product","link":"https:\/\/lmprodutosnaturais.com.br\/loja\/produto\/methyl-b12-20ml-sabor-morango-flora-nativa\/","title":{"rendered":"METHYL B12 20ML SABOR MORANGO FLORA NATIVA"},"content":{"rendered":"<h3 class=\"wp-block-heading\">Recomenda\u00e7\u00e3o de uso:<\/h3>\n<p>Ingerir 1 gota ao dia.<\/p>\n<h3 class=\"wp-block-heading\">Informa\u00e7\u00e3o nutricional:<\/h3>\n<p>Vitamina B12 9,94mcg (414% VD*)<\/p>\n<p>* Percentual de valores di\u00e1rios fornecidos pela por\u00e7\u00e3o<\/p>\n<h3 class=\"wp-block-heading\">Ingredientes:<\/h3>\n<p>\u00c1gua Purificada, Glicerina vegetal, Metilcobalamina (Vitamina B12), \u00c1cido C\u00edtrico (INS 330), Acesulfame de Pot\u00e1ssio (INS 950), Sorbato de Pot\u00e1ssio (INS202), Aroma Id\u00eantico ao Natural de Morango, Glicos\u00eddeos de Steviol (INS 960).<\/p>\n","protected":false},"excerpt":{"rendered":"<p>Recomenda\u00e7\u00e3o de uso: Ingerir 1 gota ao dia. Informa\u00e7\u00e3o nutricional: Vitamina B12 9,94mcg (414% VD*) * Percentual de valores di\u00e1rios fornecidos pela por\u00e7\u00e3o Ingredientes: \u00c1gua Purificada, Glicerina vegetal, Metilcobalamina (Vitamina B12), \u00c1cido C\u00edtrico (INS 330), Acesulfame de Pot\u00e1ssio (INS 950), &hellip; <a href=\"https:\/\/lmprodutosnaturais.com.br\/loja\/produto\/methyl-b12-20ml-sabor-morango-flora-nativa\/\">Readmore<\/a><\/p>\n","protected":false},"featured_media":15891,"template":"","meta":{"_bbp_topic_count":0,"_bbp_reply_count":0,"_bbp_total_topic_count":0,"_bbp_total_reply_count":0,"_bbp_voice_count":0,"_bbp_anonymous_reply_count":0,"_bbp_topic_count_hidden":0,"_bbp_reply_count_hidden":0,"_bbp_forum_subforum_count":0},"product_brand":[],"product_cat":[384,429],"product_tag":[661,538],"class_list":{"0":"post-15890","1":"product","2":"type-product","3":"status-publish","4":"has-post-thumbnail","6":"product_cat-capsulas-flora-nativa","7":"product_cat-promocoes","8":"product_tag-metilcobalamina","9":"product_tag-vitamina-b12","11":"first","12":"instock","13":"sale","14":"shipping-taxable","15":"purchasable","16":"product-type-simple"},"_links":{"self":[{"href":"https:\/\/lmprodutosnaturais.com.br\/loja\/wp-json\/wp\/v2\/product\/15890","targetHints":{"allow":["GET"]}}],"collection":[{"href":"https:\/\/lmprodutosnaturais.com.br\/loja\/wp-json\/wp\/v2\/product"}],"about":[{"href":"https:\/\/lmprodutosnaturais.com.br\/loja\/wp-json\/wp\/v2\/types\/product"}],"wp:featuredmedia":[{"embeddable":true,"href":"https:\/\/lmprodutosnaturais.com.br\/loja\/wp-json\/wp\/v2\/media\/15891"}],"wp:attachment":[{"href":"https:\/\/lmprodutosnaturais.com.br\/loja\/wp-json\/wp\/v2\/media?parent=15890"}],"wp:term":[{"taxonomy":"product_brand","embeddable":true,"href":"https:\/\/lmprodutosnaturais.com.br\/loja\/wp-json\/wp\/v2\/product_brand?post=15890"},{"taxonomy":"product_cat","embeddable":true,"href":"https:\/\/lmprodutosnaturais.com.br\/loja\/wp-json\/wp\/v2\/product_cat?post=15890"},{"taxonomy":"product_tag","embeddable":true,"href":"https:\/\/lmprodutosnaturais.com.br\/loja\/wp-json\/wp\/v2\/product_tag?post=15890"}],"curies":[{"name":"wp","href":"https:\/\/api.w.org\/{rel}","templated":true}]}}