{"id":15937,"date":"2023-02-27T11:19:23","date_gmt":"2023-02-27T14:19:23","guid":{"rendered":"https:\/\/lmprodutosnaturais.com.br\/loja\/?post_type=product&#038;p=15937"},"modified":"2026-03-31T14:57:07","modified_gmt":"2026-03-31T17:57:07","slug":"oleo-de-abacatevit-e-gotas-30ml-fn","status":"publish","type":"product","link":"https:\/\/lmprodutosnaturais.com.br\/loja\/produto\/oleo-de-abacatevit-e-gotas-30ml-fn\/","title":{"rendered":"OLEO DE ABACATE+VIT.E GOTAS 30ML FN"},"content":{"rendered":"<h3 class=\"wp-block-heading\">Recomenda\u00e7\u00e3o de uso:<\/h3>\n<p>Ingerir 5 gotas, 1 vez ao dia.<\/p>\n<h3 class=\"wp-block-heading\">Informa\u00e7\u00e3o nutricional:<\/h3>\n<p>Valor Energ\u00e9tico 1,9Kcal (0,1% VD*) \u2022 Gorduras Totais 0,2g (0,3% VD*) \u2022 \u00c1cido linoleico 0,1g \u2022 Vitamina E 2,25mcg (15% VD*)<\/p>\n<p>* Percentual de valores di\u00e1rios fornecidos pela por\u00e7\u00e3o<\/p>\n<h3 class=\"wp-block-heading\">Ingredientes:<\/h3>\n<p>\u00d3leo de Abacate e DL- Acetato de tocoferol (Vitamina E).<\/p>\n","protected":false},"excerpt":{"rendered":"<p>Recomenda\u00e7\u00e3o de uso: Ingerir 5 gotas, 1 vez ao dia. Informa\u00e7\u00e3o nutricional: Valor Energ\u00e9tico 1,9Kcal (0,1% VD*) \u2022 Gorduras Totais 0,2g (0,3% VD*) \u2022 \u00c1cido linoleico 0,1g \u2022 Vitamina E 2,25mcg (15% VD*) * Percentual de valores di\u00e1rios fornecidos pela &hellip; <a href=\"https:\/\/lmprodutosnaturais.com.br\/loja\/produto\/oleo-de-abacatevit-e-gotas-30ml-fn\/\">Readmore<\/a><\/p>\n","protected":false},"featured_media":15940,"template":"","meta":{"_bbp_topic_count":0,"_bbp_reply_count":0,"_bbp_total_topic_count":0,"_bbp_total_reply_count":0,"_bbp_voice_count":0,"_bbp_anonymous_reply_count":0,"_bbp_topic_count_hidden":0,"_bbp_reply_count_hidden":0,"_bbp_forum_subforum_count":0},"product_brand":[],"product_cat":[384],"product_tag":[505],"class_list":{"0":"post-15937","1":"product","2":"type-product","3":"status-publish","4":"has-post-thumbnail","6":"product_cat-capsulas-flora-nativa","7":"product_tag-oleo-de-abacate","9":"first","10":"instock","11":"shipping-taxable","12":"purchasable","13":"product-type-simple"},"_links":{"self":[{"href":"https:\/\/lmprodutosnaturais.com.br\/loja\/wp-json\/wp\/v2\/product\/15937","targetHints":{"allow":["GET"]}}],"collection":[{"href":"https:\/\/lmprodutosnaturais.com.br\/loja\/wp-json\/wp\/v2\/product"}],"about":[{"href":"https:\/\/lmprodutosnaturais.com.br\/loja\/wp-json\/wp\/v2\/types\/product"}],"wp:featuredmedia":[{"embeddable":true,"href":"https:\/\/lmprodutosnaturais.com.br\/loja\/wp-json\/wp\/v2\/media\/15940"}],"wp:attachment":[{"href":"https:\/\/lmprodutosnaturais.com.br\/loja\/wp-json\/wp\/v2\/media?parent=15937"}],"wp:term":[{"taxonomy":"product_brand","embeddable":true,"href":"https:\/\/lmprodutosnaturais.com.br\/loja\/wp-json\/wp\/v2\/product_brand?post=15937"},{"taxonomy":"product_cat","embeddable":true,"href":"https:\/\/lmprodutosnaturais.com.br\/loja\/wp-json\/wp\/v2\/product_cat?post=15937"},{"taxonomy":"product_tag","embeddable":true,"href":"https:\/\/lmprodutosnaturais.com.br\/loja\/wp-json\/wp\/v2\/product_tag?post=15937"}],"curies":[{"name":"wp","href":"https:\/\/api.w.org\/{rel}","templated":true}]}}