{"id":15945,"date":"2023-03-02T10:58:50","date_gmt":"2023-03-02T13:58:50","guid":{"rendered":"https:\/\/lmprodutosnaturais.com.br\/loja\/?post_type=product&#038;p=15945"},"modified":"2026-03-31T13:34:32","modified_gmt":"2026-03-31T16:34:32","slug":"cafe-verde-500mg-com-60-capsulas-muwiz","status":"publish","type":"product","link":"https:\/\/lmprodutosnaturais.com.br\/loja\/produto\/cafe-verde-500mg-com-60-capsulas-muwiz\/","title":{"rendered":"CAFE VERDE 500MG COM 60 CAPSULAS MUWIZ"},"content":{"rendered":"<div class=\"elementor-element elementor-element-2cfadc8 elementor-widget elementor-widget-woocommerce-product-title elementor-page-title elementor-widget-heading\" data-id=\"2cfadc8\" data-element_type=\"widget\" data-widget_type=\"woocommerce-product-title.default\">\n<div class=\"elementor-widget-container\">\n<h1 class=\"product_title entry-title elementor-heading-title elementor-size-default\">CAF\u00c9 VERDE<\/h1>\n<\/div>\n<\/div>\n<div class=\"elementor-element elementor-element-d4eede4 elementor-widget elementor-widget-woocommerce-product-short-description\" data-id=\"d4eede4\" data-element_type=\"widget\" data-widget_type=\"woocommerce-product-short-description.default\">\n<div class=\"elementor-widget-container\">\n<div class=\"woocommerce-product-details__short-description\">\n<p><strong>Apresenta\u00e7\u00e3o: 500mg c\/ 60 c\u00e1psulas<\/strong><\/p>\n<p>Caf\u00e9 Verde em c\u00e1psulas Muwiz \u00e9 uma fonte rica de compostos bioativos com propriedades funcionais que ajudam na promo\u00e7\u00e3o do bem-estar e qualidade de vida. Estudos associam o consumo do extrato de caf\u00e9 verde a efeitos termog\u00eanicos no organismo.<\/p>\n<p><strong>Ingredientes:<\/strong>\u00a0Caf\u00e9 Verde mo\u00eddo. C\u00e1psula: Gelatina. N\u00c3O CONT\u00c9M GL\u00daTEN.<\/p>\n<p>Conservar ao abrigo da luz, calor e umidade.<br \/>\nAp\u00f3s aberto consumir em at\u00e9 60 dias.<\/p>\n<p>Produto indicado para o grupo populacional acima de 19 anos.<br \/>\nEste produto n\u00e3o \u00e9 um medicamento.<br \/>\nN\u00e3o exceder a recomenda\u00e7\u00e3o di\u00e1ria de consumo indicada na embalagem. Mantenha fora do alcance de crian\u00e7as.<br \/>\nEste produto n\u00e3o deve ser consumido por gestantes, lactantes e crian\u00e7as.<\/p>\n<p><strong>RECOMENDA\u00c7\u00c3O DE USO:<\/strong>\u00a0Consumir 02 c\u00e1psulas ao dia.<\/p>\n<p>Produto dispensado de registro conforme RDC 240\/2018.<img loading=\"lazy\" decoding=\"async\" class=\"alignnone size-medium wp-image-18920\" src=\"https:\/\/lmprodutosnaturais.com.br\/loja\/wp-content\/uploads\/2023\/03\/cafe-verde-300x300.png\" alt=\"LM Distribuidora - Produtos Naturais\" width=\"300\" height=\"300\" title=\"LM Distribuidora - Produtos Naturais\" srcset=\"https:\/\/lmprodutosnaturais.com.br\/loja\/wp-content\/uploads\/2023\/03\/cafe-verde-300x300.png 300w, https:\/\/lmprodutosnaturais.com.br\/loja\/wp-content\/uploads\/2023\/03\/cafe-verde-150x150.png 150w, https:\/\/lmprodutosnaturais.com.br\/loja\/wp-content\/uploads\/2023\/03\/cafe-verde-768x768.png 768w, https:\/\/lmprodutosnaturais.com.br\/loja\/wp-content\/uploads\/2023\/03\/cafe-verde-1024x1024.png 1024w, https:\/\/lmprodutosnaturais.com.br\/loja\/wp-content\/uploads\/2023\/03\/cafe-verde-600x600.png 600w, https:\/\/lmprodutosnaturais.com.br\/loja\/wp-content\/uploads\/2023\/03\/cafe-verde-100x100.png 100w, https:\/\/lmprodutosnaturais.com.br\/loja\/wp-content\/uploads\/2023\/03\/cafe-verde.png 1080w\" sizes=\"auto, (max-width: 300px) 100vw, 300px\" \/><\/p>\n<\/div>\n<\/div>\n<\/div>\n","protected":false},"excerpt":{"rendered":"<p>CAF\u00c9 VERDE Apresenta\u00e7\u00e3o: 500mg c\/ 60 c\u00e1psulas Caf\u00e9 Verde em c\u00e1psulas Muwiz \u00e9 uma fonte rica de compostos bioativos com propriedades funcionais que ajudam na promo\u00e7\u00e3o do bem-estar e qualidade de vida. Estudos associam o consumo do extrato de caf\u00e9 &hellip; <a href=\"https:\/\/lmprodutosnaturais.com.br\/loja\/produto\/cafe-verde-500mg-com-60-capsulas-muwiz\/\">Readmore<\/a><\/p>\n","protected":false},"featured_media":15947,"template":"","meta":{"_bbp_topic_count":0,"_bbp_reply_count":0,"_bbp_total_topic_count":0,"_bbp_total_reply_count":0,"_bbp_voice_count":0,"_bbp_anonymous_reply_count":0,"_bbp_topic_count_hidden":0,"_bbp_reply_count_hidden":0,"_bbp_forum_subforum_count":0},"product_brand":[],"product_cat":[382,429],"product_tag":[736],"class_list":{"0":"post-15945","1":"product","2":"type-product","3":"status-publish","4":"has-post-thumbnail","6":"product_cat-capsulas-muwiz","7":"product_cat-promocoes","8":"product_tag-cafe-verde","10":"first","11":"instock","12":"sale","13":"shipping-taxable","14":"purchasable","15":"product-type-simple"},"_links":{"self":[{"href":"https:\/\/lmprodutosnaturais.com.br\/loja\/wp-json\/wp\/v2\/product\/15945","targetHints":{"allow":["GET"]}}],"collection":[{"href":"https:\/\/lmprodutosnaturais.com.br\/loja\/wp-json\/wp\/v2\/product"}],"about":[{"href":"https:\/\/lmprodutosnaturais.com.br\/loja\/wp-json\/wp\/v2\/types\/product"}],"wp:featuredmedia":[{"embeddable":true,"href":"https:\/\/lmprodutosnaturais.com.br\/loja\/wp-json\/wp\/v2\/media\/15947"}],"wp:attachment":[{"href":"https:\/\/lmprodutosnaturais.com.br\/loja\/wp-json\/wp\/v2\/media?parent=15945"}],"wp:term":[{"taxonomy":"product_brand","embeddable":true,"href":"https:\/\/lmprodutosnaturais.com.br\/loja\/wp-json\/wp\/v2\/product_brand?post=15945"},{"taxonomy":"product_cat","embeddable":true,"href":"https:\/\/lmprodutosnaturais.com.br\/loja\/wp-json\/wp\/v2\/product_cat?post=15945"},{"taxonomy":"product_tag","embeddable":true,"href":"https:\/\/lmprodutosnaturais.com.br\/loja\/wp-json\/wp\/v2\/product_tag?post=15945"}],"curies":[{"name":"wp","href":"https:\/\/api.w.org\/{rel}","templated":true}]}}