{"id":15958,"date":"2023-03-03T15:03:10","date_gmt":"2023-03-03T18:03:10","guid":{"rendered":"https:\/\/lmprodutosnaturais.com.br\/loja\/?post_type=product&#038;p=15958"},"modified":"2026-04-02T15:34:07","modified_gmt":"2026-04-02T18:34:07","slug":"b-trix-kids-vit-b12-075mcg-20ml-sabor-morango-fn","status":"publish","type":"product","link":"https:\/\/lmprodutosnaturais.com.br\/loja\/produto\/b-trix-kids-vit-b12-075mcg-20ml-sabor-morango-fn\/","title":{"rendered":"B-TRIX KIDS (METHYL B12 4,5) 20ML SABOR MORANGO FN"},"content":{"rendered":"<p>Ajuda na preven\u00e7\u00e3o e tratamento da anemia, tamb\u00e9m atua diretamente sobre o sistema nervoso, garantindo um bom desempenho cognitivo.<\/p>\n<h3 class=\"wp-block-heading\">Recomenda\u00e7\u00e3o de uso:<\/h3>\n<p>Ingerir 1 gota ao dia, ou conforme orienta\u00e7\u00e3o nutricional.<\/p>\n<h3 class=\"wp-block-heading\">Informa\u00e7\u00e3o nutricional:<\/h3>\n<p>Vitamina B12 0,75 mcg (187% VD* \u2013 0 a 6 meses \/ 150% VD* \u2013 7 a 11 meses \/ 83% VD* \u2013 1 a 3 anos)<\/p>\n<p>* Percentual de valores di\u00e1rios fornecidos pela por\u00e7\u00e3o<\/p>\n<h3 class=\"wp-block-heading\">Ingredientes:<\/h3>\n<p>\u00c1gua Purificada, Glicerina vegetal, Cianocobalamina (Vitamina B12), Aroma Id\u00eantico ao Natural de Morango.<\/p>\n","protected":false},"excerpt":{"rendered":"<p>Ajuda na preven\u00e7\u00e3o e tratamento da anemia, tamb\u00e9m atua diretamente sobre o sistema nervoso, garantindo um bom desempenho cognitivo. Recomenda\u00e7\u00e3o de uso: Ingerir 1 gota ao dia, ou conforme orienta\u00e7\u00e3o nutricional. Informa\u00e7\u00e3o nutricional: Vitamina B12 0,75 mcg (187% VD* \u2013 &hellip; <a href=\"https:\/\/lmprodutosnaturais.com.br\/loja\/produto\/b-trix-kids-vit-b12-075mcg-20ml-sabor-morango-fn\/\">Readmore<\/a><\/p>\n","protected":false},"featured_media":19080,"template":"","meta":{"_bbp_topic_count":0,"_bbp_reply_count":0,"_bbp_total_topic_count":0,"_bbp_total_reply_count":0,"_bbp_voice_count":0,"_bbp_anonymous_reply_count":0,"_bbp_topic_count_hidden":0,"_bbp_reply_count_hidden":0,"_bbp_forum_subforum_count":0},"product_brand":[],"product_cat":[384],"product_tag":[660,684,538],"class_list":{"0":"post-15958","1":"product","2":"type-product","3":"status-publish","4":"has-post-thumbnail","6":"product_cat-capsulas-flora-nativa","7":"product_tag-b12","8":"product_tag-kids","9":"product_tag-vitamina-b12","11":"first","12":"instock","13":"shipping-taxable","14":"purchasable","15":"product-type-simple"},"_links":{"self":[{"href":"https:\/\/lmprodutosnaturais.com.br\/loja\/wp-json\/wp\/v2\/product\/15958","targetHints":{"allow":["GET"]}}],"collection":[{"href":"https:\/\/lmprodutosnaturais.com.br\/loja\/wp-json\/wp\/v2\/product"}],"about":[{"href":"https:\/\/lmprodutosnaturais.com.br\/loja\/wp-json\/wp\/v2\/types\/product"}],"wp:featuredmedia":[{"embeddable":true,"href":"https:\/\/lmprodutosnaturais.com.br\/loja\/wp-json\/wp\/v2\/media\/19080"}],"wp:attachment":[{"href":"https:\/\/lmprodutosnaturais.com.br\/loja\/wp-json\/wp\/v2\/media?parent=15958"}],"wp:term":[{"taxonomy":"product_brand","embeddable":true,"href":"https:\/\/lmprodutosnaturais.com.br\/loja\/wp-json\/wp\/v2\/product_brand?post=15958"},{"taxonomy":"product_cat","embeddable":true,"href":"https:\/\/lmprodutosnaturais.com.br\/loja\/wp-json\/wp\/v2\/product_cat?post=15958"},{"taxonomy":"product_tag","embeddable":true,"href":"https:\/\/lmprodutosnaturais.com.br\/loja\/wp-json\/wp\/v2\/product_tag?post=15958"}],"curies":[{"name":"wp","href":"https:\/\/api.w.org\/{rel}","templated":true}]}}