{"id":15979,"date":"2023-03-09T13:31:03","date_gmt":"2023-03-09T16:31:03","guid":{"rendered":"https:\/\/lmprodutosnaturais.com.br\/loja\/?post_type=product&#038;p=15979"},"modified":"2026-04-01T16:18:10","modified_gmt":"2026-04-01T19:18:10","slug":"oleo-de-curcuma-vit-e-gotas-30-ml-fn","status":"publish","type":"product","link":"https:\/\/lmprodutosnaturais.com.br\/loja\/produto\/oleo-de-curcuma-vit-e-gotas-30-ml-fn\/","title":{"rendered":"OLEO DE CURCUMA + VIT. E GOTAS 30 ML FN"},"content":{"rendered":"<h3 class=\"wp-block-heading\">Recomenda\u00e7\u00e3o de uso:<\/h3>\n<p>Ingerir 5 gotas, 1 vez ao dia.<\/p>\n<h3 class=\"wp-block-heading\">Informa\u00e7\u00e3o nutricional:<\/h3>\n<p>Valor Energ\u00e9tico 2Kcal (0,1% VD*) \u2022 Gorduras Totais 0,2g (0,3% VD*) \u2022 Gorduras saturadas 0g \u2022 Vitamina E 2,25mg (15% VD*)<\/p>\n<p>* Percentual de valores di\u00e1rios fornecidos pela por\u00e7\u00e3o<\/p>\n<h3 class=\"wp-block-heading\">Ingredientes:<\/h3>\n<p>\u00d3leo de Algod\u00e3o, Extrato de Rizomas de C\u00farcuma Longa e DL-Acetato de tocoferol (Vitamina E).<\/p>\n","protected":false},"excerpt":{"rendered":"<p>Recomenda\u00e7\u00e3o de uso: Ingerir 5 gotas, 1 vez ao dia. Informa\u00e7\u00e3o nutricional: Valor Energ\u00e9tico 2Kcal (0,1% VD*) \u2022 Gorduras Totais 0,2g (0,3% VD*) \u2022 Gorduras saturadas 0g \u2022 Vitamina E 2,25mg (15% VD*) * Percentual de valores di\u00e1rios fornecidos pela &hellip; <a href=\"https:\/\/lmprodutosnaturais.com.br\/loja\/produto\/oleo-de-curcuma-vit-e-gotas-30-ml-fn\/\">Readmore<\/a><\/p>\n","protected":false},"featured_media":15982,"template":"","meta":{"_bbp_topic_count":0,"_bbp_reply_count":0,"_bbp_total_topic_count":0,"_bbp_total_reply_count":0,"_bbp_voice_count":0,"_bbp_anonymous_reply_count":0,"_bbp_topic_count_hidden":0,"_bbp_reply_count_hidden":0,"_bbp_forum_subforum_count":0},"product_brand":[],"product_cat":[384,429],"product_tag":[464,740],"class_list":{"0":"post-15979","1":"product","2":"type-product","3":"status-publish","4":"has-post-thumbnail","6":"product_cat-capsulas-flora-nativa","7":"product_cat-promocoes","8":"product_tag-acafrao","9":"product_tag-oleo-de-curcuma","11":"first","12":"instock","13":"sale","14":"shipping-taxable","15":"purchasable","16":"product-type-simple"},"_links":{"self":[{"href":"https:\/\/lmprodutosnaturais.com.br\/loja\/wp-json\/wp\/v2\/product\/15979","targetHints":{"allow":["GET"]}}],"collection":[{"href":"https:\/\/lmprodutosnaturais.com.br\/loja\/wp-json\/wp\/v2\/product"}],"about":[{"href":"https:\/\/lmprodutosnaturais.com.br\/loja\/wp-json\/wp\/v2\/types\/product"}],"wp:featuredmedia":[{"embeddable":true,"href":"https:\/\/lmprodutosnaturais.com.br\/loja\/wp-json\/wp\/v2\/media\/15982"}],"wp:attachment":[{"href":"https:\/\/lmprodutosnaturais.com.br\/loja\/wp-json\/wp\/v2\/media?parent=15979"}],"wp:term":[{"taxonomy":"product_brand","embeddable":true,"href":"https:\/\/lmprodutosnaturais.com.br\/loja\/wp-json\/wp\/v2\/product_brand?post=15979"},{"taxonomy":"product_cat","embeddable":true,"href":"https:\/\/lmprodutosnaturais.com.br\/loja\/wp-json\/wp\/v2\/product_cat?post=15979"},{"taxonomy":"product_tag","embeddable":true,"href":"https:\/\/lmprodutosnaturais.com.br\/loja\/wp-json\/wp\/v2\/product_tag?post=15979"}],"curies":[{"name":"wp","href":"https:\/\/api.w.org\/{rel}","templated":true}]}}