{"id":16025,"date":"2023-04-03T15:15:16","date_gmt":"2023-04-03T18:15:16","guid":{"rendered":"https:\/\/lmprodutosnaturais.com.br\/loja\/?post_type=product&#038;p=16025"},"modified":"2026-04-02T17:50:56","modified_gmt":"2026-04-02T20:50:56","slug":"complexo-b-500mg-60-caps-flora-nativa","status":"publish","type":"product","link":"https:\/\/lmprodutosnaturais.com.br\/loja\/produto\/complexo-b-500mg-60-caps-flora-nativa\/","title":{"rendered":"COMPLEXO B 500MG 60 CAPS FLORA NATIVA"},"content":{"rendered":"<p>As vitaminas do Complexo B possuem um importante papel nas fun\u00e7\u00f5es corporais. O Complexo B propicia melhor digest\u00e3o, absor\u00e7\u00e3o e metaboliza\u00e7\u00e3o dos carboidratos, das prote\u00ednas e da gordura, otimizando a utiliza\u00e7\u00e3o pelo organismo.<\/p>\n<h3 class=\"wp-block-heading\">Recomenda\u00e7\u00e3o de uso:<\/h3>\n<p>Ingerir 1 c\u00e1psula ao dia, preferencialmente pela manh\u00e3 ap\u00f3s refei\u00e7\u00e3o, ou conforme orienta\u00e7\u00e3o profissional.<\/p>\n<h3 class=\"wp-block-heading\">Informa\u00e7\u00e3o nutricional:<\/h3>\n<p>Vitamina B1 1,2mg (100% VD*) \u2022 Vitamina B2 1,3mg (108% VD*) \u2022 Niacina 15mg de NE (100% VD*) \u2022 \u00c1cido Pantat\u00eanico 5mg (100% VD*) \u2022 Vitamina B6 1,3mg (100% VD*) \u2022 Biotina 30mcg (100% VD*) \u2022 Vitamina B12 2,4mcg (100% VD*) \u2022 \u00c1cido F\u00f3lico 400mcg (100% VD*).<br \/>\n* Percentual de valores di\u00e1rios fornecidos pela por\u00e7\u00e3o.<\/p>\n<h3 class=\"wp-block-heading\">Ingredientes:<\/h3>\n<p>Niacina (Vitamina B3), D-Pantotenato de C\u00e1lcio (Vitamina B5), Cloridrato de Piridoxina (Vitamina B6), Riboflavina (Vitamina B2), Cloridrato de Tiamina (Vitamina B1), \u00c1cido F\u00f3lico, D-Biotina (Vitamina B7), Metilcobalamina (Vitamina B12), Silicato de Magn\u00e9sio (553i), Di\u00f3xido de Sil\u00edcio (551).<\/p>\n<h3 class=\"wp-block-heading\">Composi\u00e7\u00e3o da c\u00e1psula:<\/h3>\n<p>Gelatina.<\/p>\n","protected":false},"excerpt":{"rendered":"<p>As vitaminas do Complexo B possuem um importante papel nas fun\u00e7\u00f5es corporais. O Complexo B propicia melhor digest\u00e3o, absor\u00e7\u00e3o e metaboliza\u00e7\u00e3o dos carboidratos, das prote\u00ednas e da gordura, otimizando a utiliza\u00e7\u00e3o pelo organismo. Recomenda\u00e7\u00e3o de uso: Ingerir 1 c\u00e1psula ao &hellip; <a href=\"https:\/\/lmprodutosnaturais.com.br\/loja\/produto\/complexo-b-500mg-60-caps-flora-nativa\/\">Readmore<\/a><\/p>\n","protected":false},"featured_media":16027,"template":"","meta":{"_bbp_topic_count":0,"_bbp_reply_count":0,"_bbp_total_topic_count":0,"_bbp_total_reply_count":0,"_bbp_voice_count":0,"_bbp_anonymous_reply_count":0,"_bbp_topic_count_hidden":0,"_bbp_reply_count_hidden":0,"_bbp_forum_subforum_count":0},"product_brand":[],"product_cat":[384],"product_tag":[660,747,654,655,656],"class_list":{"0":"post-16025","1":"product","2":"type-product","3":"status-publish","4":"has-post-thumbnail","6":"product_cat-capsulas-flora-nativa","7":"product_tag-b12","8":"product_tag-b6","9":"product_tag-complexo-b","10":"product_tag-vitamina-b","11":"product_tag-vitamina-b1","13":"first","14":"instock","15":"shipping-taxable","16":"purchasable","17":"product-type-simple"},"_links":{"self":[{"href":"https:\/\/lmprodutosnaturais.com.br\/loja\/wp-json\/wp\/v2\/product\/16025","targetHints":{"allow":["GET"]}}],"collection":[{"href":"https:\/\/lmprodutosnaturais.com.br\/loja\/wp-json\/wp\/v2\/product"}],"about":[{"href":"https:\/\/lmprodutosnaturais.com.br\/loja\/wp-json\/wp\/v2\/types\/product"}],"wp:featuredmedia":[{"embeddable":true,"href":"https:\/\/lmprodutosnaturais.com.br\/loja\/wp-json\/wp\/v2\/media\/16027"}],"wp:attachment":[{"href":"https:\/\/lmprodutosnaturais.com.br\/loja\/wp-json\/wp\/v2\/media?parent=16025"}],"wp:term":[{"taxonomy":"product_brand","embeddable":true,"href":"https:\/\/lmprodutosnaturais.com.br\/loja\/wp-json\/wp\/v2\/product_brand?post=16025"},{"taxonomy":"product_cat","embeddable":true,"href":"https:\/\/lmprodutosnaturais.com.br\/loja\/wp-json\/wp\/v2\/product_cat?post=16025"},{"taxonomy":"product_tag","embeddable":true,"href":"https:\/\/lmprodutosnaturais.com.br\/loja\/wp-json\/wp\/v2\/product_tag?post=16025"}],"curies":[{"name":"wp","href":"https:\/\/api.w.org\/{rel}","templated":true}]}}