{"id":16035,"date":"2023-04-03T15:35:17","date_gmt":"2023-04-03T18:35:17","guid":{"rendered":"https:\/\/lmprodutosnaturais.com.br\/loja\/?post_type=product&#038;p=16035"},"modified":"2026-04-01T16:18:48","modified_gmt":"2026-04-01T19:18:48","slug":"trans-resveratrol-natural-veri-te-30-caps-fn","status":"publish","type":"product","link":"https:\/\/lmprodutosnaturais.com.br\/loja\/produto\/trans-resveratrol-natural-veri-te-30-caps-fn\/","title":{"rendered":"TRANS RESVERATROL NATURAL (VERI-TE) 30 CAPS FN"},"content":{"rendered":"<p>Composto natural com potente a\u00e7\u00e3o antioxidante e anti-inflamat\u00f3ria, atuando na prote\u00e7\u00e3o contra doen\u00e7as cardiovasculares e neurodegenerativas, al\u00e9m de prevenir o envelhecimento precoce da pele.<\/p>\n<h3 class=\"wp-block-heading\">Recomenda\u00e7\u00e3o de uso<strong>:<\/strong><\/h3>\n<p>Ingerir 1 c\u00e1psula pela manh\u00e3 junto com uma refei\u00e7\u00e3o.<\/p>\n<h3 class=\"wp-block-heading\">Informa\u00e7\u00e3o nutricional:<\/h3>\n<p>Transresveratrol de Saccharomyces cerevisiae 147mg \u2022 Proantocianidinas de semente de uva 100mg \u2022 Vitamina E 10mg (67% VD*)<\/p>\n<p>* Percentual de valores di\u00e1rios fornecidos pela por\u00e7\u00e3o<\/p>\n<h3 class=\"wp-block-heading\">Ingredientes:<\/h3>\n<p>Trans-resveratrol de levedura (Saccharomyces cerevisiae), Extrato seco de semente de uva (Vitis Vinifera), Acetato de DL-Alfa-Tocoferol, Estearato de Magn\u00e9sio (470iii), Silicato de Magn\u00e9sio (553iii) e Di\u00f3xido de Sil\u00edcio (INS 551).<\/p>\n","protected":false},"excerpt":{"rendered":"<p>Composto natural com potente a\u00e7\u00e3o antioxidante e anti-inflamat\u00f3ria, atuando na prote\u00e7\u00e3o contra doen\u00e7as cardiovasculares e neurodegenerativas, al\u00e9m de prevenir o envelhecimento precoce da pele. Recomenda\u00e7\u00e3o de uso: Ingerir 1 c\u00e1psula pela manh\u00e3 junto com uma refei\u00e7\u00e3o. Informa\u00e7\u00e3o nutricional: Transresveratrol de &hellip; <a href=\"https:\/\/lmprodutosnaturais.com.br\/loja\/produto\/trans-resveratrol-natural-veri-te-30-caps-fn\/\">Readmore<\/a><\/p>\n","protected":false},"featured_media":19043,"template":"","meta":{"_bbp_topic_count":0,"_bbp_reply_count":0,"_bbp_total_topic_count":0,"_bbp_total_reply_count":0,"_bbp_voice_count":0,"_bbp_anonymous_reply_count":0,"_bbp_topic_count_hidden":0,"_bbp_reply_count_hidden":0,"_bbp_forum_subforum_count":0},"product_brand":[],"product_cat":[384,429],"product_tag":[749],"class_list":{"0":"post-16035","1":"product","2":"type-product","3":"status-publish","4":"has-post-thumbnail","6":"product_cat-capsulas-flora-nativa","7":"product_cat-promocoes","8":"product_tag-resveratrol","10":"first","11":"instock","12":"sale","13":"shipping-taxable","14":"purchasable","15":"product-type-simple"},"_links":{"self":[{"href":"https:\/\/lmprodutosnaturais.com.br\/loja\/wp-json\/wp\/v2\/product\/16035","targetHints":{"allow":["GET"]}}],"collection":[{"href":"https:\/\/lmprodutosnaturais.com.br\/loja\/wp-json\/wp\/v2\/product"}],"about":[{"href":"https:\/\/lmprodutosnaturais.com.br\/loja\/wp-json\/wp\/v2\/types\/product"}],"wp:featuredmedia":[{"embeddable":true,"href":"https:\/\/lmprodutosnaturais.com.br\/loja\/wp-json\/wp\/v2\/media\/19043"}],"wp:attachment":[{"href":"https:\/\/lmprodutosnaturais.com.br\/loja\/wp-json\/wp\/v2\/media?parent=16035"}],"wp:term":[{"taxonomy":"product_brand","embeddable":true,"href":"https:\/\/lmprodutosnaturais.com.br\/loja\/wp-json\/wp\/v2\/product_brand?post=16035"},{"taxonomy":"product_cat","embeddable":true,"href":"https:\/\/lmprodutosnaturais.com.br\/loja\/wp-json\/wp\/v2\/product_cat?post=16035"},{"taxonomy":"product_tag","embeddable":true,"href":"https:\/\/lmprodutosnaturais.com.br\/loja\/wp-json\/wp\/v2\/product_tag?post=16035"}],"curies":[{"name":"wp","href":"https:\/\/api.w.org\/{rel}","templated":true}]}}