{"id":16232,"date":"2023-06-02T12:15:23","date_gmt":"2023-06-02T15:15:23","guid":{"rendered":"https:\/\/lmprodutosnaturais.com.br\/loja\/?post_type=product&#038;p=16232"},"modified":"2026-03-31T13:33:10","modified_gmt":"2026-03-31T16:33:10","slug":"super-omega-3-60-softcap-1000mg-33-epa-22-dha-fn","status":"publish","type":"product","link":"https:\/\/lmprodutosnaturais.com.br\/loja\/produto\/super-omega-3-60-softcap-1000mg-33-epa-22-dha-fn\/","title":{"rendered":"SUPER OMEGA 3 60 SOFTCAP 1000MG 33% EPA 22% DHA FN"},"content":{"rendered":"<p>Devido ao seu potencial anti-inflamat\u00f3rio oferece benef\u00edcios para a sa\u00fade cardiovascular, reduz os n\u00edveis de triglic\u00e9rides e colesterol, contribui para o al\u00edvio as dores articulares e auxilia no desenvolvimento cognitivo, importante nos processos de aprendizagem e mem\u00f3ria.<\/p>\n<h3 class=\"wp-block-heading\">Recomenda\u00e7\u00f5es de Uso:<\/h3>\n<p>Ingerir 2 c\u00e1psulas ao dia, de prefer\u00eancia antes das refei\u00e7\u00f5es, e com o aux\u00edlio de l\u00edquido.<\/p>\n<h3 class=\"wp-block-heading\">Informa\u00e7\u00e3o nutricional:<\/h3>\n<p>Valor energ\u00e9tico 18kcal (0,9% VD*) \u2022 Gorduras totais 2g (3% VD*) \u2022 Gorduras saturadas 0,2g (1% VD*) \u2022 Gorduras monoinsaturadas 0,5g (2% VD*) \u2022 Gorduras poli-insaturadas 1,3g (6,5% VD*) \u2022 \u00c1cido eicosapentaen\u00f3ico (EPA) 660mg \u2022 \u00c1cido docosahexaen\u00f3ico (DHA) 440mg \u2022 Colesterol 1mg (0,3% VD*) \u2022 Vitamina E 10mg (67% VD*)<\/p>\n<p>* Percentual de valores di\u00e1rios fornecidos pela por\u00e7\u00e3o<\/p>\n<h3 class=\"wp-block-heading\">Ingredientes:<\/h3>\n<p>\u00d3leo de peixe EE MEG-3\u00ae 33 EPA 22 DHA e Vitamina E (Acetato de DL Alfa Tocoferol).<\/p>\n<h3 class=\"wp-block-heading\">Composi\u00e7\u00e3o da c\u00e1psula:<\/h3>\n<p>Gelatina Bovina Farmac\u00eautica (INS 428), \u00c1gua Purificada por Osmose Reversa e Glicerina Farmac\u00eautica (INS 422).<\/p>\n","protected":false},"excerpt":{"rendered":"<p>Devido ao seu potencial anti-inflamat\u00f3rio oferece benef\u00edcios para a sa\u00fade cardiovascular, reduz os n\u00edveis de triglic\u00e9rides e colesterol, contribui para o al\u00edvio as dores articulares e auxilia no desenvolvimento cognitivo, importante nos processos de aprendizagem e mem\u00f3ria. Recomenda\u00e7\u00f5es de Uso: &hellip; <a href=\"https:\/\/lmprodutosnaturais.com.br\/loja\/produto\/super-omega-3-60-softcap-1000mg-33-epa-22-dha-fn\/\">Readmore<\/a><\/p>\n","protected":false},"featured_media":16235,"template":"","meta":{"_bbp_topic_count":0,"_bbp_reply_count":0,"_bbp_total_topic_count":0,"_bbp_total_reply_count":0,"_bbp_voice_count":0,"_bbp_anonymous_reply_count":0,"_bbp_topic_count_hidden":0,"_bbp_reply_count_hidden":0,"_bbp_forum_subforum_count":0},"product_brand":[],"product_cat":[384],"product_tag":[472],"class_list":{"0":"post-16232","1":"product","2":"type-product","3":"status-publish","4":"has-post-thumbnail","6":"product_cat-capsulas-flora-nativa","7":"product_tag-omega-3","9":"first","10":"instock","11":"shipping-taxable","12":"purchasable","13":"product-type-simple"},"_links":{"self":[{"href":"https:\/\/lmprodutosnaturais.com.br\/loja\/wp-json\/wp\/v2\/product\/16232","targetHints":{"allow":["GET"]}}],"collection":[{"href":"https:\/\/lmprodutosnaturais.com.br\/loja\/wp-json\/wp\/v2\/product"}],"about":[{"href":"https:\/\/lmprodutosnaturais.com.br\/loja\/wp-json\/wp\/v2\/types\/product"}],"wp:featuredmedia":[{"embeddable":true,"href":"https:\/\/lmprodutosnaturais.com.br\/loja\/wp-json\/wp\/v2\/media\/16235"}],"wp:attachment":[{"href":"https:\/\/lmprodutosnaturais.com.br\/loja\/wp-json\/wp\/v2\/media?parent=16232"}],"wp:term":[{"taxonomy":"product_brand","embeddable":true,"href":"https:\/\/lmprodutosnaturais.com.br\/loja\/wp-json\/wp\/v2\/product_brand?post=16232"},{"taxonomy":"product_cat","embeddable":true,"href":"https:\/\/lmprodutosnaturais.com.br\/loja\/wp-json\/wp\/v2\/product_cat?post=16232"},{"taxonomy":"product_tag","embeddable":true,"href":"https:\/\/lmprodutosnaturais.com.br\/loja\/wp-json\/wp\/v2\/product_tag?post=16232"}],"curies":[{"name":"wp","href":"https:\/\/api.w.org\/{rel}","templated":true}]}}