{"id":16792,"date":"2023-07-26T14:13:28","date_gmt":"2023-07-26T17:13:28","guid":{"rendered":"https:\/\/lmprodutosnaturais.com.br\/loja\/?post_type=product&#038;p=16792"},"modified":"2026-03-31T15:03:02","modified_gmt":"2026-03-31T18:03:02","slug":"ultra-condrix-flex-60-caps-flora-nativa","status":"publish","type":"product","link":"https:\/\/lmprodutosnaturais.com.br\/loja\/produto\/ultra-condrix-flex-60-caps-flora-nativa\/","title":{"rendered":"ULTRA CONDRIX FLEX 60 CAPS FLORA NATIVA"},"content":{"rendered":"<p>omposi\u00e7\u00e3o \u00fanica e completa para fortalecimento de ossos e articula\u00e7\u00f5es.<\/p>\n<h3 class=\"wp-block-heading\">Recomenda\u00e7\u00e3o de uso:<\/h3>\n<p>Ingerir 02 c\u00e1psulas ao dia, pela manh\u00e3, ou conforme orienta\u00e7\u00e3o profissional.<\/p>\n<h3 class=\"wp-block-heading\">Informa\u00e7\u00e3o nutricional:<\/h3>\n<p>Col\u00e1geno tipo II n\u00e3o desnaturado 40mg \u2022 Curcumina 130mg \u2022 Metilsulfonilmetano 700mg \u2022 \u00c1cido Hialur\u00f4nico 80mg \u2022 Vitamina D 50mcg (333% VD*) \u2022 Vitamina K 120mcg (100% VD*)<\/p>\n<p>* Percentual de valores di\u00e1rios fornecidos pela por\u00e7\u00e3o<\/p>\n<h3 class=\"wp-block-heading\">Ingredientes:<\/h3>\n<p>Metilsulfonilmetano (OptiMSM\u00ae), Extrato de rizomas de C\u00farcuma longa, Hialuronato de s\u00f3dio (fonte de \u00e1cido hialur\u00f4nico Haplex \u00ae Plus APM), Col\u00e1geno de frango com col\u00e1geno tipo II n\u00e3o desnaturado, Vitamina K2 (Menaquinona), Vitamina D3 (Colecalciferol), Silicato de Magn\u00e9sio (INS 553i), Di\u00f3xido de Sil\u00edcio (INS 551).<\/p>\n<h3 class=\"wp-block-heading\">Composi\u00e7\u00e3o da c\u00e1psula:<\/h3>\n<p>Gelatina. N\u00c3O CONT\u00c9M GL\u00daTEN.<\/p>\n","protected":false},"excerpt":{"rendered":"<p>omposi\u00e7\u00e3o \u00fanica e completa para fortalecimento de ossos e articula\u00e7\u00f5es. Recomenda\u00e7\u00e3o de uso: Ingerir 02 c\u00e1psulas ao dia, pela manh\u00e3, ou conforme orienta\u00e7\u00e3o profissional. Informa\u00e7\u00e3o nutricional: Col\u00e1geno tipo II n\u00e3o desnaturado 40mg \u2022 Curcumina 130mg \u2022 Metilsulfonilmetano 700mg \u2022 \u00c1cido &hellip; <a href=\"https:\/\/lmprodutosnaturais.com.br\/loja\/produto\/ultra-condrix-flex-60-caps-flora-nativa\/\">Readmore<\/a><\/p>\n","protected":false},"featured_media":16793,"template":"","meta":{"_bbp_topic_count":0,"_bbp_reply_count":0,"_bbp_total_topic_count":0,"_bbp_total_reply_count":0,"_bbp_voice_count":0,"_bbp_anonymous_reply_count":0,"_bbp_topic_count_hidden":0,"_bbp_reply_count_hidden":0,"_bbp_forum_subforum_count":0},"product_brand":[],"product_cat":[384,429],"product_tag":[824,565,564,463],"class_list":{"0":"post-16792","1":"product","2":"type-product","3":"status-publish","4":"has-post-thumbnail","6":"product_cat-capsulas-flora-nativa","7":"product_cat-promocoes","8":"product_tag-articulacao","9":"product_tag-calcio","10":"product_tag-colageno-tipo-ll","11":"product_tag-curcuma","13":"first","14":"instock","15":"sale","16":"shipping-taxable","17":"purchasable","18":"product-type-simple"},"_links":{"self":[{"href":"https:\/\/lmprodutosnaturais.com.br\/loja\/wp-json\/wp\/v2\/product\/16792","targetHints":{"allow":["GET"]}}],"collection":[{"href":"https:\/\/lmprodutosnaturais.com.br\/loja\/wp-json\/wp\/v2\/product"}],"about":[{"href":"https:\/\/lmprodutosnaturais.com.br\/loja\/wp-json\/wp\/v2\/types\/product"}],"wp:featuredmedia":[{"embeddable":true,"href":"https:\/\/lmprodutosnaturais.com.br\/loja\/wp-json\/wp\/v2\/media\/16793"}],"wp:attachment":[{"href":"https:\/\/lmprodutosnaturais.com.br\/loja\/wp-json\/wp\/v2\/media?parent=16792"}],"wp:term":[{"taxonomy":"product_brand","embeddable":true,"href":"https:\/\/lmprodutosnaturais.com.br\/loja\/wp-json\/wp\/v2\/product_brand?post=16792"},{"taxonomy":"product_cat","embeddable":true,"href":"https:\/\/lmprodutosnaturais.com.br\/loja\/wp-json\/wp\/v2\/product_cat?post=16792"},{"taxonomy":"product_tag","embeddable":true,"href":"https:\/\/lmprodutosnaturais.com.br\/loja\/wp-json\/wp\/v2\/product_tag?post=16792"}],"curies":[{"name":"wp","href":"https:\/\/api.w.org\/{rel}","templated":true}]}}