{"id":16866,"date":"2023-08-31T09:03:16","date_gmt":"2023-08-31T12:03:16","guid":{"rendered":"https:\/\/lmprodutosnaturais.com.br\/loja\/?post_type=product&#038;p=16866"},"modified":"2025-12-16T10:29:01","modified_gmt":"2025-12-16T13:29:01","slug":"neozen-500-mg-60-caps-muwiz","status":"publish","type":"product","link":"https:\/\/lmprodutosnaturais.com.br\/loja\/produto\/neozen-500-mg-60-caps-muwiz\/","title":{"rendered":"NEOZEN 500 MG 60 CAPS MUWIZ"},"content":{"rendered":"<p>A agita\u00e7\u00e3o do dia a dia muitas vezes nos deixa com n\u00edveis de stress elevado e at\u00e9 mesmo ansiosos. Neozen Muwiz \u00e9 composto por Vitaminas do complexo B, Vitamina C, L-Triptofano, L-Fenilalanina e Mangan\u00eas.<\/p>\n<p><strong>Ingredientes:<\/strong>\u00a0L-fenilalanina, amido de milho, L-triptofano, \u00e1cido asc\u00f3rbico, nicotinamida, cloridrato de piridoxina,bisglicinato de mangan\u00eas e antiumectante di\u00f3xido de sil\u00edcio.Composi\u00e7\u00e3o c\u00e1psula: gelatina. N\u00c3O CONT\u00c9M GL\u00daTEN, CONT\u00c9M FENILALANINA<\/p>\n<p>Conservar ao abrigo da luz, calor e umidade.<br \/>\nAp\u00f3s aberto consumir em at\u00e9 60 dias.<br \/>\nProduto indicado para o grupo populacional acima de 19 anos.<\/p>\n<p>Este produto n\u00e3o \u00e9 um medicamento.<br \/>\nN\u00e3o exceder a recomenda\u00e7\u00e3o di\u00e1ria de consumo indicada na embalagem. Mantenha fora do alcance de crian\u00e7as.<br \/>\nEste produto n\u00e3o deve ser consumido por gestantes, lactantes e crian\u00e7as. RECOMENDA\u00c7\u00c3O DE USO: Consumir 02 c\u00e1psulas ao dia.<\/p>\n<p>Produto dispensado de registro conforme RDC 240\/2018.<img loading=\"lazy\" decoding=\"async\" class=\"alignnone size-medium wp-image-18917\" src=\"https:\/\/lmprodutosnaturais.com.br\/loja\/wp-content\/uploads\/2023\/08\/neoz-300x300.jpg\" alt=\"LM Distribuidora - Produtos Naturais\" width=\"300\" height=\"300\" title=\"LM Distribuidora - Produtos Naturais\" srcset=\"https:\/\/lmprodutosnaturais.com.br\/loja\/wp-content\/uploads\/2023\/08\/neoz-300x300.jpg 300w, https:\/\/lmprodutosnaturais.com.br\/loja\/wp-content\/uploads\/2023\/08\/neoz-150x150.jpg 150w, https:\/\/lmprodutosnaturais.com.br\/loja\/wp-content\/uploads\/2023\/08\/neoz-768x768.jpg 768w, https:\/\/lmprodutosnaturais.com.br\/loja\/wp-content\/uploads\/2023\/08\/neoz-1024x1024.jpg 1024w, https:\/\/lmprodutosnaturais.com.br\/loja\/wp-content\/uploads\/2023\/08\/neoz-600x600.jpg 600w, https:\/\/lmprodutosnaturais.com.br\/loja\/wp-content\/uploads\/2023\/08\/neoz-100x100.jpg 100w, https:\/\/lmprodutosnaturais.com.br\/loja\/wp-content\/uploads\/2023\/08\/neoz.jpg 1080w\" sizes=\"auto, (max-width: 300px) 100vw, 300px\" \/><\/p>\n","protected":false},"excerpt":{"rendered":"<p>A agita\u00e7\u00e3o do dia a dia muitas vezes nos deixa com n\u00edveis de stress elevado e at\u00e9 mesmo ansiosos. Neozen Muwiz \u00e9 composto por Vitaminas do complexo B, Vitamina C, L-Triptofano, L-Fenilalanina e Mangan\u00eas. Ingredientes:\u00a0L-fenilalanina, amido de milho, L-triptofano, \u00e1cido &hellip; <a href=\"https:\/\/lmprodutosnaturais.com.br\/loja\/produto\/neozen-500-mg-60-caps-muwiz\/\">Readmore<\/a><\/p>\n","protected":false},"featured_media":16867,"template":"","meta":{"_bbp_topic_count":0,"_bbp_reply_count":0,"_bbp_total_topic_count":0,"_bbp_total_reply_count":0,"_bbp_voice_count":0,"_bbp_anonymous_reply_count":0,"_bbp_topic_count_hidden":0,"_bbp_reply_count_hidden":0,"_bbp_forum_subforum_count":0},"product_brand":[],"product_cat":[382,429],"product_tag":[],"class_list":{"0":"post-16866","1":"product","2":"type-product","3":"status-publish","4":"has-post-thumbnail","6":"product_cat-capsulas-muwiz","7":"product_cat-promocoes","9":"first","10":"instock","11":"sale","12":"shipping-taxable","13":"purchasable","14":"product-type-simple"},"_links":{"self":[{"href":"https:\/\/lmprodutosnaturais.com.br\/loja\/wp-json\/wp\/v2\/product\/16866","targetHints":{"allow":["GET"]}}],"collection":[{"href":"https:\/\/lmprodutosnaturais.com.br\/loja\/wp-json\/wp\/v2\/product"}],"about":[{"href":"https:\/\/lmprodutosnaturais.com.br\/loja\/wp-json\/wp\/v2\/types\/product"}],"wp:featuredmedia":[{"embeddable":true,"href":"https:\/\/lmprodutosnaturais.com.br\/loja\/wp-json\/wp\/v2\/media\/16867"}],"wp:attachment":[{"href":"https:\/\/lmprodutosnaturais.com.br\/loja\/wp-json\/wp\/v2\/media?parent=16866"}],"wp:term":[{"taxonomy":"product_brand","embeddable":true,"href":"https:\/\/lmprodutosnaturais.com.br\/loja\/wp-json\/wp\/v2\/product_brand?post=16866"},{"taxonomy":"product_cat","embeddable":true,"href":"https:\/\/lmprodutosnaturais.com.br\/loja\/wp-json\/wp\/v2\/product_cat?post=16866"},{"taxonomy":"product_tag","embeddable":true,"href":"https:\/\/lmprodutosnaturais.com.br\/loja\/wp-json\/wp\/v2\/product_tag?post=16866"}],"curies":[{"name":"wp","href":"https:\/\/api.w.org\/{rel}","templated":true}]}}