{"id":16868,"date":"2023-08-31T09:09:17","date_gmt":"2023-08-31T12:09:17","guid":{"rendered":"https:\/\/lmprodutosnaturais.com.br\/loja\/?post_type=product&#038;p=16868"},"modified":"2026-03-31T15:25:58","modified_gmt":"2026-03-31T18:25:58","slug":"5-magnesios-500-mg-60-caps-muwiz","status":"publish","type":"product","link":"https:\/\/lmprodutosnaturais.com.br\/loja\/produto\/5-magnesios-500-mg-60-caps-muwiz\/","title":{"rendered":"5 MAGN\u00c9SIOS 500 MG 60 CAPS MUWIZ"},"content":{"rendered":"<p>5 Magn\u00e9sios da Muwiz, como o pr\u00f3prio nome j\u00e1 diz, \u00e9 composto por 5 tipos de magn\u00e9sios. Auxilia na forma\u00e7\u00e3o de ossos e dentes, no metabolismo energ\u00e9tico e no metabolismo de prote\u00ednas, carboidratos e gorduras.<\/p>\n<p>Conservar ao abrigo da luz, calor e umidade.<br \/>\nAp\u00f3s aberto consumir em at\u00e9 60 dias.<br \/>\nProduto indicado para o grupo populacional acima de 19 anos.<br \/>\nEste produto n\u00e3o \u00e9 um medicamento.<br \/>\nN\u00e3o exceder a recomenda\u00e7\u00e3o di\u00e1ria de consumo indicada na embalagem. Mantenha fora do alcance de crian\u00e7as.<br \/>\nRECOMENDA\u00c7\u00c3O DE USO: Ingerir 2 c\u00e1psulas ao dia.<\/p>\n<p>Produto dispensado de registro conforme RDC 240\/2018<img loading=\"lazy\" decoding=\"async\" class=\"alignnone size-medium wp-image-18916\" src=\"https:\/\/lmprodutosnaturais.com.br\/loja\/wp-content\/uploads\/2023\/08\/5-300x300.jpg\" alt=\"LM Distribuidora - Produtos Naturais\" width=\"300\" height=\"300\" title=\"LM Distribuidora - Produtos Naturais\" srcset=\"https:\/\/lmprodutosnaturais.com.br\/loja\/wp-content\/uploads\/2023\/08\/5-300x300.jpg 300w, https:\/\/lmprodutosnaturais.com.br\/loja\/wp-content\/uploads\/2023\/08\/5-150x150.jpg 150w, https:\/\/lmprodutosnaturais.com.br\/loja\/wp-content\/uploads\/2023\/08\/5-768x768.jpg 768w, https:\/\/lmprodutosnaturais.com.br\/loja\/wp-content\/uploads\/2023\/08\/5-1024x1024.jpg 1024w, https:\/\/lmprodutosnaturais.com.br\/loja\/wp-content\/uploads\/2023\/08\/5-600x600.jpg 600w, https:\/\/lmprodutosnaturais.com.br\/loja\/wp-content\/uploads\/2023\/08\/5-100x100.jpg 100w, https:\/\/lmprodutosnaturais.com.br\/loja\/wp-content\/uploads\/2023\/08\/5.jpg 1080w\" sizes=\"auto, (max-width: 300px) 100vw, 300px\" \/><\/p>\n","protected":false},"excerpt":{"rendered":"<p>5 Magn\u00e9sios da Muwiz, como o pr\u00f3prio nome j\u00e1 diz, \u00e9 composto por 5 tipos de magn\u00e9sios. Auxilia na forma\u00e7\u00e3o de ossos e dentes, no metabolismo energ\u00e9tico e no metabolismo de prote\u00ednas, carboidratos e gorduras. Conservar ao abrigo da luz, &hellip; <a href=\"https:\/\/lmprodutosnaturais.com.br\/loja\/produto\/5-magnesios-500-mg-60-caps-muwiz\/\">Readmore<\/a><\/p>\n","protected":false},"featured_media":16869,"template":"","meta":{"_bbp_topic_count":0,"_bbp_reply_count":0,"_bbp_total_topic_count":0,"_bbp_total_reply_count":0,"_bbp_voice_count":0,"_bbp_anonymous_reply_count":0,"_bbp_topic_count_hidden":0,"_bbp_reply_count_hidden":0,"_bbp_forum_subforum_count":0},"product_brand":[],"product_cat":[382],"product_tag":[826,456,526],"class_list":{"0":"post-16868","1":"product","2":"type-product","3":"status-publish","4":"has-post-thumbnail","6":"product_cat-capsulas-muwiz","7":"product_tag-dimalato","8":"product_tag-magnesio","9":"product_tag-quelato","11":"first","12":"instock","13":"shipping-taxable","14":"purchasable","15":"product-type-simple"},"_links":{"self":[{"href":"https:\/\/lmprodutosnaturais.com.br\/loja\/wp-json\/wp\/v2\/product\/16868","targetHints":{"allow":["GET"]}}],"collection":[{"href":"https:\/\/lmprodutosnaturais.com.br\/loja\/wp-json\/wp\/v2\/product"}],"about":[{"href":"https:\/\/lmprodutosnaturais.com.br\/loja\/wp-json\/wp\/v2\/types\/product"}],"wp:featuredmedia":[{"embeddable":true,"href":"https:\/\/lmprodutosnaturais.com.br\/loja\/wp-json\/wp\/v2\/media\/16869"}],"wp:attachment":[{"href":"https:\/\/lmprodutosnaturais.com.br\/loja\/wp-json\/wp\/v2\/media?parent=16868"}],"wp:term":[{"taxonomy":"product_brand","embeddable":true,"href":"https:\/\/lmprodutosnaturais.com.br\/loja\/wp-json\/wp\/v2\/product_brand?post=16868"},{"taxonomy":"product_cat","embeddable":true,"href":"https:\/\/lmprodutosnaturais.com.br\/loja\/wp-json\/wp\/v2\/product_cat?post=16868"},{"taxonomy":"product_tag","embeddable":true,"href":"https:\/\/lmprodutosnaturais.com.br\/loja\/wp-json\/wp\/v2\/product_tag?post=16868"}],"curies":[{"name":"wp","href":"https:\/\/api.w.org\/{rel}","templated":true}]}}