{"id":18461,"date":"2024-05-03T16:51:42","date_gmt":"2024-05-03T19:51:42","guid":{"rendered":"https:\/\/lmprodutosnaturais.com.br\/loja\/produto\/6-magnesios-600-mg-60-caps-flora-nativa-do-brasil\/"},"modified":"2026-04-02T10:12:55","modified_gmt":"2026-04-02T13:12:55","slug":"6-magnesios-600-mg-60-caps-flora-nativa-do-brasil","status":"publish","type":"product","link":"https:\/\/lmprodutosnaturais.com.br\/loja\/produto\/6-magnesios-600-mg-60-caps-flora-nativa-do-brasil\/","title":{"rendered":"6 MAGN\u00c9SIOS 600 MG 60 CAPS FLORA NATIVA DO BRASIL"},"content":{"rendered":"<p class=\"has-medium-font-size\"><strong>O magn\u00e9sio \u00e9 um nutriente essencial e cada associa\u00e7\u00e3o atual de diferentes formas. Unimos tr\u00eas em uma s\u00f3 c\u00e1psula, que pode ajudar a diminuir ansiedade e estresse, al\u00e9m de melhorar o racioc\u00ednio, concentra\u00e7\u00e3o, aprendizado e mem\u00f3ria.<\/strong><\/p>\n<h3 class=\"wp-block-heading\">RECOMENDA\u00c7\u00c3O DE USO:<\/h3>\n<p>Ingerir 02 c\u00e1psulas ao dia, preferencialmente antes das refei\u00e7\u00f5es, ou conforme orienta\u00e7\u00e3o profissional.<\/p>\n<h3 class=\"wp-block-heading\">INFORMA\u00c7\u00c3O NUTRICIONAL:<\/h3>\n<p>Magn\u00e9sio 260 mg (62 % VD*). * Percentual de valores di\u00e1rios fornecidos pela por\u00e7\u00e3o<\/p>\n<h3 class=\"wp-block-heading\">INGREDIENTES:<\/h3>\n<p>\u00d3xido de Magn\u00e9sio, Bisglicinato de Magn\u00e9sio, Ascorbato de Magn\u00e9sio, Magn\u00e9sio Citrato Malato, Malato de Magn\u00e9sio, Taurato de Magn\u00e9sio, Antiumectantes: Estearato de Magn\u00e9sio, Silicato de Magn\u00e9sio e Celulose Microcristalina. Composi\u00e7\u00e3o da c\u00e1psula: Gelatina. N\u00c3O CONT\u00c9M GL\u00daTEN]<\/p>\n<h3 class=\"wp-block-heading\">CONTE\u00daDO:<\/h3>\n<p>60 c\u00e1psulas<\/p>\n","protected":false},"excerpt":{"rendered":"<p>O magn\u00e9sio \u00e9 um nutriente essencial e cada associa\u00e7\u00e3o atual de diferentes formas. Unimos tr\u00eas em uma s\u00f3 c\u00e1psula, que pode ajudar a diminuir ansiedade e estresse, al\u00e9m de melhorar o racioc\u00ednio, concentra\u00e7\u00e3o, aprendizado e mem\u00f3ria. RECOMENDA\u00c7\u00c3O DE USO: Ingerir &hellip; <a href=\"https:\/\/lmprodutosnaturais.com.br\/loja\/produto\/6-magnesios-600-mg-60-caps-flora-nativa-do-brasil\/\">Readmore<\/a><\/p>\n","protected":false},"featured_media":18460,"template":"","meta":{"_bbp_topic_count":0,"_bbp_reply_count":0,"_bbp_total_topic_count":0,"_bbp_total_reply_count":0,"_bbp_voice_count":0,"_bbp_anonymous_reply_count":0,"_bbp_topic_count_hidden":0,"_bbp_reply_count_hidden":0,"_bbp_forum_subforum_count":0},"product_brand":[],"product_cat":[384,429],"product_tag":[],"class_list":{"0":"post-18461","1":"product","2":"type-product","3":"status-publish","4":"has-post-thumbnail","6":"product_cat-capsulas-flora-nativa","7":"product_cat-promocoes","9":"first","10":"instock","11":"sale","12":"shipping-taxable","13":"purchasable","14":"product-type-simple"},"_links":{"self":[{"href":"https:\/\/lmprodutosnaturais.com.br\/loja\/wp-json\/wp\/v2\/product\/18461","targetHints":{"allow":["GET"]}}],"collection":[{"href":"https:\/\/lmprodutosnaturais.com.br\/loja\/wp-json\/wp\/v2\/product"}],"about":[{"href":"https:\/\/lmprodutosnaturais.com.br\/loja\/wp-json\/wp\/v2\/types\/product"}],"wp:featuredmedia":[{"embeddable":true,"href":"https:\/\/lmprodutosnaturais.com.br\/loja\/wp-json\/wp\/v2\/media\/18460"}],"wp:attachment":[{"href":"https:\/\/lmprodutosnaturais.com.br\/loja\/wp-json\/wp\/v2\/media?parent=18461"}],"wp:term":[{"taxonomy":"product_brand","embeddable":true,"href":"https:\/\/lmprodutosnaturais.com.br\/loja\/wp-json\/wp\/v2\/product_brand?post=18461"},{"taxonomy":"product_cat","embeddable":true,"href":"https:\/\/lmprodutosnaturais.com.br\/loja\/wp-json\/wp\/v2\/product_cat?post=18461"},{"taxonomy":"product_tag","embeddable":true,"href":"https:\/\/lmprodutosnaturais.com.br\/loja\/wp-json\/wp\/v2\/product_tag?post=18461"}],"curies":[{"name":"wp","href":"https:\/\/api.w.org\/{rel}","templated":true}]}}