{"id":18515,"date":"2024-05-27T12:18:28","date_gmt":"2024-05-27T15:18:28","guid":{"rendered":"https:\/\/lmprodutosnaturais.com.br\/loja\/produto\/multivitaminico-az-500-mg-60-caps-flora-nativa\/"},"modified":"2026-04-02T08:40:51","modified_gmt":"2026-04-02T11:40:51","slug":"multivitaminico-az-500-mg-60-caps-flora-nativa","status":"publish","type":"product","link":"https:\/\/lmprodutosnaturais.com.br\/loja\/produto\/multivitaminico-az-500-mg-60-caps-flora-nativa\/","title":{"rendered":"MULTIVITAMINICO AZ 500 MG 60 CAPS FLORA NATIVA"},"content":{"rendered":"<h3 class=\"wp-block-heading\">RECOMENDA\u00c7\u00c3O DE USO:<\/h3>\n<p>Ingerir 03 c\u00e1psulas ao dia.<\/p>\n<h3 class=\"wp-block-heading\">INFORMA\u00c7\u00c3O NUTRICIONAL:<\/h3>\n<p>Vitamina A 436,4 mcg (55% VD) \u2022 Vitamina B1 1,3 mg (108% VD) \u2022 Vitamina B2 1,4 mg (117% VD) \u2022 Niacina 17,5 mg (117% VD) \u2022 \u00c1cido Pantot\u00eanico 5,4 mg (108% VD) \u2022 Vitamina B6 1,4 mg (108% VD) \u2022 \u00c1cido F\u00f3lico 262 mcg (66% VD) \u2022 Vitamina B12 2,6 mcg (108% VD) \u2022 Vitamina C 49 mg (49% VD) \u2022 Vitamina D 5,4 mcg (36% VD) \u2022 Vitamina E 7,3 mg (49% VD) \u2022 Biotina 24mcg (80% VD) \u2022 Vitamina K 32,7 mcg (27% VD) \u2022 C\u00e1lcio 272,7 mg (27% VD) \u2022 Pot\u00e1ssio 349 mcg (10%VD) \u2022 Cobre 491 mcg (55% VD) \u2022 Cromo 19,6 mcg (56% VD) \u2022 Ferro 8,8 mg (63% VD) \u2022 F\u00f3sforo 136,4 mg (20% VD) \u2022 Iodo 36 mcg (24% VD) \u2022 Magn\u00e9sio 109 mg (26% VD) \u2022 Mangan\u00eas 1,3 mg (44% VD) \u2022 Molibd\u00eanio 25,1 mcg (56% VD) \u2022 Sel\u00eanio 21,8 mcg (36% VD) \u2022 Zinco 7,6 mg (69% VD*). * Percentual de valores di\u00e1rios fornecidos pela por\u00e7\u00e3o.<\/p>\n<h3 class=\"wp-block-heading\">INGREDIENTES:<\/h3>\n<p>Carbonato de C\u00e1lcio, Fosfato tric\u00e1lcico anidro (F\u00f3sforo), \u00d3xido de Magn\u00e9sio, \u00c1cido Asc\u00f3rbico (Vitamina C), Nicotinamida (Vitamina B3), Pirosfofato de Ferro, Sulfato de Zinco Monohidratado, Acetato de DL-Alfa-Tocoferol (Vitamina E), D-pantotenato de c\u00e1lcio (Vitamina B5), Riboflavona (Vitamina B2), Cloridrato de Piridoxina (Vitamina B6), Sulfato de Mangan\u00eas Monohidratado, Nitrato de Tiamina (Vitamina B1), Sulfato de Cobre Anidro, Palmitato Retinol (Vitamina A), Cloreto de Pot\u00e1ssio Anidro, \u00c1cido F\u00f3lico, Iodeto de Pot\u00e1ssio (Iodo), Fitomenadiona (Vitamina K), Molibidato de S\u00f3dio (Molibd\u00eanio), D-biotina (Vitamina H), Selenito de S\u00f3dio (Sel\u00eanio), Picolinato de Cromo, Colecalciferol (Vitamina D), Metilcobalamina (Vitamina B12), Amido de Milho, Di\u00f3xido de Sil\u00edcio (INS 551). Composi\u00e7\u00e3o da c\u00e1psula: Gelatina. N\u00c3O CONT\u00c9M GL\u00daTEN<\/p>\n<h3 class=\"wp-block-heading\">CONTE\u00daDO:<\/h3>\n<p>60 c\u00e1psulas<\/p>\n","protected":false},"excerpt":{"rendered":"<p>RECOMENDA\u00c7\u00c3O DE USO: Ingerir 03 c\u00e1psulas ao dia. INFORMA\u00c7\u00c3O NUTRICIONAL: Vitamina A 436,4 mcg (55% VD) \u2022 Vitamina B1 1,3 mg (108% VD) \u2022 Vitamina B2 1,4 mg (117% VD) \u2022 Niacina 17,5 mg (117% VD) \u2022 \u00c1cido Pantot\u00eanico 5,4 &hellip; <a href=\"https:\/\/lmprodutosnaturais.com.br\/loja\/produto\/multivitaminico-az-500-mg-60-caps-flora-nativa\/\">Readmore<\/a><\/p>\n","protected":false},"featured_media":18516,"template":"","meta":{"_bbp_topic_count":0,"_bbp_reply_count":0,"_bbp_total_topic_count":0,"_bbp_total_reply_count":0,"_bbp_voice_count":0,"_bbp_anonymous_reply_count":0,"_bbp_topic_count_hidden":0,"_bbp_reply_count_hidden":0,"_bbp_forum_subforum_count":0},"product_brand":[],"product_cat":[384],"product_tag":[],"class_list":{"0":"post-18515","1":"product","2":"type-product","3":"status-publish","4":"has-post-thumbnail","6":"product_cat-capsulas-flora-nativa","8":"first","9":"instock","10":"shipping-taxable","11":"purchasable","12":"product-type-simple"},"_links":{"self":[{"href":"https:\/\/lmprodutosnaturais.com.br\/loja\/wp-json\/wp\/v2\/product\/18515","targetHints":{"allow":["GET"]}}],"collection":[{"href":"https:\/\/lmprodutosnaturais.com.br\/loja\/wp-json\/wp\/v2\/product"}],"about":[{"href":"https:\/\/lmprodutosnaturais.com.br\/loja\/wp-json\/wp\/v2\/types\/product"}],"wp:featuredmedia":[{"embeddable":true,"href":"https:\/\/lmprodutosnaturais.com.br\/loja\/wp-json\/wp\/v2\/media\/18516"}],"wp:attachment":[{"href":"https:\/\/lmprodutosnaturais.com.br\/loja\/wp-json\/wp\/v2\/media?parent=18515"}],"wp:term":[{"taxonomy":"product_brand","embeddable":true,"href":"https:\/\/lmprodutosnaturais.com.br\/loja\/wp-json\/wp\/v2\/product_brand?post=18515"},{"taxonomy":"product_cat","embeddable":true,"href":"https:\/\/lmprodutosnaturais.com.br\/loja\/wp-json\/wp\/v2\/product_cat?post=18515"},{"taxonomy":"product_tag","embeddable":true,"href":"https:\/\/lmprodutosnaturais.com.br\/loja\/wp-json\/wp\/v2\/product_tag?post=18515"}],"curies":[{"name":"wp","href":"https:\/\/api.w.org\/{rel}","templated":true}]}}