{"id":18627,"date":"2024-06-20T12:01:33","date_gmt":"2024-06-20T15:01:33","guid":{"rendered":"https:\/\/lmprodutosnaturais.com.br\/loja\/produto\/zinco-cobre-quelato-60-caps-flora-nativa\/"},"modified":"2026-04-02T12:28:25","modified_gmt":"2026-04-02T15:28:25","slug":"zinco-cobre-quelato-60-caps-flora-nativa","status":"publish","type":"product","link":"https:\/\/lmprodutosnaturais.com.br\/loja\/produto\/zinco-cobre-quelato-60-caps-flora-nativa\/","title":{"rendered":"ZINCO + COBRE QUELATO 60 CAPS FLORA NATIVA"},"content":{"rendered":"<h3 class=\"wp-block-heading\">RECOMENDA\u00c7\u00c3O DE USO:<\/h3>\n<p>Ingerir 1 c\u00e1psula ao dia, ou conforme orienta\u00e7\u00e3o profissional.<\/p>\n<h3 class=\"wp-block-heading\">INFORMA\u00c7\u00c3O NUTRICIONAL:<\/h3>\n<p>Zinco 29mg (263% VD<em>) \u2022 Cobre 1900mcg (211% VD<\/em>). * Percentual de valores di\u00e1rios fornecidos pela por\u00e7\u00e3o<\/p>\n<h3 class=\"wp-block-heading\">INGREDIENTES:<\/h3>\n<p>Bisglicinato de Zinco, Bisglicinato de Cobre, Antiumectantes: Silicato de Magn\u00e9sio, Estearato de Magn\u00e9sio e Di\u00f3xido de Sil\u00edcio. Composi\u00e7\u00e3o da c\u00e1psula: Gelatina.\u00a0<strong>N\u00c3O CONT\u00c9M GL\u00daTEN.<\/strong><\/p>\n<h3 class=\"wp-block-heading\">CONTE\u00daDO:<\/h3>\n<p>60 C\u00e1psulas.<\/p>\n","protected":false},"excerpt":{"rendered":"<p>RECOMENDA\u00c7\u00c3O DE USO: Ingerir 1 c\u00e1psula ao dia, ou conforme orienta\u00e7\u00e3o profissional. INFORMA\u00c7\u00c3O NUTRICIONAL: Zinco 29mg (263% VD) \u2022 Cobre 1900mcg (211% VD). * Percentual de valores di\u00e1rios fornecidos pela por\u00e7\u00e3o INGREDIENTES: Bisglicinato de Zinco, Bisglicinato de Cobre, Antiumectantes: Silicato &hellip; <a href=\"https:\/\/lmprodutosnaturais.com.br\/loja\/produto\/zinco-cobre-quelato-60-caps-flora-nativa\/\">Readmore<\/a><\/p>\n","protected":false},"featured_media":18626,"template":"","meta":{"_bbp_topic_count":0,"_bbp_reply_count":0,"_bbp_total_topic_count":0,"_bbp_total_reply_count":0,"_bbp_voice_count":0,"_bbp_anonymous_reply_count":0,"_bbp_topic_count_hidden":0,"_bbp_reply_count_hidden":0,"_bbp_forum_subforum_count":0},"product_brand":[],"product_cat":[384,429],"product_tag":[],"class_list":{"0":"post-18627","1":"product","2":"type-product","3":"status-publish","4":"has-post-thumbnail","6":"product_cat-capsulas-flora-nativa","7":"product_cat-promocoes","9":"first","10":"instock","11":"sale","12":"shipping-taxable","13":"purchasable","14":"product-type-simple"},"_links":{"self":[{"href":"https:\/\/lmprodutosnaturais.com.br\/loja\/wp-json\/wp\/v2\/product\/18627","targetHints":{"allow":["GET"]}}],"collection":[{"href":"https:\/\/lmprodutosnaturais.com.br\/loja\/wp-json\/wp\/v2\/product"}],"about":[{"href":"https:\/\/lmprodutosnaturais.com.br\/loja\/wp-json\/wp\/v2\/types\/product"}],"wp:featuredmedia":[{"embeddable":true,"href":"https:\/\/lmprodutosnaturais.com.br\/loja\/wp-json\/wp\/v2\/media\/18626"}],"wp:attachment":[{"href":"https:\/\/lmprodutosnaturais.com.br\/loja\/wp-json\/wp\/v2\/media?parent=18627"}],"wp:term":[{"taxonomy":"product_brand","embeddable":true,"href":"https:\/\/lmprodutosnaturais.com.br\/loja\/wp-json\/wp\/v2\/product_brand?post=18627"},{"taxonomy":"product_cat","embeddable":true,"href":"https:\/\/lmprodutosnaturais.com.br\/loja\/wp-json\/wp\/v2\/product_cat?post=18627"},{"taxonomy":"product_tag","embeddable":true,"href":"https:\/\/lmprodutosnaturais.com.br\/loja\/wp-json\/wp\/v2\/product_tag?post=18627"}],"curies":[{"name":"wp","href":"https:\/\/api.w.org\/{rel}","templated":true}]}}