{"id":18639,"date":"2024-06-20T12:21:23","date_gmt":"2024-06-20T15:21:23","guid":{"rendered":"https:\/\/lmprodutosnaturais.com.br\/loja\/produto\/imunitrix-vit-c-d3-zinco-30ml-sabor-morango-kids-flora-nativa-do-brasil\/"},"modified":"2026-04-02T17:40:27","modified_gmt":"2026-04-02T20:40:27","slug":"imunitrix-vit-c-d3-zinco-30ml-sabor-morango-kids-flora-nativa-do-brasil","status":"publish","type":"product","link":"https:\/\/lmprodutosnaturais.com.br\/loja\/produto\/imunitrix-vit-c-d3-zinco-30ml-sabor-morango-kids-flora-nativa-do-brasil\/","title":{"rendered":"IMUNITRIX (VIT. C + D3 + ZINCO) 30ML (MORANGO) KIDS FLORA NATIVA"},"content":{"rendered":"<p class=\"has-medium-font-size\"><strong>Imunitrix combina vitamina C, D3 e Zinco, nutrientes que auxiliam no bom funcionamento do sistema imune.<\/strong><\/p>\n<h3 class=\"wp-block-heading\">RECOMENDA\u00c7\u00c3O DE USO:<\/h3>\n<p>Ingerir 20 gotas por dia, ou conforme orienta\u00e7\u00e3o profissional.<\/p>\n<h3 class=\"wp-block-heading\">INFORMA\u00c7\u00d5ES NUTRICIONAIS:<\/h3>\n<p>Vitamina D 15mcg (100% VD* 4 a 18 anos) \u2022 Vitamina C 75mg (300% VD* 4 a 8 anos \/ 100% VD* 9 a 18 anos) \u2022 Zinco 7mg (140% VD* 4 a 8 anos \/ 63% VD* 9 a 18 anos)<\/p>\n<ul class=\"wp-block-list\">\n<li>Percentual de valores di\u00e1rios fornecidos pela por\u00e7\u00e3o<\/li>\n<\/ul>\n<h3 class=\"wp-block-heading\">INGREDIENTES:<\/h3>\n<p>\u00c1cido Asc\u00f3rbico (Vitamina C), Bisglicinato de Zinco, Colecalciferol (Vitamina D3), \u00c1gua Purificada, Glicerina Vegetal, \u00c1cido C\u00edtrico e Aroma Natural de Morango.\u00a0<strong>N\u00c3O CONT\u00c9M GL\u00daTEN<\/strong>.<\/p>\n<h3 class=\"wp-block-heading\">CONTE\u00daDO:<\/h3>\n<p>Gotas 30ml<\/p>\n","protected":false},"excerpt":{"rendered":"<p>Imunitrix combina vitamina C, D3 e Zinco, nutrientes que auxiliam no bom funcionamento do sistema imune. RECOMENDA\u00c7\u00c3O DE USO: Ingerir 20 gotas por dia, ou conforme orienta\u00e7\u00e3o profissional. INFORMA\u00c7\u00d5ES NUTRICIONAIS: Vitamina D 15mcg (100% VD* 4 a 18 anos) \u2022 &hellip; <a href=\"https:\/\/lmprodutosnaturais.com.br\/loja\/produto\/imunitrix-vit-c-d3-zinco-30ml-sabor-morango-kids-flora-nativa-do-brasil\/\">Readmore<\/a><\/p>\n","protected":false},"featured_media":18638,"template":"","meta":{"_bbp_topic_count":0,"_bbp_reply_count":0,"_bbp_total_topic_count":0,"_bbp_total_reply_count":0,"_bbp_voice_count":0,"_bbp_anonymous_reply_count":0,"_bbp_topic_count_hidden":0,"_bbp_reply_count_hidden":0,"_bbp_forum_subforum_count":0},"product_brand":[],"product_cat":[384],"product_tag":[],"class_list":{"0":"post-18639","1":"product","2":"type-product","3":"status-publish","4":"has-post-thumbnail","6":"product_cat-capsulas-flora-nativa","8":"first","9":"instock","10":"shipping-taxable","11":"purchasable","12":"product-type-simple"},"_links":{"self":[{"href":"https:\/\/lmprodutosnaturais.com.br\/loja\/wp-json\/wp\/v2\/product\/18639","targetHints":{"allow":["GET"]}}],"collection":[{"href":"https:\/\/lmprodutosnaturais.com.br\/loja\/wp-json\/wp\/v2\/product"}],"about":[{"href":"https:\/\/lmprodutosnaturais.com.br\/loja\/wp-json\/wp\/v2\/types\/product"}],"wp:featuredmedia":[{"embeddable":true,"href":"https:\/\/lmprodutosnaturais.com.br\/loja\/wp-json\/wp\/v2\/media\/18638"}],"wp:attachment":[{"href":"https:\/\/lmprodutosnaturais.com.br\/loja\/wp-json\/wp\/v2\/media?parent=18639"}],"wp:term":[{"taxonomy":"product_brand","embeddable":true,"href":"https:\/\/lmprodutosnaturais.com.br\/loja\/wp-json\/wp\/v2\/product_brand?post=18639"},{"taxonomy":"product_cat","embeddable":true,"href":"https:\/\/lmprodutosnaturais.com.br\/loja\/wp-json\/wp\/v2\/product_cat?post=18639"},{"taxonomy":"product_tag","embeddable":true,"href":"https:\/\/lmprodutosnaturais.com.br\/loja\/wp-json\/wp\/v2\/product_tag?post=18639"}],"curies":[{"name":"wp","href":"https:\/\/api.w.org\/{rel}","templated":true}]}}