{"id":18643,"date":"2024-06-20T12:22:59","date_gmt":"2024-06-20T15:22:59","guid":{"rendered":"https:\/\/lmprodutosnaturais.com.br\/loja\/produto\/homem-40-1000mg-60-caps-flora-nativa-do-brasil\/"},"modified":"2026-03-31T09:34:06","modified_gmt":"2026-03-31T12:34:06","slug":"homem-40-1000mg-60-caps-flora-nativa-do-brasil","status":"publish","type":"product","link":"https:\/\/lmprodutosnaturais.com.br\/loja\/produto\/homem-40-1000mg-60-caps-flora-nativa-do-brasil\/","title":{"rendered":"HOMEM +40 1000MG 60 CAPS FLORA NATIVA DO BRASIL"},"content":{"rendered":"<p>Ap\u00f3s os 40 anos, os homens podem ser mais suscet\u00edveis a problemas de sa\u00fade relacionados ao envelhecimento, como doen\u00e7as card\u00edacas, hipertens\u00e3o, dist\u00farbios hormonais e quest\u00f5es relacionadas a pr\u00f3stata. Homem + 40 combina nutrientes que podem desempenhar papel importante na sa\u00fade masculina, contribuindo para uma vida de qualidade.<\/p>\n<h3 class=\"wp-block-heading\">Recomenda\u00e7\u00e3o de uso:<\/h3>\n<p>Ingerir 2 c\u00e1psulas ao dia.<\/p>\n<h3 class=\"wp-block-heading\">Conte\u00fado:<\/h3>\n<p>60 C\u00e1psulas.<\/p>\n<h3 class=\"wp-block-heading\">Informa\u00e7\u00e3o nutricional:<\/h3>\n<p>Valor energ\u00e9tico 19 Kcal (1% *VD) \u2022 Gorduras totais 2g (3% *VD) \u2022 Gord saturadas 0,3g (2% *VD) \u2022 Gord monoinsaturadas 0,5g (3% *VD) \u2022 Gord poli-insaturadas 1g (5% *VD) \u2022 Vitamina E 15mg (100% *VD) \u2022 Sel\u00eanio 60mcg (100% *VD) \u2022 Zinco 11mg (100% *VD) \u2022 Licopeno 8mg<\/p>\n<p>* Percentual de valores di\u00e1rios fornecidos pela por\u00e7\u00e3o.<\/p>\n<h3 class=\"wp-block-heading\">Ingredientes:<\/h3>\n<p>\u00d3leo de semente de Ab\u00f3bora, Licopeno sint\u00e9tico, Bisglicinato de Zinco, Acetato de DL- alfa tocoferol (Vitamina E), L-Selenometionina. Composi\u00e7\u00e3o da c\u00e1psula: gelatina, \u00e1gua purificada, umectante glicerina, sorbitol e corante red.<\/p>\n","protected":false},"excerpt":{"rendered":"<p>Ap\u00f3s os 40 anos, os homens podem ser mais suscet\u00edveis a problemas de sa\u00fade relacionados ao envelhecimento, como doen\u00e7as card\u00edacas, hipertens\u00e3o, dist\u00farbios hormonais e quest\u00f5es relacionadas a pr\u00f3stata. Homem + 40 combina nutrientes que podem desempenhar papel importante na sa\u00fade &hellip; <a href=\"https:\/\/lmprodutosnaturais.com.br\/loja\/produto\/homem-40-1000mg-60-caps-flora-nativa-do-brasil\/\">Readmore<\/a><\/p>\n","protected":false},"featured_media":18642,"template":"","meta":{"_bbp_topic_count":0,"_bbp_reply_count":0,"_bbp_total_topic_count":0,"_bbp_total_reply_count":0,"_bbp_voice_count":0,"_bbp_anonymous_reply_count":0,"_bbp_topic_count_hidden":0,"_bbp_reply_count_hidden":0,"_bbp_forum_subforum_count":0},"product_brand":[],"product_cat":[384],"product_tag":[],"class_list":{"0":"post-18643","1":"product","2":"type-product","3":"status-publish","4":"has-post-thumbnail","6":"product_cat-capsulas-flora-nativa","8":"first","9":"outofstock","10":"shipping-taxable","11":"purchasable","12":"product-type-simple"},"_links":{"self":[{"href":"https:\/\/lmprodutosnaturais.com.br\/loja\/wp-json\/wp\/v2\/product\/18643","targetHints":{"allow":["GET"]}}],"collection":[{"href":"https:\/\/lmprodutosnaturais.com.br\/loja\/wp-json\/wp\/v2\/product"}],"about":[{"href":"https:\/\/lmprodutosnaturais.com.br\/loja\/wp-json\/wp\/v2\/types\/product"}],"wp:featuredmedia":[{"embeddable":true,"href":"https:\/\/lmprodutosnaturais.com.br\/loja\/wp-json\/wp\/v2\/media\/18642"}],"wp:attachment":[{"href":"https:\/\/lmprodutosnaturais.com.br\/loja\/wp-json\/wp\/v2\/media?parent=18643"}],"wp:term":[{"taxonomy":"product_brand","embeddable":true,"href":"https:\/\/lmprodutosnaturais.com.br\/loja\/wp-json\/wp\/v2\/product_brand?post=18643"},{"taxonomy":"product_cat","embeddable":true,"href":"https:\/\/lmprodutosnaturais.com.br\/loja\/wp-json\/wp\/v2\/product_cat?post=18643"},{"taxonomy":"product_tag","embeddable":true,"href":"https:\/\/lmprodutosnaturais.com.br\/loja\/wp-json\/wp\/v2\/product_tag?post=18643"}],"curies":[{"name":"wp","href":"https:\/\/api.w.org\/{rel}","templated":true}]}}