{"id":18660,"date":"2024-06-21T16:55:31","date_gmt":"2024-06-21T19:55:31","guid":{"rendered":"https:\/\/lmprodutosnaturais.com.br\/loja\/produto\/feno-grego-testofen-60caps-flora-nativa\/"},"modified":"2026-04-02T10:27:57","modified_gmt":"2026-04-02T13:27:57","slug":"feno-grego-testofen-60caps-flora-nativa","status":"publish","type":"product","link":"https:\/\/lmprodutosnaturais.com.br\/loja\/produto\/feno-grego-testofen-60caps-flora-nativa\/","title":{"rendered":"FENO GREGO (TESTOFEN) 60CAPS FLORA NATIVA"},"content":{"rendered":"<p><strong>O feno-grego \u00e9 uma planta herb\u00e1cea (planta de caules verdes e moles que geralmente morrem no final da esta\u00e7\u00e3o de crescimento) da fam\u00edlia Fabaceae, cientificamente conhecida como Trigonella foenum-graecum. Origin\u00e1ria da regi\u00e3o do Mediterr\u00e2neo, \u00e9 cultivada em v\u00e1rias partes do mundo por suas sementes e folhas comest\u00edveis, al\u00e9m de suas propriedades medicinais.<\/strong><\/p>\n<p><strong>O extrato padronizado de feno-grego garante uma concentra\u00e7\u00e3o mais elevada dos compostos ativos da planta, como saponinas, do que a encontrada nas sementes inteiras ou em p\u00f3. Testofen &#8211; Extrato de semente de feno-grego padronizado em 50%-75% de saponinas (marcador patenteado Fenuside\u00ae\ufe0f).<\/strong><\/p>\n<p><strong>O que \u00e9<\/strong>: a padroniza\u00e7\u00e3o \u00e9 um processo de v\u00e1rias etapas que visa garantir que um extrato de planta ou subst\u00e2ncia natural contenha uma quantidade espec\u00edfica dos compostos ativos desejados. Ao padronizar um extrato, podemos garantir que cada lote contenha uma quantidade previs\u00edvel e consistente dos compostos ativos, o que permite um controle de qualidade mais rigoroso e resultados mais confi\u00e1veis.<\/p>\n<h3 class=\"wp-block-heading\">Recomenda\u00e7\u00e3o de uso:<\/h3>\n<p>Ingerir 2 c\u00e1psulas ao dia, ou conforme orienta\u00e7\u00e3o de m\u00e9dico e\/ou nutricionista.<\/p>\n<h3 class=\"wp-block-heading\">Informa\u00e7\u00e3o nutricional:<\/h3>\n<p>Saponinas (glicos\u00eddeos de furostanol) 300mg. *Percentual de valores di\u00e1rios fornecidos pela por\u00e7\u00e3o.<\/p>\n<h3 class=\"wp-block-heading\">Igredientes:<\/h3>\n<p>Extrato de Semente de Feno Grego (Trigonella foenum- graecum L.)Testofen\u00a9, Antiumectantes: Di\u00f3xido de Sil\u00edcio, Celulose Microcristalina e Estearato de magn\u00e9sio. Composi\u00e7\u00e3o da c\u00e1psula: Gelatina.\u00a0<strong>N\u00c3O CONT\u00c9M GL\u00daTEN.<\/strong><\/p>\n<h3 class=\"wp-block-heading\">Conte\u00fado:<\/h3>\n<p>60 C\u00e1psulas.<\/p>\n<div class=\"wp-block-spacer\" aria-hidden=\"true\"><\/div>\n<div class=\"wp-block-image\">\n<figure class=\"aligncenter size-full is-resized\"><img loading=\"lazy\" decoding=\"async\" class=\"wp-image-10579\" src=\"https:\/\/floranativadobrasil.com.br\/wp-content\/uploads\/2024\/06\/grafico-testosterona-livre.png\" sizes=\"auto, (max-width: 855px) 100vw, 855px\" srcset=\"https:\/\/floranativadobrasil.com.br\/wp-content\/uploads\/2024\/06\/grafico-testosterona-livre.png 855w, https:\/\/floranativadobrasil.com.br\/wp-content\/uploads\/2024\/06\/grafico-testosterona-livre-300x147.png 300w, https:\/\/floranativadobrasil.com.br\/wp-content\/uploads\/2024\/06\/grafico-testosterona-livre-768x376.png 768w\" alt=\"LM Distribuidora - Produtos Naturais\" width=\"855\" height=\"419\" title=\"LM Distribuidora - Produtos Naturais\"><\/figure>\n<\/div>\n<p class=\"has-text-align-center\"><strong>O consumo de Testofen\u00ae aumentou os n\u00edveis de testosterona livre ap\u00f3s 8 semanas de suplementa\u00e7\u00e3o:<\/strong><\/p>\n","protected":false},"excerpt":{"rendered":"<p>O feno-grego \u00e9 uma planta herb\u00e1cea (planta de caules verdes e moles que geralmente morrem no final da esta\u00e7\u00e3o de crescimento) da fam\u00edlia Fabaceae, cientificamente conhecida como Trigonella foenum-graecum. Origin\u00e1ria da regi\u00e3o do Mediterr\u00e2neo, \u00e9 cultivada em v\u00e1rias partes do &hellip; <a href=\"https:\/\/lmprodutosnaturais.com.br\/loja\/produto\/feno-grego-testofen-60caps-flora-nativa\/\">Readmore<\/a><\/p>\n","protected":false},"featured_media":18659,"template":"","meta":{"_bbp_topic_count":0,"_bbp_reply_count":0,"_bbp_total_topic_count":0,"_bbp_total_reply_count":0,"_bbp_voice_count":0,"_bbp_anonymous_reply_count":0,"_bbp_topic_count_hidden":0,"_bbp_reply_count_hidden":0,"_bbp_forum_subforum_count":0},"product_brand":[],"product_cat":[384,431,429],"product_tag":[],"class_list":{"0":"post-18660","1":"product","2":"type-product","3":"status-publish","4":"has-post-thumbnail","6":"product_cat-capsulas-flora-nativa","7":"product_cat-lancamentos","8":"product_cat-promocoes","10":"first","11":"instock","12":"sale","13":"shipping-taxable","14":"purchasable","15":"product-type-simple"},"_links":{"self":[{"href":"https:\/\/lmprodutosnaturais.com.br\/loja\/wp-json\/wp\/v2\/product\/18660","targetHints":{"allow":["GET"]}}],"collection":[{"href":"https:\/\/lmprodutosnaturais.com.br\/loja\/wp-json\/wp\/v2\/product"}],"about":[{"href":"https:\/\/lmprodutosnaturais.com.br\/loja\/wp-json\/wp\/v2\/types\/product"}],"wp:featuredmedia":[{"embeddable":true,"href":"https:\/\/lmprodutosnaturais.com.br\/loja\/wp-json\/wp\/v2\/media\/18659"}],"wp:attachment":[{"href":"https:\/\/lmprodutosnaturais.com.br\/loja\/wp-json\/wp\/v2\/media?parent=18660"}],"wp:term":[{"taxonomy":"product_brand","embeddable":true,"href":"https:\/\/lmprodutosnaturais.com.br\/loja\/wp-json\/wp\/v2\/product_brand?post=18660"},{"taxonomy":"product_cat","embeddable":true,"href":"https:\/\/lmprodutosnaturais.com.br\/loja\/wp-json\/wp\/v2\/product_cat?post=18660"},{"taxonomy":"product_tag","embeddable":true,"href":"https:\/\/lmprodutosnaturais.com.br\/loja\/wp-json\/wp\/v2\/product_tag?post=18660"}],"curies":[{"name":"wp","href":"https:\/\/api.w.org\/{rel}","templated":true}]}}